{"id":1695,"date":"2016-09-26T20:44:28","date_gmt":"2016-09-26T20:44:28","guid":{"rendered":"https:\/\/unusualblends.com\/bebida-infusion\/"},"modified":"2020-06-26T12:18:00","modified_gmt":"2020-06-26T12:18:00","slug":"bebida-infusion","status":"publish","type":"page","link":"https:\/\/unusualblends.com\/en\/","title":{"rendered":"Home"},"content":{"rendered":"<div class=\"wpb-content-wrapper\"><p>[vc_row thb_full_width=&#8221;true&#8221; thb_row_padding=&#8221;true&#8221; thb_column_padding=&#8221;true&#8221; thb_scroll_bottom=&#8221;true&#8221; thb_scroll_bottom_style=&#8221;style3&#8243; thb_scroll_bottom_color=&#8221;light&#8221; thb_divider_position=&#8221;bottom&#8221;][vc_column][rev_slider_vc alias=&#8221;home&#8221; el_class=&#8221;rev-mb0&#8243;][\/vc_column][\/vc_row][vc_row thb_full_width=&#8221;true&#8221; thb_row_padding=&#8221;true&#8221; thb_column_padding=&#8221;true&#8221; full_height=&#8221;yes&#8221; thb_divider_position=&#8221;bottom&#8221; css=&#8221;.vc_custom_1531136977901{background-color: #fccac3 !important;background-position: center !important;background-repeat: no-repeat !important;background-size: cover !important;}&#8221; el_class=&#8221;align-center&#8221; el_id=&#8221;background-p2&#8243;][vc_column width=&#8221;1\/3&#8243; offset=&#8221;vc_col-lg-offset-3 vc_col-lg-3 vc_col-md-offset-3 vc_col-md-3 vc_col-sm-offset-3 vc_col-xs-10&#8243;][vc_raw_html]JTIwJTIwJTNDZGl2JTIwY2xhc3MlM0QlMjJwb3NpdGlvbi1yZWxhdGl2ZSUyMiUyMHN0eWxlJTNEJTIycGFkZGluZyUzQSUyMDMwcHglMjAyMHB4JTNCJTIyJTNFJTBBJTNDZGl2JTIwY2xhc3MlM0QlMjJ0b3AtYm9yZGVyJTIwdG9wLWJvcmRlci1zdHlsZS0yJTIyJTNFJTNDJTJGZGl2JTNFJTBBJTIwJTIwJTNDZGl2JTIwY2xhc3MlM0QlMjJib3R0b20tYm9yZGVyJTIwYm90dG9tLWJvcmRlci1zdHlsZS0yJTIyJTNFJTNDJTJGZGl2JTNFJTBBJTNDcCUyMHN0eWxlJTNEJTIydGV4dC1hbGlnbiUzQSUyMGNlbnRlciUzQiUyMCUyMGxpbmUtaGVpZ2h0JTNBMi4xZW0lM0IlMjBjb2xvciUzQSUyMCUyM2ZmZiUzQiUyMG1hcmdpbi1ib3R0b20lM0EyMHB4JTNCJTIyJTNFJTNDc3Ryb25nJTNFQ0hJQ0ElMjBpcyUyMHRoZSUyMGZpcnN0JTIwcHJlbWl1bSUyMG9yZ2FuaWMlMjBkcmluayUyMGluJTIwdGhlJTIwd29ybGQlMjBibGVuZGluZyUyMG9saXZlJTIwbGVhdmVzJTJDJTIwbWVkaXRlcnJhbmVhbiUyMGhlcmJzJTIwYW5kJTIwbmF0dXJhbCUyMG9yZ2FuaWMlMjBmcnVpdCUyMGp1aWNlcy4lM0NzdHJvbmclM0UlM0MlMkZwJTNFJTBBJTBBJTNDJTJGZGl2JTNF[\/vc_raw_html][vc_btn title=&#8221;KNOW THEM&#8221; style=&#8221;outline-custom&#8221; outline_custom_color=&#8221;#ffffff&#8221; outline_custom_hover_background=&#8221;#ffffff&#8221; outline_custom_hover_text=&#8221;#b17878&#8243; shape=&#8221;square&#8221; size=&#8221;lg&#8221; align=&#8221;center&#8221; el_class=&#8221;btn-big&#8221; link=&#8221;url:%2Fen%2Fthe-product|||&#8221;][\/vc_column][\/vc_row][vc_row thb_full_width=&#8221;true&#8221; thb_row_padding=&#8221;true&#8221; thb_column_padding=&#8221;true&#8221; thb_divider_position=&#8221;bottom&#8221; el_id=&#8221;bottles-dk&#8221;][vc_column offset=&#8221;vc_hidden-sm vc_hidden-xs&#8221;][rev_slider_vc alias=&#8221;home-bottles&#8221; el_class=&#8221;rev-mb0&#8243;][\/vc_column][\/vc_row][vc_row thb_full_width=&#8221;true&#8221; thb_row_padding=&#8221;true&#8221; thb_column_padding=&#8221;true&#8221; thb_divider_position=&#8221;bottom&#8221;][vc_column offset=&#8221;vc_hidden-lg vc_hidden-md&#8221;][rev_slider_vc alias=&#8221;home-bottles-mobile&#8221; el_class=&#8221;rev-mb0&#8243;][\/vc_column][\/vc_row][vc_row thb_full_width=&#8221;true&#8221; full_height=&#8221;yes&#8221; content_placement=&#8221;middle&#8221; thb_divider_position=&#8221;bottom&#8221; css=&#8221;.vc_custom_1553682032151{background-position: center !important;background-repeat: no-repeat !important;background-size: cover !important;}&#8221; el_class=&#8221;giftbox&#8221;][vc_column fixed=&#8221;thb-fixed&#8221; width=&#8221;7\/12&#8243; animation=&#8221;animation top-to-bottom&#8221; offset=&#8221;vc_col-lg-6 vc_col-md-6 vc_col-sm-offset-1 vc_col-xs-12&#8243;][vc_column_text]<img loading=\"lazy\" decoding=\"async\" class=\"alignnone size-full wp-image-2219\" src=\"https:\/\/unusualblends.com\/wp-content\/uploads\/2019\/03\/ingles-prod.png\" alt=\"\" width=\"400\" height=\"82\" \/>[\/vc_column_text][vc_empty_space height=&#8221;10px&#8221; el_class=&#8221;sep50vh&#8221;][vc_column_text el_class=&#8221;color-white &#8220;]<\/p>\n<h3 class=\"cajas-title\"><strong>OFFER HEALTH, EXCLUSIVITY &amp; ELEGANCE<\/strong><\/h3>\n<p>[\/vc_column_text]\t<a class=\"btn thb-text-style  white animation bottom-to-top \" href=\"https:\/\/unusualblends.com\/en\/gift-boxes\/\" target=\"_self\" role=\"button\" title=\"SEE MORE\"><span>SEE MORE<\/span><\/a>\n  \n  [\/vc_column][\/vc_row][vc_row thb_full_width=&#8221;true&#8221; thb_row_padding=&#8221;true&#8221; thb_column_padding=&#8221;true&#8221; full_height=&#8221;yes&#8221; content_placement=&#8221;middle&#8221; thb_divider_position=&#8221;bottom&#8221; css=&#8221;.vc_custom_1530304330938{padding-top: 0px !important;padding-bottom: 0px !important;background-image: url(https:\/\/unusualblends.com\/wp-content\/uploads\/2018\/06\/bg-3.jpg?id=411) !important;background-position: center !important;background-repeat: no-repeat !important;background-size: cover !important;}&#8221; el_class=&#8221;align-left&#8221;][vc_column fixed=&#8221;thb-fixed&#8221; width=&#8221;1\/2&#8243; css=&#8221;.vc_custom_1530170700253{padding-top: 100vh !important;background-image: url(https:\/\/unusualblends.com\/wp-content\/uploads\/2018\/06\/365-1024&#215;683-1.jpg?id=788) !important;background-position: center !important;background-repeat: no-repeat !important;background-size: cover !important;}&#8221; el_class=&#8221;mobile-height-30vh&#8221;][\/vc_column][vc_column width=&#8221;1\/3&#8243; offset=&#8221;vc_col-lg-offset-1 vc_col-lg-4 vc_col-md-offset-1 vc_col-md-4 vc_col-xs-offset-1 vc_col-xs-10&#8243; css=&#8221;.vc_custom_1530171065451{padding-top: 40px !important;padding-bottom: 40px !important;}&#8221;][vc_raw_html]JTIwJTIwJTNDZGl2JTIwY2xhc3MlM0QlMjJwb3NpdGlvbi1yZWxhdGl2ZSUyMiUyMHN0eWxlJTNEJTIycGFkZGluZyUzQSUyMDMwcHglMjAyMHB4JTNCJTIyJTNFJTBBJTNDZGl2JTIwY2xhc3MlM0QlMjJ0b3AtYm9yZGVyJTIwdG9wLWJvcmRlci1zdHlsZS0xJTIyJTNFJTNDJTJGZGl2JTNFJTBBJTIwJTIwJTNDZGl2JTIwY2xhc3MlM0QlMjJib3R0b20tYm9yZGVyJTIwYm90dG9tLWJvcmRlci1zdHlsZS0xJTIyJTNFJTNDJTJGZGl2JTNFJTBBJTNDcCUyMHN0eWxlJTNEJTIydGV4dC1hbGlnbiUzQSUyMGNlbnRlciUzQiUyMGNvbG9yJTNBJTIwJTIzNjczNTY3JTNCJTIwbWFyZ2luLWJvdHRvbSUzQTBweCUzQiUyMGZvbnQtd2VpZ2h0JTNBMzAwJTNCJTIyJTNFJTNDZW0lM0VTYXZvdXJpbmclMjAlM0NzcGFuJTIwY2xhc3MlM0QlMjJmb250LWNvcnBvcmF0ZSUyMiUyMHN0eWxlJTNEJTIyZm9udC1zdHlsZSUzQW5vcm1hbCUzQiUyMGNvbG9yJTNBJTIzNjczNTY3JTNCJTIwZm9udC13ZWlnaHQlM0Fib2xkJTNCJTIyJTIwJTNFQ0hJQ0ElM0MlMkZzcGFuJTNFJTIwbWVhbnMlMjBnb2luZyUyMHRvJTIwYSUyMHVuaXF1ZSUyMHNlbnNvcnklMjB1bml2ZXJzZSUyQyUyMHRyYXZlbGxpbmclMjB3aXRoJTIwaXRzJTIwZmxhdm91cnMlMjBhbmQlMjBzbWVsbHMlMjB0byUyMGdyZWVuJTIwZmllbGRzJTIwb2YlMjBvbGl2ZSUyMHRyZWVzJTJDJTIwZmx5aW5nJTIwbGlrZSUyMGElMjBiZWUlMjB0aHJvdWdoJTIwc2NlbnRlZCUyMGxhdmVuZGVyJTIwcGxhbnRhdGlvbnMlMkMlMjBhcmlzaW5nJTIwYW1vbmdzdCUyMHJvc2VtYXJ5JTIwYW5kJTIwdGh5bWUlMkMlMjB2aXN1YWxpc2luZyUyMHRoZSUyMG9yYW5nZS1jb2xvdXJlZCUyMG1hbmRhcmlucyUyMGFuZCUyMGFwcmljb3RzJTJDJTIwZmVlbGluZyUyMHRoZSUyMGNpdHJpYyUyMHN3ZWV0bmVzcyUyMG9mJTIwbGVtb25zJTIwYW5kJTIwYmVpbmclMjBzdXJyb3VuZGVkJTIwYnklMjB0aGUlMjBzbWVsbCUyMG9mJTIwYmFzaWwlMjBhbmQlMjBtaW50LiUzQyUyRmVtJTNFJTNDJTJGcCUzRSUwQSUzQyUyRmRpdiUzRQ==[\/vc_raw_html][vc_btn title=&#8221;WHO WE ARE&#8221; style=&#8221;outline-custom&#8221; outline_custom_color=&#8221;#b17878&#8243; outline_custom_hover_background=&#8221;#ffffff&#8221; outline_custom_hover_text=&#8221;#b17878&#8243; shape=&#8221;square&#8221; size=&#8221;lg&#8221; align=&#8221;center&#8221; el_class=&#8221;btn-big&#8221; link=&#8221;url:%2Fen%2Fabout-us|||&#8221;][\/vc_column][\/vc_row][vc_row thb_full_width=&#8221;true&#8221; thb_row_padding=&#8221;true&#8221; thb_column_padding=&#8221;true&#8221; full_height=&#8221;yes&#8221; thb_divider_position=&#8221;bottom&#8221; css=&#8221;.vc_custom_1530704570898{background: #fdf3cf url(https:\/\/unusualblends.com\/wp-content\/uploads\/2018\/07\/bg-contact-copia.jpg?id=1338) !important;background-position: center !important;background-repeat: no-repeat !important;background-size: cover !important;}&#8221; el_class=&#8221;align-center&#8221; el_id=&#8221;contact-home&#8221;][vc_column width=&#8221;1\/2&#8243; offset=&#8221;vc_col-lg-offset-4 vc_col-lg-3 vc_col-md-offset-3 vc_col-md-3 vc_col-sm-offset-1 vc_col-xs-10&#8243; el_id=&#8221;contacto-home&#8221;][vc_column_text animation=&#8221;animation bottom-to-top&#8221;]<\/p>\n<h2 style=\"text-align: left;\">CONTACT<\/h2>\n<p>[\/vc_column_text][vc_column_text animation=&#8221;animation bottom-to-top&#8221;]<\/p>\n<ul class=\"contact-home\">\n<li><i class=\"fa fa-envelope-o\"><\/i> <a href=\"mailto:info@unusualblends.com\"> info@unusualblends.com<\/a><\/li>\n<li><i class=\"fa fa-phone\"><\/i> <a href=\"mailto:info@unusualblends.com\"> +34 934292915<\/a><\/li>\n<\/ul>\n<p>[\/vc_column_text][vc_column_text animation=&#8221;animation bottom-to-top&#8221;]<\/p>\n<h3 style=\"text-align: left;\">SUBSCRIBE TO OUR NEWSLETTER<\/h3>\n<p>[\/vc_column_text]\n<div class=\"wpcf7 no-js\" id=\"wpcf7-f1755-o1\" lang=\"en-US\" dir=\"ltr\">\n<div class=\"screen-reader-response\"><p role=\"status\" aria-live=\"polite\" aria-atomic=\"true\"><\/p> <ul><\/ul><\/div>\n<form action=\"\/en\/wp-json\/wp\/v2\/pages\/1695#wpcf7-f1755-o1\" method=\"post\" class=\"wpcf7-form init\" aria-label=\"Contact form\" novalidate=\"novalidate\" data-status=\"init\">\n<div style=\"display: none;\">\n<input type=\"hidden\" name=\"_wpcf7\" value=\"1755\" \/>\n<input type=\"hidden\" name=\"_wpcf7_version\" value=\"5.9.5\" \/>\n<input type=\"hidden\" name=\"_wpcf7_locale\" value=\"en_US\" \/>\n<input type=\"hidden\" name=\"_wpcf7_unit_tag\" value=\"wpcf7-f1755-o1\" \/>\n<input type=\"hidden\" name=\"_wpcf7_container_post\" value=\"0\" \/>\n<input type=\"hidden\" name=\"_wpcf7_posted_data_hash\" value=\"\" \/>\n<input type=\"hidden\" name=\"_wpcf7_recaptcha_response\" value=\"\" \/>\n<\/div>\n<div class=\"row\">\n\t<div class=\"small-12 large-12 columns\">\n\t\t<p><span class=\"wpcf7-form-control-wrap\" data-name=\"email\"><input size=\"40\" class=\"wpcf7-form-control wpcf7-email wpcf7-validates-as-required wpcf7-text wpcf7-validates-as-email full\" aria-required=\"true\" aria-invalid=\"false\" placeholder=\"Type Your Email\" value=\"\" type=\"email\" name=\"email\" \/><\/span>\n\t\t<\/p>\n\t<\/div>\n<\/div>\n<div class=\"row\">\n\t<div class=\"small-12 large-12 columns\">\n\t\t<p><input class=\"wpcf7-form-control wpcf7-submit has-spinner btn\" type=\"submit\" value=\"Submit\" \/>\n\t\t<\/p>\n\t<\/div>\n<\/div><div class=\"wpcf7-response-output\" aria-hidden=\"true\"><\/div>\n<\/form>\n<\/div>\n[vc_empty_space height=&#8221;30px&#8221;][vc_empty_space height=&#8221;20px&#8221;][\/vc_column][\/vc_row]<\/p>\n<\/div>","protected":false},"excerpt":{"rendered":"<p>[vc_row thb_full_width=&#8221;true&#8221; thb_row_padding=&#8221;true&#8221; thb_column_padding=&#8221;true&#8221; thb_scroll_bottom=&#8221;true&#8221; thb_scroll_bottom_style=&#8221;style3&#8243; thb_scroll_bottom_color=&#8221;light&#8221; thb_divider_position=&#8221;bottom&#8221;][vc_column][rev_slider_vc alias=&#8221;home&#8221; el_class=&#8221;rev-mb0&#8243;][\/vc_column][\/vc_row][vc_row thb_full_width=&#8221;true&#8221; thb_row_padding=&#8221;true&#8221; thb_column_padding=&#8221;true&#8221; full_height=&#8221;yes&#8221; thb_divider_position=&#8221;bottom&#8221; css=&#8221;.vc_custom_1531136977901{background-color: #fccac3 !important;background-position: center !important;background-repeat: no-repeat !important;background-size: cover !important;}&#8221; el_class=&#8221;align-center&#8221; el_id=&#8221;background-p2&#8243;][vc_column width=&#8221;1\/3&#8243; offset=&#8221;vc_col-lg-offset-3 vc_col-lg-3 vc_col-md-offset-3 vc_col-md-3 vc_col-sm-offset-3 vc_col-xs-10&#8243;][vc_raw_html]JTIwJTIwJTNDZGl2JTIwY2xhc3MlM0QlMjJwb3NpdGlvbi1yZWxhdGl2ZSUyMiUyMHN0eWxlJTNEJTIycGFkZGluZyUzQSUyMDMwcHglMjAyMHB4JTNCJTIyJTNFJTBBJTNDZGl2JTIwY2xhc3MlM0QlMjJ0b3AtYm9yZGVyJTIwdG9wLWJvcmRlci1zdHlsZS0yJTIyJTNFJTNDJTJGZGl2JTNFJTBBJTIwJTIwJTNDZGl2JTIwY2xhc3MlM0QlMjJib3R0b20tYm9yZGVyJTIwYm90dG9tLWJvcmRlci1zdHlsZS0yJTIyJTNFJTNDJTJGZGl2JTNFJTBBJTNDcCUyMHN0eWxlJTNEJTIydGV4dC1hbGlnbiUzQSUyMGNlbnRlciUzQiUyMCUyMGxpbmUtaGVpZ2h0JTNBMi4xZW0lM0IlMjBjb2xvciUzQSUyMCUyM2ZmZiUzQiUyMG1hcmdpbi1ib3R0b20lM0EyMHB4JTNCJTIyJTNFJTNDc3Ryb25nJTNFQ0hJQ0ElMjBpcyUyMHRoZSUyMGZpcnN0JTIwcHJlbWl1bSUyMG9yZ2FuaWMlMjBkcmluayUyMGluJTIwdGhlJTIwd29ybGQlMjBibGVuZGluZyUyMG9saXZlJTIwbGVhdmVzJTJDJTIwbWVkaXRlcnJhbmVhbiUyMGhlcmJzJTIwYW5kJTIwbmF0dXJhbCUyMG9yZ2FuaWMlMjBmcnVpdCUyMGp1aWNlcy4lM0NzdHJvbmclM0UlM0MlMkZwJTNFJTBBJTBBJTNDJTJGZGl2JTNF[\/vc_raw_html][vc_btn title=&#8221;KNOW THEM&#8221; style=&#8221;outline-custom&#8221; outline_custom_color=&#8221;#ffffff&#8221; outline_custom_hover_background=&#8221;#ffffff&#8221; outline_custom_hover_text=&#8221;#b17878&#8243; shape=&#8221;square&#8221; size=&#8221;lg&#8221; align=&#8221;center&#8221; el_class=&#8221;btn-big&#8221; link=&#8221;url:%2Fen%2Fthe-product|||&#8221;][\/vc_column][\/vc_row][vc_row thb_full_width=&#8221;true&#8221; thb_row_padding=&#8221;true&#8221; thb_column_padding=&#8221;true&#8221; thb_divider_position=&#8221;bottom&#8221; el_id=&#8221;bottles-dk&#8221;][vc_column offset=&#8221;vc_hidden-sm vc_hidden-xs&#8221;][rev_slider_vc alias=&#8221;home-bottles&#8221; el_class=&#8221;rev-mb0&#8243;][\/vc_column][\/vc_row][vc_row thb_full_width=&#8221;true&#8221; thb_row_padding=&#8221;true&#8221;&hellip;<\/p>\n","protected":false},"author":1,"featured_media":0,"parent":0,"menu_order":0,"comment_status":"closed","ping_status":"closed","template":"","meta":{"_acf_changed":false,"_exactmetrics_skip_tracking":false,"_exactmetrics_sitenote_active":false,"_exactmetrics_sitenote_note":"","_exactmetrics_sitenote_category":0,"footnotes":""},"acf":[],"yoast_head":"<!-- This site is optimized with the Yoast SEO plugin v22.8 - https:\/\/yoast.com\/wordpress\/plugins\/seo\/ -->\n<title>CHICA Unusual Blends - Bebida infusionada ecol\u00f3gica premium<\/title>\n<meta name=\"description\" content=\"CHICA es la primera infusi\u00f3n ecol\u00f3gica premium en el mundo en la que se mezclan hojas de olivo, hierbas mediterr\u00e1neas y zumo natural de frutas ecol\u00f3gicas.\" \/>\n<meta name=\"robots\" content=\"index, follow, max-snippet:-1, max-image-preview:large, max-video-preview:-1\" \/>\n<link rel=\"canonical\" href=\"https:\/\/unusualblends.com\/en\/\" \/>\n<meta property=\"og:locale\" content=\"en_US\" \/>\n<meta property=\"og:type\" content=\"article\" \/>\n<meta property=\"og:title\" content=\"CHICA Unusual Blends - Bebida infusionada ecol\u00f3gica premium\" \/>\n<meta property=\"og:description\" content=\"CHICA es la primera infusi\u00f3n ecol\u00f3gica premium en el mundo en la que se mezclan hojas de olivo, hierbas mediterr\u00e1neas y zumo natural de frutas ecol\u00f3gicas.\" \/>\n<meta property=\"og:url\" content=\"https:\/\/unusualblends.com\/en\/\" \/>\n<meta property=\"og:site_name\" content=\"CHICA Unusual Blends\" \/>\n<meta property=\"article:modified_time\" content=\"2020-06-26T12:18:00+00:00\" \/>\n<meta property=\"og:image\" content=\"https:\/\/unusualblends.com\/wp-content\/uploads\/2020\/06\/chica-rrss.jpg\" \/>\n<meta name=\"twitter:card\" content=\"summary_large_image\" \/>\n<meta name=\"twitter:label1\" content=\"Est. reading time\" \/>\n\t<meta name=\"twitter:data1\" content=\"4 minutes\" \/>\n<script type=\"application\/ld+json\" class=\"yoast-schema-graph\">{\"@context\":\"https:\/\/schema.org\",\"@graph\":[{\"@type\":\"WebPage\",\"@id\":\"https:\/\/unusualblends.com\/en\/\",\"url\":\"https:\/\/unusualblends.com\/en\/\",\"name\":\"CHICA Unusual Blends - Bebida infusionada ecol\u00f3gica premium\",\"isPartOf\":{\"@id\":\"https:\/\/unusualblends.com\/#website\"},\"primaryImageOfPage\":{\"@id\":\"https:\/\/unusualblends.com\/en\/#primaryimage\"},\"image\":{\"@id\":\"https:\/\/unusualblends.com\/en\/#primaryimage\"},\"thumbnailUrl\":\"https:\/\/unusualblends.com\/wp-content\/uploads\/2019\/03\/ingles-prod.png\",\"datePublished\":\"2016-09-26T20:44:28+00:00\",\"dateModified\":\"2020-06-26T12:18:00+00:00\",\"description\":\"CHICA es la primera infusi\u00f3n ecol\u00f3gica premium en el mundo en la que se mezclan hojas de olivo, hierbas mediterr\u00e1neas y zumo natural de frutas ecol\u00f3gicas.\",\"breadcrumb\":{\"@id\":\"https:\/\/unusualblends.com\/en\/#breadcrumb\"},\"inLanguage\":\"en-US\",\"potentialAction\":[{\"@type\":\"ReadAction\",\"target\":[\"https:\/\/unusualblends.com\/en\/\"]}]},{\"@type\":\"ImageObject\",\"inLanguage\":\"en-US\",\"@id\":\"https:\/\/unusualblends.com\/en\/#primaryimage\",\"url\":\"https:\/\/unusualblends.com\/wp-content\/uploads\/2019\/03\/ingles-prod.png\",\"contentUrl\":\"https:\/\/unusualblends.com\/wp-content\/uploads\/2019\/03\/ingles-prod.png\"},{\"@type\":\"BreadcrumbList\",\"@id\":\"https:\/\/unusualblends.com\/en\/#breadcrumb\",\"itemListElement\":[{\"@type\":\"ListItem\",\"position\":1,\"name\":\"Portada\",\"item\":\"https:\/\/unusualblends.com\/en\/\"},{\"@type\":\"ListItem\",\"position\":2,\"name\":\"Home\"}]},{\"@type\":\"WebSite\",\"@id\":\"https:\/\/unusualblends.com\/#website\",\"url\":\"https:\/\/unusualblends.com\/\",\"name\":\"CHICA Unusual Blends\",\"description\":\"Infusi\u00f3n Ecol\u00f3gica Premium\",\"publisher\":{\"@id\":\"https:\/\/unusualblends.com\/#organization\"},\"potentialAction\":[{\"@type\":\"SearchAction\",\"target\":{\"@type\":\"EntryPoint\",\"urlTemplate\":\"https:\/\/unusualblends.com\/?s={search_term_string}\"},\"query-input\":\"required name=search_term_string\"}],\"inLanguage\":\"en-US\"},{\"@type\":\"Organization\",\"@id\":\"https:\/\/unusualblends.com\/#organization\",\"name\":\"CHICA Unusual Blends\",\"url\":\"https:\/\/unusualblends.com\/\",\"logo\":{\"@type\":\"ImageObject\",\"inLanguage\":\"en-US\",\"@id\":\"https:\/\/unusualblends.com\/#\/schema\/logo\/image\/\",\"url\":\"https:\/\/unusualblends.com\/wp-content\/uploads\/2018\/06\/image.png\",\"contentUrl\":\"https:\/\/unusualblends.com\/wp-content\/uploads\/2018\/06\/image.png\",\"width\":418,\"height\":81,\"caption\":\"CHICA Unusual Blends\"},\"image\":{\"@id\":\"https:\/\/unusualblends.com\/#\/schema\/logo\/image\/\"}}]}<\/script>\n<!-- \/ Yoast SEO plugin. -->","yoast_head_json":{"title":"CHICA Unusual Blends - Bebida infusionada ecol\u00f3gica premium","description":"CHICA es la primera infusi\u00f3n ecol\u00f3gica premium en el mundo en la que se mezclan hojas de olivo, hierbas mediterr\u00e1neas y zumo natural de frutas ecol\u00f3gicas.","robots":{"index":"index","follow":"follow","max-snippet":"max-snippet:-1","max-image-preview":"max-image-preview:large","max-video-preview":"max-video-preview:-1"},"canonical":"https:\/\/unusualblends.com\/en\/","og_locale":"en_US","og_type":"article","og_title":"CHICA Unusual Blends - Bebida infusionada ecol\u00f3gica premium","og_description":"CHICA es la primera infusi\u00f3n ecol\u00f3gica premium en el mundo en la que se mezclan hojas de olivo, hierbas mediterr\u00e1neas y zumo natural de frutas ecol\u00f3gicas.","og_url":"https:\/\/unusualblends.com\/en\/","og_site_name":"CHICA Unusual Blends","article_modified_time":"2020-06-26T12:18:00+00:00","og_image":[{"url":"https:\/\/unusualblends.com\/wp-content\/uploads\/2020\/06\/chica-rrss.jpg"}],"twitter_card":"summary_large_image","twitter_misc":{"Est. reading time":"4 minutes"},"schema":{"@context":"https:\/\/schema.org","@graph":[{"@type":"WebPage","@id":"https:\/\/unusualblends.com\/en\/","url":"https:\/\/unusualblends.com\/en\/","name":"CHICA Unusual Blends - Bebida infusionada ecol\u00f3gica premium","isPartOf":{"@id":"https:\/\/unusualblends.com\/#website"},"primaryImageOfPage":{"@id":"https:\/\/unusualblends.com\/en\/#primaryimage"},"image":{"@id":"https:\/\/unusualblends.com\/en\/#primaryimage"},"thumbnailUrl":"https:\/\/unusualblends.com\/wp-content\/uploads\/2019\/03\/ingles-prod.png","datePublished":"2016-09-26T20:44:28+00:00","dateModified":"2020-06-26T12:18:00+00:00","description":"CHICA es la primera infusi\u00f3n ecol\u00f3gica premium en el mundo en la que se mezclan hojas de olivo, hierbas mediterr\u00e1neas y zumo natural de frutas ecol\u00f3gicas.","breadcrumb":{"@id":"https:\/\/unusualblends.com\/en\/#breadcrumb"},"inLanguage":"en-US","potentialAction":[{"@type":"ReadAction","target":["https:\/\/unusualblends.com\/en\/"]}]},{"@type":"ImageObject","inLanguage":"en-US","@id":"https:\/\/unusualblends.com\/en\/#primaryimage","url":"https:\/\/unusualblends.com\/wp-content\/uploads\/2019\/03\/ingles-prod.png","contentUrl":"https:\/\/unusualblends.com\/wp-content\/uploads\/2019\/03\/ingles-prod.png"},{"@type":"BreadcrumbList","@id":"https:\/\/unusualblends.com\/en\/#breadcrumb","itemListElement":[{"@type":"ListItem","position":1,"name":"Portada","item":"https:\/\/unusualblends.com\/en\/"},{"@type":"ListItem","position":2,"name":"Home"}]},{"@type":"WebSite","@id":"https:\/\/unusualblends.com\/#website","url":"https:\/\/unusualblends.com\/","name":"CHICA Unusual Blends","description":"Infusi\u00f3n Ecol\u00f3gica Premium","publisher":{"@id":"https:\/\/unusualblends.com\/#organization"},"potentialAction":[{"@type":"SearchAction","target":{"@type":"EntryPoint","urlTemplate":"https:\/\/unusualblends.com\/?s={search_term_string}"},"query-input":"required name=search_term_string"}],"inLanguage":"en-US"},{"@type":"Organization","@id":"https:\/\/unusualblends.com\/#organization","name":"CHICA Unusual Blends","url":"https:\/\/unusualblends.com\/","logo":{"@type":"ImageObject","inLanguage":"en-US","@id":"https:\/\/unusualblends.com\/#\/schema\/logo\/image\/","url":"https:\/\/unusualblends.com\/wp-content\/uploads\/2018\/06\/image.png","contentUrl":"https:\/\/unusualblends.com\/wp-content\/uploads\/2018\/06\/image.png","width":418,"height":81,"caption":"CHICA Unusual Blends"},"image":{"@id":"https:\/\/unusualblends.com\/#\/schema\/logo\/image\/"}}]}},"_links":{"self":[{"href":"https:\/\/unusualblends.com\/en\/wp-json\/wp\/v2\/pages\/1695"}],"collection":[{"href":"https:\/\/unusualblends.com\/en\/wp-json\/wp\/v2\/pages"}],"about":[{"href":"https:\/\/unusualblends.com\/en\/wp-json\/wp\/v2\/types\/page"}],"author":[{"embeddable":true,"href":"https:\/\/unusualblends.com\/en\/wp-json\/wp\/v2\/users\/1"}],"replies":[{"embeddable":true,"href":"https:\/\/unusualblends.com\/en\/wp-json\/wp\/v2\/comments?post=1695"}],"version-history":[{"count":14,"href":"https:\/\/unusualblends.com\/en\/wp-json\/wp\/v2\/pages\/1695\/revisions"}],"predecessor-version":[{"id":3375,"href":"https:\/\/unusualblends.com\/en\/wp-json\/wp\/v2\/pages\/1695\/revisions\/3375"}],"wp:attachment":[{"href":"https:\/\/unusualblends.com\/en\/wp-json\/wp\/v2\/media?parent=1695"}],"curies":[{"name":"wp","href":"https:\/\/api.w.org\/{rel}","templated":true}]}}