{"id":1839,"date":"2018-07-09T17:27:22","date_gmt":"2018-07-09T17:27:22","guid":{"rendered":"https:\/\/unusualblends.com\/legal-disclaimer\/"},"modified":"2021-01-22T07:37:04","modified_gmt":"2021-01-22T07:37:04","slug":"mentions-legales","status":"publish","type":"page","link":"https:\/\/unusualblends.com\/fr\/mentions-legales\/","title":{"rendered":"Mentions l\u00e9gales"},"content":{"rendered":"<div id=\"clickdatos\">\n<p>Les pr\u00e9sentes mentions l\u00e9gales r\u00e9gissent les conditions g\u00e9n\u00e9rales d&rsquo;acc\u00e8s et d&rsquo;utilisation du site Web accessible \u00e0 l&rsquo;URL https:\/\/unusualblends.com (ci-apr\u00e8s, le site Web), qu&rsquo;Unusual Blends met \u00e0 disposition des internautes.<\/p>\n<p>L&rsquo;utilisation du site Web implique l&rsquo;acceptation pleine et sans r\u00e9serve de chacune des dispositions incluses dans le pr\u00e9sent avis de non-responsabilit\u00e9. Par cons\u00e9quent, l&rsquo;utilisateur du site Web doit lire attentivement le pr\u00e9sent avis juridique dans chacune des occasions o\u00f9 il envisage d&rsquo;utiliser le site Web, car le texte pourrait \u00eatre modifi\u00e9 \u00e0 la discr\u00e9tion du propri\u00e9taire du site Web, ou en raison d&rsquo;un changement l\u00e9gislatif, jurisprudentielle ou dans la pratique des affaires.<\/p>\n<p>&nbsp;<\/p>\n<h3>1.- LA PROPRI\u00c9T\u00c9 DU SITE WEB<\/h3>\n<p>Nom de l&rsquo;entreprise : Unusual Blends SL<\/p>\n<p>Nom du propri\u00e9taire : Unusual Blends<\/p>\n<p>Si\u00e8ge social : Cl Montsant 23-25p.bj Pta.1<\/p>\n<p>Ville : Barcelone<\/p>\n<p>Province : Barcelone<\/p>\n<p>C.P.: 08031<\/p>\n<p>NIF: B67161919<\/p>\n<p>Num\u00e9ro de t\u00e9l\u00e9phone : +34 934292915<b><br \/>\n<\/b><\/p>\n<p>Email : info@unusualblends.com<\/p>\n<p>&nbsp;<\/p>\n<p>Donn\u00e9es du registre :<\/p>\n<p>&nbsp;<\/p>\n<h3>2.- OBJET.<\/h3>\n<p>Le site Web offre aux utilisateurs le m\u00eame acc\u00e8s \u00e0 l&rsquo;information et aux services fournis par<\/p>\n<p>Unusual Blends pour les personnes ou les organisations qui s&rsquo;y int\u00e9ressent.<\/p>\n<p>&nbsp;<\/p>\n<h3>3 &#8211; ACC\u00c8S ET L&rsquo;UTILISATION DU SITE WEB.<\/h3>\n<p>&nbsp;<\/p>\n<p>3.1.- Libre acc\u00e8s et utilisation du site.<\/p>\n<p>L&rsquo;acc\u00e8s au site est gratuit pour ses utilisateurs.<\/p>\n<p>3.2.- Enregistrement de l&rsquo;utilisateur.<\/p>\n<p>En g\u00e9n\u00e9ral, l&rsquo;acc\u00e8s et l&rsquo;utilisation du site Web ne n\u00e9cessitent pas d&rsquo;abonnement ou d&rsquo;inscription pr\u00e9alable de la part des utilisateurs.<\/p>\n<p>&nbsp;<\/p>\n<h3>4.- CONTENU DU WEB.<\/h3>\n<p>La langue utilis\u00e9e par le propri\u00e9taire sur le site Web est l&rsquo;espagnol.\u00a0 Unusual Blends n\u2019est pas responsable du manque de compr\u00e9hension ou de l&rsquo;incapacit\u00e9 de l&rsquo;utilisateur \u00e0 comprendre ou \u00e0 interpr\u00e9ter la langue du site Web, ni de ses cons\u00e9quences.<\/p>\n<p>&nbsp;<\/p>\n<p>&nbsp;<\/p>\n<p>&nbsp;<\/p>\n<p>Unusual Blends se r\u00e9serve le droit de modifier le contenu sans pr\u00e9avis, ainsi que d&rsquo;effacer et de modifier ceux-ci sur le web, tout comme la forme sous laquelle ils sont accessibles, sans aucune justification et librement, n&rsquo;\u00e9tant pas responsable des cons\u00e9quences qu&rsquo;ils peuvent causer \u00e0 l&rsquo;utilisateur du site.<\/p>\n<p>Il est interdit d&rsquo;utiliser le contenu du site Web pour promouvoir, contracter ou diffuser de la publicit\u00e9 ou de l&rsquo;information de sa part ou de la part de tiers sans l&rsquo;autorisation d&rsquo;Unusual Blends, ni pour envoyer de la publicit\u00e9 ou de l&rsquo;information en utilisant les services ou l&rsquo;information mise \u00e0 la disposition des utilisateurs, peu importe si l&rsquo;utilisation est gratuite ou non.<\/p>\n<p>Les liens ou hyperliens incorporant des tiers dans leurs pages Web, ou redirigeant vers ce site Web, ou qui ouvrent de la page Web compl\u00e8te, ne peuvent manifester, de mani\u00e8re directe ou indirecte, des informations fausses, inexactes ou pr\u00eatant \u00e0 confusion, ou se livrer \u00e0 des activit\u00e9s d\u00e9loyales, illicites\u00a0 ou abusives contre Unusual Blends.<\/p>\n<p>Les liens ou hyperliens qui incorporent des liens dans leurs pages Web, redirigeant vers ce site Web, ou visant \u00e0 l&rsquo;ouverture du site web complet, ne doivent pas pouvoir manifester, directement ou indirectement, des informations fausses, inexactes ou pr\u00eatant \u00e0 confusion, ou se livrer \u00e0 des activit\u00e9s d\u00e9loyales, illicites\u00a0 ou abusives contre Unusual Blends.<\/p>\n<h3>5.- LIMITATION DE RESPONSABILIT\u00c9.<\/h3>\n<p>L\u2019acc\u00e8s au Web et l\u2019utilisation incontr\u00f4l\u00e9e de l\u2019information qu\u2019elle contient est de la responsabilit\u00e9 exclusive de la personne qui l\u2019ex\u00e9cute. Unusual Blends n\u2019est pas responsable des cons\u00e9quences, dommages ou pr\u00e9judices qui pourraient r\u00e9sulter de cet acc\u00e8s ou de cette utilisation. Unusual Blends n&rsquo;est pas responsable des erreurs de s\u00e9curit\u00e9, qui peuvent \u00eatre produite, ni aucun dommage pouvant \u00eatre caus\u00e9 au syst\u00e8me informatique de l&rsquo;utilisateur (mat\u00e9riel et logiciel), ou aux fichiers ou documents qui y sont stock\u00e9s, tels que:<\/p>\n<p>&nbsp;<\/p>\n<p>&#8211; la pr\u00e9sence d&rsquo;un virus sur l&rsquo;ordinateur de l&rsquo;utilisateur utilis\u00e9 pour la connexion au r\u00e9seau services et contenus du web,<\/p>\n<p>&#8211; un dysfonctionnement du navigateur,<\/p>\n<p>&#8211; et \/ ou l\u2019utilisation de versions non mises \u00e0 jour.<\/p>\n<p>Unusual Blends n\u2019est pas responsable de la fiabilit\u00e9 et de la rapidit\u00e9 des hyperliens qui sont int\u00e9gr\u00e9s \u00e0 sa web et redirigeant vers l&rsquo;ouverture d\u2019autres pages. Unusual Blends ne garantit pas l&rsquo;utilit\u00e9 de ces liens, ni n\u2019est responsable du contenu ou des services auxquels l\u2019utilisateur peut acc\u00e9der \u00e0\u00a0 via ces liens, ou du bon fonctionnement de ces sites.<\/p>\n<p>Unusual Blends n\u2019est pas non plus responsables des virus ou autres programmes informatiques qui d\u00e9t\u00e9riorent ou peut d\u00e9t\u00e9riorer les syst\u00e8mes informatiques ou l&rsquo;\u00e9quipement des utilisateurs lors de l&rsquo;acc\u00e8s vers votre site Web ou d&rsquo;autres sites Web auxquels vous avez acc\u00e9d\u00e9 via des liens sur ce site Web.<\/p>\n<p>&nbsp;<\/p>\n<h3>6.- UTILISATION DE LA TECHNOLOGIE DES \u00ab\u00a0COOKIES\u00a0\u00bb ?<\/h3>\n<p>Le site Web n&rsquo;utilise pas de cookies ou tout autre proc\u00e9dure invisible afin collecter des informations lorsque l&rsquo;utilisateur navigue sur le site, tout en respectant \u00e0 tout moment la vie priv\u00e9e,\u00a0 et la confidentialit\u00e9 de l\u2019utilisateur<\/p>\n<p>*Si des cookies sont utilis\u00e9s, vous pouvez consulter notre politique en mati\u00e8re de cookies, qui respecte \u00e0 tout moment la confidentialit\u00e9 et la vie priv\u00e9e.<\/p>\n<p>&nbsp;<\/p>\n<h3>7 &#8211; PROPRI\u00c9T\u00c9 INTELLECTUELLE ET INDUSTRIELLE.<\/h3>\n<p>Sont la propri\u00e9t\u00e9 d&rsquo;Unusual Blends, tous les droits de propri\u00e9t\u00e9 industrielle et intellectuelle de<\/p>\n<p>la page web, ainsi que les contenus qu&rsquo;il h\u00e9berge. Toute utilisation du site ou de son contenu<\/p>\n<p>doit avoir un caract\u00e8re exclusivement priv\u00e9. Il est r\u00e9serv\u00e9 exclusivement \u00e0\u00a0 Unusual Blends, toute autre utilisation qui suppose la copie, la reproduction, la distribution, la transformation, communication publique ou toute autre action similaire, de tout ou partie du contenu du site, de sorte qu&rsquo;aucun utilisateur ne puisse effectuer ces actions sans autorisation pr\u00e9alable et par \u00e9crit \u00e0 Unusual Blends.<\/p>\n<h3>8. &#8211; POLITIQUE DE CONFIDENTIALIT\u00c9 ET DE PROTECTION DES DONN\u00c9ES<\/h3>\n<p>Unusual Blends garantit la protection et la confidentialit\u00e9 des donn\u00e9es personnelles, de tout ce qui concerne et qui nous sont fournis par nos soci\u00e9t\u00e9s clientes conform\u00e9ment aux dispositions de la loi Ley Org\u00e1nica 15\/1999, du 13 d\u00e9cembre, concernant la protection des donn\u00e9es personnelles.<\/p>\n<p>Toutes les donn\u00e9es fournies par des entreprises clientes \u00e0 Unusual Blends ou \u00e0 son personnel, seront incluses dans un fichier automatis\u00e9 de donn\u00e9es personnelles cr\u00e9\u00e9 et conserv\u00e9 sous la responsabilit\u00e9 d&rsquo;Unusual Blends, indispensable \u00e0 la prestation des services destin\u00e9s aux utilisateurs.<\/p>\n<p>Les donn\u00e9es fournies seront trait\u00e9es conform\u00e9ment au r\u00e8glement sur les mesures de s\u00e9curit\u00e9 (Real D\u00e9cret 1720\/2007 du 21 d\u00e9cembre), en ce sens, Unusual Blends a adopt\u00e9 la directive de niveau de protection requise par la loi, et a mis en place toutes les mesures techniques n\u00e9cessaires \u00e0 la possibilit\u00e9 d&rsquo;\u00e9viter la perte, la mauvaise utilisation, l&rsquo;alt\u00e9ration, l&rsquo;acc\u00e8s non autoris\u00e9 par des tiers. Toutefois, l&rsquo;utilisateur doit \u00eatre conscient que les mesures de s\u00e9curit\u00e9 sur Internet ne sont pas inviolables. Dans le cas o\u00f9 vous jugez opportun de transf\u00e9rer vos donn\u00e9es personnelles \u00e0 d&rsquo;autres entit\u00e9s, l&rsquo;utilisateur sera inform\u00e9 des donn\u00e9es transf\u00e9r\u00e9es, l&rsquo;objet de la ainsi que le nom et l&rsquo;adresse du cessionnaire, afin qu&rsquo;il donne son consentement sans \u00e9quivoque \u00e0 cette affaire.<\/p>\n<p>Conform\u00e9ment aux dispositions du RGPD, l&rsquo;utilisateur peut exercer les droits suivants acc\u00e8s, de rectification, d\u2019annulation et d\u2019opposition. Pour ce faire, vous devez nous contacter \u00e0 l&rsquo;adresse suivante info@unusualblends.com<\/p>\n<p>&nbsp;<\/p>\n<h3>9.- L\u00c9GISLATION APPLICABLE ET JURIDICTION COMP\u00c9TENTE.<\/h3>\n<p>Le pr\u00e9sent Avis\u00a0 juridique sera interpr\u00e9t\u00e9 et r\u00e9gi conform\u00e9ment \u00e0 la l\u00e9gislation espagnole.<\/p>\n<p>Unusual Blends et utilisateurs, renon\u00e7ant ainsi \u00e0 toute autre juridiction\u00a0 qui pourrait leur \u00eatre applicable,\u00a0 soumettant aux cours et tribunaux du domicile de l&rsquo;utilisateur le droit de toute controverse pouvant d\u00e9couler de l&rsquo;acc\u00e8s ou de l&rsquo;utilisation du site Web. Dans l&rsquo;\u00e9ventualit\u00e9 o\u00f9 l\u2019utilisateur serait domicili\u00e9 en dehors de l\u2019Espagne, Unusual Blends et l\u2019utilisateur, se soumettent, par les pr\u00e9sentes, avec renonciation\u00a0 \u00e0 toute autre juridiction, aux cours et tribunaux du domicile de Unusual Blends.<\/p>\n<p>&nbsp;<\/p>\n<\/div>\n","protected":false},"excerpt":{"rendered":"<p>Les pr\u00e9sentes mentions l\u00e9gales r\u00e9gissent les conditions g\u00e9n\u00e9rales d&rsquo;acc\u00e8s et d&rsquo;utilisation du site Web accessible \u00e0 l&rsquo;URL https:\/\/unusualblends.com (ci-apr\u00e8s, le site Web), qu&rsquo;Unusual Blends met \u00e0 disposition des internautes. L&rsquo;utilisation du site Web implique l&rsquo;acceptation pleine et sans r\u00e9serve de chacune des dispositions incluses dans le pr\u00e9sent avis de non-responsabilit\u00e9. Par cons\u00e9quent, l&rsquo;utilisateur du site&hellip;<\/p>\n","protected":false},"author":1,"featured_media":0,"parent":0,"menu_order":0,"comment_status":"closed","ping_status":"closed","template":"page-default.php","meta":{"_acf_changed":false,"_exactmetrics_skip_tracking":false,"_exactmetrics_sitenote_active":false,"_exactmetrics_sitenote_note":"","_exactmetrics_sitenote_category":0,"footnotes":""},"acf":[],"yoast_head":"<!-- This site is optimized with the Yoast SEO plugin v22.8 - https:\/\/yoast.com\/wordpress\/plugins\/seo\/ -->\n<title>Mentions l\u00e9gales - CHICA Unusual Blends<\/title>\n<meta name=\"robots\" content=\"noindex, nofollow\" \/>\n<meta property=\"og:locale\" content=\"fr_FR\" \/>\n<meta property=\"og:type\" content=\"article\" \/>\n<meta property=\"og:title\" content=\"Mentions l\u00e9gales - CHICA Unusual Blends\" \/>\n<meta property=\"og:description\" content=\"Les pr\u00e9sentes mentions l\u00e9gales r\u00e9gissent les conditions g\u00e9n\u00e9rales d&rsquo;acc\u00e8s et d&rsquo;utilisation du site Web accessible \u00e0 l&rsquo;URL https:\/\/unusualblends.com (ci-apr\u00e8s, le site Web), qu&rsquo;Unusual Blends met \u00e0 disposition des internautes. L&rsquo;utilisation du site Web implique l&rsquo;acceptation pleine et sans r\u00e9serve de chacune des dispositions incluses dans le pr\u00e9sent avis de non-responsabilit\u00e9. Par cons\u00e9quent, l&rsquo;utilisateur du site&hellip;\" \/>\n<meta property=\"og:url\" content=\"https:\/\/unusualblends.com\/avisos-legales\/\" \/>\n<meta property=\"og:site_name\" content=\"CHICA Unusual Blends\" \/>\n<meta property=\"article:modified_time\" content=\"2021-01-22T07:37:04+00:00\" \/>\n<meta name=\"twitter:card\" content=\"summary_large_image\" \/>\n<meta name=\"twitter:label1\" content=\"Dur\u00e9e de lecture estim\u00e9e\" \/>\n\t<meta name=\"twitter:data1\" content=\"7 minutes\" \/>\n<script type=\"application\/ld+json\" class=\"yoast-schema-graph\">{\"@context\":\"https:\/\/schema.org\",\"@graph\":[{\"@type\":\"WebPage\",\"@id\":\"https:\/\/unusualblends.com\/avisos-legales\/\",\"url\":\"https:\/\/unusualblends.com\/avisos-legales\/\",\"name\":\"Mentions l\u00e9gales - CHICA Unusual Blends\",\"isPartOf\":{\"@id\":\"https:\/\/unusualblends.com\/#website\"},\"datePublished\":\"2018-07-09T17:27:22+00:00\",\"dateModified\":\"2021-01-22T07:37:04+00:00\",\"breadcrumb\":{\"@id\":\"https:\/\/unusualblends.com\/avisos-legales\/#breadcrumb\"},\"inLanguage\":\"fr-FR\",\"potentialAction\":[{\"@type\":\"ReadAction\",\"target\":[\"https:\/\/unusualblends.com\/avisos-legales\/\"]}]},{\"@type\":\"BreadcrumbList\",\"@id\":\"https:\/\/unusualblends.com\/avisos-legales\/#breadcrumb\",\"itemListElement\":[{\"@type\":\"ListItem\",\"position\":1,\"name\":\"Portada\",\"item\":\"https:\/\/unusualblends.com\/fr\/\"},{\"@type\":\"ListItem\",\"position\":2,\"name\":\"Mentions l\u00e9gales\"}]},{\"@type\":\"WebSite\",\"@id\":\"https:\/\/unusualblends.com\/#website\",\"url\":\"https:\/\/unusualblends.com\/\",\"name\":\"CHICA Unusual Blends\",\"description\":\"Infusi\u00f3n Ecol\u00f3gica Premium\",\"publisher\":{\"@id\":\"https:\/\/unusualblends.com\/#organization\"},\"potentialAction\":[{\"@type\":\"SearchAction\",\"target\":{\"@type\":\"EntryPoint\",\"urlTemplate\":\"https:\/\/unusualblends.com\/?s={search_term_string}\"},\"query-input\":\"required name=search_term_string\"}],\"inLanguage\":\"fr-FR\"},{\"@type\":\"Organization\",\"@id\":\"https:\/\/unusualblends.com\/#organization\",\"name\":\"CHICA Unusual Blends\",\"url\":\"https:\/\/unusualblends.com\/\",\"logo\":{\"@type\":\"ImageObject\",\"inLanguage\":\"fr-FR\",\"@id\":\"https:\/\/unusualblends.com\/#\/schema\/logo\/image\/\",\"url\":\"https:\/\/unusualblends.com\/wp-content\/uploads\/2018\/06\/image.png\",\"contentUrl\":\"https:\/\/unusualblends.com\/wp-content\/uploads\/2018\/06\/image.png\",\"width\":418,\"height\":81,\"caption\":\"CHICA Unusual Blends\"},\"image\":{\"@id\":\"https:\/\/unusualblends.com\/#\/schema\/logo\/image\/\"}}]}<\/script>\n<!-- \/ Yoast SEO plugin. -->","yoast_head_json":{"title":"Mentions l\u00e9gales - CHICA Unusual Blends","robots":{"index":"noindex","follow":"nofollow"},"og_locale":"fr_FR","og_type":"article","og_title":"Mentions l\u00e9gales - CHICA Unusual Blends","og_description":"Les pr\u00e9sentes mentions l\u00e9gales r\u00e9gissent les conditions g\u00e9n\u00e9rales d&rsquo;acc\u00e8s et d&rsquo;utilisation du site Web accessible \u00e0 l&rsquo;URL https:\/\/unusualblends.com (ci-apr\u00e8s, le site Web), qu&rsquo;Unusual Blends met \u00e0 disposition des internautes. L&rsquo;utilisation du site Web implique l&rsquo;acceptation pleine et sans r\u00e9serve de chacune des dispositions incluses dans le pr\u00e9sent avis de non-responsabilit\u00e9. Par cons\u00e9quent, l&rsquo;utilisateur du site&hellip;","og_url":"https:\/\/unusualblends.com\/avisos-legales\/","og_site_name":"CHICA Unusual Blends","article_modified_time":"2021-01-22T07:37:04+00:00","twitter_card":"summary_large_image","twitter_misc":{"Dur\u00e9e de lecture estim\u00e9e":"7 minutes"},"schema":{"@context":"https:\/\/schema.org","@graph":[{"@type":"WebPage","@id":"https:\/\/unusualblends.com\/avisos-legales\/","url":"https:\/\/unusualblends.com\/avisos-legales\/","name":"Mentions l\u00e9gales - CHICA Unusual Blends","isPartOf":{"@id":"https:\/\/unusualblends.com\/#website"},"datePublished":"2018-07-09T17:27:22+00:00","dateModified":"2021-01-22T07:37:04+00:00","breadcrumb":{"@id":"https:\/\/unusualblends.com\/avisos-legales\/#breadcrumb"},"inLanguage":"fr-FR","potentialAction":[{"@type":"ReadAction","target":["https:\/\/unusualblends.com\/avisos-legales\/"]}]},{"@type":"BreadcrumbList","@id":"https:\/\/unusualblends.com\/avisos-legales\/#breadcrumb","itemListElement":[{"@type":"ListItem","position":1,"name":"Portada","item":"https:\/\/unusualblends.com\/fr\/"},{"@type":"ListItem","position":2,"name":"Mentions l\u00e9gales"}]},{"@type":"WebSite","@id":"https:\/\/unusualblends.com\/#website","url":"https:\/\/unusualblends.com\/","name":"CHICA Unusual Blends","description":"Infusi\u00f3n Ecol\u00f3gica Premium","publisher":{"@id":"https:\/\/unusualblends.com\/#organization"},"potentialAction":[{"@type":"SearchAction","target":{"@type":"EntryPoint","urlTemplate":"https:\/\/unusualblends.com\/?s={search_term_string}"},"query-input":"required name=search_term_string"}],"inLanguage":"fr-FR"},{"@type":"Organization","@id":"https:\/\/unusualblends.com\/#organization","name":"CHICA Unusual Blends","url":"https:\/\/unusualblends.com\/","logo":{"@type":"ImageObject","inLanguage":"fr-FR","@id":"https:\/\/unusualblends.com\/#\/schema\/logo\/image\/","url":"https:\/\/unusualblends.com\/wp-content\/uploads\/2018\/06\/image.png","contentUrl":"https:\/\/unusualblends.com\/wp-content\/uploads\/2018\/06\/image.png","width":418,"height":81,"caption":"CHICA Unusual Blends"},"image":{"@id":"https:\/\/unusualblends.com\/#\/schema\/logo\/image\/"}}]}},"_links":{"self":[{"href":"https:\/\/unusualblends.com\/fr\/wp-json\/wp\/v2\/pages\/1839"}],"collection":[{"href":"https:\/\/unusualblends.com\/fr\/wp-json\/wp\/v2\/pages"}],"about":[{"href":"https:\/\/unusualblends.com\/fr\/wp-json\/wp\/v2\/types\/page"}],"author":[{"embeddable":true,"href":"https:\/\/unusualblends.com\/fr\/wp-json\/wp\/v2\/users\/1"}],"replies":[{"embeddable":true,"href":"https:\/\/unusualblends.com\/fr\/wp-json\/wp\/v2\/comments?post=1839"}],"version-history":[{"count":7,"href":"https:\/\/unusualblends.com\/fr\/wp-json\/wp\/v2\/pages\/1839\/revisions"}],"predecessor-version":[{"id":4562,"href":"https:\/\/unusualblends.com\/fr\/wp-json\/wp\/v2\/pages\/1839\/revisions\/4562"}],"wp:attachment":[{"href":"https:\/\/unusualblends.com\/fr\/wp-json\/wp\/v2\/media?parent=1839"}],"curies":[{"name":"wp","href":"https:\/\/api.w.org\/{rel}","templated":true}]}}