{"id":1842,"date":"2018-06-12T16:23:59","date_gmt":"2018-06-12T16:23:59","guid":{"rendered":"https:\/\/unusualblends.com\/chica-limon\/"},"modified":"2019-04-08T15:41:55","modified_gmt":"2019-04-08T15:41:55","slug":"chica-citron","status":"publish","type":"page","link":"https:\/\/unusualblends.com\/fr\/chica-citron\/","title":{"rendered":"CHICA Citron"},"content":{"rendered":"<div class=\"wpb-content-wrapper\"><p>[vc_row thb_full_width=\u00a0\u00bbtrue\u00a0\u00bb content_placement=\u00a0\u00bbtop\u00a0\u00bb thb_scroll_bottom=\u00a0\u00bbtrue\u00a0\u00bb thb_scroll_bottom_style=\u00a0\u00bbstyle3&Prime; thb_scroll_bottom_color=\u00a0\u00bblight\u00a0\u00bb thb_divider_position=\u00a0\u00bbbottom\u00a0\u00bb el_class=\u00a0\u00bbalign-center bg-bottom\u00a0\u00bb][vc_column width=\u00a0\u00bb1\/3&Prime;][vc_column_text el_class=\u00a0\u00bbtext-white titulo-bebida\u00a0\u00bb]<\/p>\n<h2>CITRON<\/h2>\n<p>[\/vc_column_text][vc_column_text el_class=\u00a0\u00bbtext-white mobile-hidden-text desc-sabor\u00a0\u00bb]Elle est une CHICA \u00e9l\u00e9gante, charismatique et charmante avec une agr\u00e9able saveur citronn\u00e9e et une infusion rafra\u00eechissante des feuilles d\u2019olivier, basilic et menthe.[\/vc_column_text][\/vc_column][vc_column width=\u00a0\u00bb1\/3&Prime;][\/vc_column][vc_column width=\u00a0\u00bb1\/3&Prime;][vc_column_text el_class=\u00a0\u00bbtext-white titulo-notacata\u00a0\u00bb css=\u00a0\u00bb.vc_custom_1545130879526{margin-bottom: 20px !important;}\u00a0\u00bb]<em>Note de d\u00e9gustation<\/em>[\/vc_column_text][vc_column_text el_class=\u00a0\u00bbtext-white\u00a0\u00bb css=\u00a0\u00bb.vc_custom_1545130888721{margin-top: 0px !important;margin-bottom: 0px !important;padding-bottom: 5px !important;}\u00a0\u00bb]<\/p>\n<p class=\"text-notacata\"><em>Couleur ambr\u00e9e opaque, ar\u00f4me exotique indescriptible, en bouche saveur \u00e9quilibr\u00e9e d&rsquo;agrumes des citrons de tr\u00e8s haute qualit\u00e9 avec une fra\u00eecheur agr\u00e9able \u00e0 la menthe et rappelant les parfum\u00e9es feuilles de basilic.<\/em><\/p>\n<p>[\/vc_column_text][vc_separator color=\u00a0\u00bbwhite\u00a0\u00bb align=\u00a0\u00bbalign_left\u00a0\u00bb el_width=\u00a0\u00bb10&Prime; el_class=\u00a0\u00bbseparador-botellas\u00a0\u00bb][vc_column_text css=\u00a0\u00bb.vc_custom_1545130902192{margin-top: -4px !important;}\u00a0\u00bb el_class=\u00a0\u00bbtext-white vc_hidden-xs\u00a0\u00bb]<span class=\"text-botellas\">En bouteilles de verre de 250 ml<\/span>[\/vc_column_text][\/vc_column][\/vc_row][vc_row thb_full_width=\u00a0\u00bbtrue\u00a0\u00bb thb_row_padding=\u00a0\u00bbtrue\u00a0\u00bb thb_column_padding=\u00a0\u00bbtrue\u00a0\u00bb content_placement=\u00a0\u00bbmiddle\u00a0\u00bb thb_divider_position=\u00a0\u00bbbottom\u00a0\u00bb][vc_column width=\u00a0\u00bb1\/2&Prime; css=\u00a0\u00bb.vc_custom_1531976195617{padding-top: 80vh !important;padding-right: 0px !important;padding-left: 0px !important;background-image: url(https:\/\/unusualblends.com\/wp-content\/uploads\/2018\/07\/FOTO-LIMON-COPA-copia.jpg?id=1332) !important;background-position: center !important;background-repeat: no-repeat !important;background-size: cover !important;}\u00a0\u00bb el_class=\u00a0\u00bbmobile-height-30vh hide-for-small-only\u00a0\u00bb offset=\u00a0\u00bbvc_hidden-xs\u00a0\u00bb][\/vc_column][vc_column width=\u00a0\u00bb1\/3&Prime; offset=\u00a0\u00bbvc_col-xs-offset-1 vc_col-xs-10&Prime; css=\u00a0\u00bb.vc_custom_1531975476081{padding-top: 100px !important;padding-bottom: 100px !important;}\u00a0\u00bb][vc_column_text]<em style=\"color: #c2a05b; font-size: 25px; letter-spacing: 1px; line-height: 1.8em;\">Chic et revitalisante, excellente \u00e0 consommer \u00e0 toute heure de la journ\u00e9e, c&rsquo;est une bonne option pour se rafra\u00eechir, accompagne parfaitement les repas l\u00e9gers et sains<\/em>[\/vc_column_text][vc_empty_space height=\u00a0\u00bb65vh\u00a0\u00bb css=\u00a0\u00bb.vc_custom_1531977881578{margin-top: 30px !important;margin-right: -60px !important;margin-bottom: 30px !important;margin-left: -60px !important;background-image: url(https:\/\/unusualblends.com\/wp-content\/uploads\/2018\/07\/FOTO-LIMON-COPA-copia.jpg?id=1332) !important;background-position: center !important;background-repeat: no-repeat !important;background-size: cover !important;}\u00a0\u00bb el_class=\u00a0\u00bbshow-for-small-only\u00a0\u00bb][vc_separator color=\u00a0\u00bbcustom\u00a0\u00bb align=\u00a0\u00bbalign_left\u00a0\u00bb border_width=\u00a0\u00bb2&Prime; el_width=\u00a0\u00bb20&Prime; accent_color=\u00a0\u00bb#eab54b\u00a0\u00bb css=\u00a0\u00bb.vc_custom_1531976206495{margin-top: 90px !important;margin-bottom: 90px !important;}\u00a0\u00bb el_class=\u00a0\u00bbhide-for-small-only\u00a0\u00bb][vc_column_text]<em class=\"emtext\" style=\"line-height: 2.8em; color: #808080;\"> Se mariera parfaitement avec du gin, tequila, rhum blanc ou pourquoi pas \u00e0 une bi\u00e8re artisanale fa\u00e7on panach\u00e9.<\/em>[\/vc_column_text][vc_row_inner][vc_column_inner el_class=\u00a0\u00bbtext-right\u00a0\u00bb]\t<a class=\"btn thb-text-style  accent animation fade-in \" href=\"\/wp-content\/uploads\/2019\/03\/CHICA_lemon-fr.pdf\" target=\"_blank\" role=\"button\" title=\"T\u00e9l\u00e9charger le fichier\"><span>T\u00e9l\u00e9charger le fichier<\/span><\/a>\n  \n  [\/vc_column_inner][\/vc_row_inner][\/vc_column][\/vc_row][vc_row thb_full_width=\u00a0\u00bbtrue\u00a0\u00bb thb_row_padding=\u00a0\u00bbtrue\u00a0\u00bb thb_column_padding=\u00a0\u00bbtrue\u00a0\u00bb thb_divider_position=\u00a0\u00bbbottom\u00a0\u00bb][vc_column width=\u00a0\u00bb1\/2&Prime; css=\u00a0\u00bb.vc_custom_1529579173944{padding-top: 180px !important;padding-right: 40px !important;padding-bottom: 40px !important;padding-left: 40px !important;background-image: url(https:\/\/unusualblends.com\/wp-content\/uploads\/2018\/06\/slide_2.jpg?id=628) !important;background-position: center !important;background-repeat: no-repeat !important;background-size: cover !important;}\u00a0\u00bb el_id=\u00a0\u00bbblocklink-albaricoque\u00a0\u00bb][vc_column_text animation=\u00a0\u00bbanimation top-to-bottom\u00a0\u00bb el_class=\u00a0\u00bbtext-white\u00a0\u00bb]<\/p>\n<h3 style=\"text-align: right;\"><a href=\"https:\/\/unusualblends.com\/fr\/chica-abricot\/\">ABRICOT<\/a><\/h3>\n<p>[\/vc_column_text][\/vc_column][vc_column width=\u00a0\u00bb1\/2&Prime; css=\u00a0\u00bb.vc_custom_1528887597178{padding-top: 180px !important;padding-right: 40px !important;padding-bottom: 40px !important;padding-left: 40px !important;background-image: url(https:\/\/unusualblends.com\/wp-content\/uploads\/2018\/06\/banner-derecha.jpg?id=917) !important;background-position: center !important;background-repeat: no-repeat !important;background-size: cover !important;}\u00a0\u00bb el_id=\u00a0\u00bbblocklink-mandarina\u00a0\u00bb][vc_column_text animation=\u00a0\u00bbanimation top-to-bottom\u00a0\u00bb el_class=\u00a0\u00bbtext-white\u00a0\u00bb]<\/p>\n<h3 style=\"text-align: left;\"><a href=\"https:\/\/unusualblends.com\/fr\/chica-mandarine\/\">MANDARINE<\/a><\/h3>\n<p>[\/vc_column_text][\/vc_column][\/vc_row]<\/p>\n<\/div>","protected":false},"excerpt":{"rendered":"<p>[vc_row thb_full_width=\u00a0\u00bbtrue\u00a0\u00bb content_placement=\u00a0\u00bbtop\u00a0\u00bb thb_scroll_bottom=\u00a0\u00bbtrue\u00a0\u00bb thb_scroll_bottom_style=\u00a0\u00bbstyle3&Prime; thb_scroll_bottom_color=\u00a0\u00bblight\u00a0\u00bb thb_divider_position=\u00a0\u00bbbottom\u00a0\u00bb el_class=\u00a0\u00bbalign-center bg-bottom\u00a0\u00bb][vc_column width=\u00a0\u00bb1\/3&Prime;][vc_column_text el_class=\u00a0\u00bbtext-white titulo-bebida\u00a0\u00bb] CITRON [\/vc_column_text][vc_column_text el_class=\u00a0\u00bbtext-white mobile-hidden-text desc-sabor\u00a0\u00bb]Elle est une CHICA \u00e9l\u00e9gante, charismatique et charmante avec une agr\u00e9able saveur citronn\u00e9e et une infusion rafra\u00eechissante des feuilles d\u2019olivier, basilic et menthe.[\/vc_column_text][\/vc_column][vc_column width=\u00a0\u00bb1\/3&Prime;][\/vc_column][vc_column width=\u00a0\u00bb1\/3&Prime;][vc_column_text el_class=\u00a0\u00bbtext-white titulo-notacata\u00a0\u00bb css=\u00a0\u00bb.vc_custom_1545130879526{margin-bottom: 20px !important;}\u00a0\u00bb]Note de d\u00e9gustation[\/vc_column_text][vc_column_text el_class=\u00a0\u00bbtext-white\u00a0\u00bb css=\u00a0\u00bb.vc_custom_1545130888721{margin-top: 0px !important;margin-bottom: 0px !important;padding-bottom: 5px&hellip;<\/p>\n","protected":false},"author":1,"featured_media":0,"parent":0,"menu_order":0,"comment_status":"closed","ping_status":"closed","template":"","meta":{"_acf_changed":false,"_exactmetrics_skip_tracking":false,"_exactmetrics_sitenote_active":false,"_exactmetrics_sitenote_note":"","_exactmetrics_sitenote_category":0,"footnotes":""},"acf":[],"yoast_head":"<!-- This site is optimized with the Yoast SEO plugin v22.8 - https:\/\/yoast.com\/wordpress\/plugins\/seo\/ -->\n<title>CHICA Citron - CHICA Unusual Blends<\/title>\n<meta name=\"robots\" content=\"index, follow, max-snippet:-1, max-image-preview:large, max-video-preview:-1\" \/>\n<link rel=\"canonical\" href=\"https:\/\/unusualblends.com\/chica-limon\/\" \/>\n<meta property=\"og:locale\" content=\"fr_FR\" \/>\n<meta property=\"og:type\" content=\"article\" \/>\n<meta property=\"og:title\" content=\"CHICA Citron - CHICA Unusual Blends\" \/>\n<meta property=\"og:description\" content=\"[vc_row thb_full_width=\u00a0\u00bbtrue\u00a0\u00bb content_placement=\u00a0\u00bbtop\u00a0\u00bb thb_scroll_bottom=\u00a0\u00bbtrue\u00a0\u00bb thb_scroll_bottom_style=\u00a0\u00bbstyle3&Prime; thb_scroll_bottom_color=\u00a0\u00bblight\u00a0\u00bb thb_divider_position=\u00a0\u00bbbottom\u00a0\u00bb el_class=\u00a0\u00bbalign-center bg-bottom\u00a0\u00bb][vc_column width=\u00a0\u00bb1\/3&Prime;][vc_column_text el_class=\u00a0\u00bbtext-white titulo-bebida\u00a0\u00bb] CITRON [\/vc_column_text][vc_column_text el_class=\u00a0\u00bbtext-white mobile-hidden-text desc-sabor\u00a0\u00bb]Elle est une CHICA \u00e9l\u00e9gante, charismatique et charmante avec une agr\u00e9able saveur citronn\u00e9e et une infusion rafra\u00eechissante des feuilles d\u2019olivier, basilic et menthe.[\/vc_column_text][\/vc_column][vc_column width=\u00a0\u00bb1\/3&Prime;][\/vc_column][vc_column width=\u00a0\u00bb1\/3&Prime;][vc_column_text el_class=\u00a0\u00bbtext-white titulo-notacata\u00a0\u00bb css=\u00a0\u00bb.vc_custom_1545130879526{margin-bottom: 20px !important;}\u00a0\u00bb]Note de d\u00e9gustation[\/vc_column_text][vc_column_text el_class=\u00a0\u00bbtext-white\u00a0\u00bb css=\u00a0\u00bb.vc_custom_1545130888721{margin-top: 0px !important;margin-bottom: 0px !important;padding-bottom: 5px&hellip;\" \/>\n<meta property=\"og:url\" content=\"https:\/\/unusualblends.com\/chica-limon\/\" \/>\n<meta property=\"og:site_name\" content=\"CHICA Unusual Blends\" \/>\n<meta property=\"article:modified_time\" content=\"2019-04-08T15:41:55+00:00\" \/>\n<meta name=\"twitter:card\" content=\"summary_large_image\" \/>\n<meta name=\"twitter:label1\" content=\"Dur\u00e9e de lecture estim\u00e9e\" \/>\n\t<meta name=\"twitter:data1\" content=\"3 minutes\" \/>\n<script type=\"application\/ld+json\" class=\"yoast-schema-graph\">{\"@context\":\"https:\/\/schema.org\",\"@graph\":[{\"@type\":\"WebPage\",\"@id\":\"https:\/\/unusualblends.com\/chica-limon\/\",\"url\":\"https:\/\/unusualblends.com\/chica-limon\/\",\"name\":\"CHICA Citron - CHICA Unusual Blends\",\"isPartOf\":{\"@id\":\"https:\/\/unusualblends.com\/#website\"},\"datePublished\":\"2018-06-12T16:23:59+00:00\",\"dateModified\":\"2019-04-08T15:41:55+00:00\",\"breadcrumb\":{\"@id\":\"https:\/\/unusualblends.com\/chica-limon\/#breadcrumb\"},\"inLanguage\":\"fr-FR\",\"potentialAction\":[{\"@type\":\"ReadAction\",\"target\":[\"https:\/\/unusualblends.com\/chica-limon\/\"]}]},{\"@type\":\"BreadcrumbList\",\"@id\":\"https:\/\/unusualblends.com\/chica-limon\/#breadcrumb\",\"itemListElement\":[{\"@type\":\"ListItem\",\"position\":1,\"name\":\"Portada\",\"item\":\"https:\/\/unusualblends.com\/fr\/\"},{\"@type\":\"ListItem\",\"position\":2,\"name\":\"CHICA Citron\"}]},{\"@type\":\"WebSite\",\"@id\":\"https:\/\/unusualblends.com\/#website\",\"url\":\"https:\/\/unusualblends.com\/\",\"name\":\"CHICA Unusual Blends\",\"description\":\"Infusi\u00f3n Ecol\u00f3gica Premium\",\"publisher\":{\"@id\":\"https:\/\/unusualblends.com\/#organization\"},\"potentialAction\":[{\"@type\":\"SearchAction\",\"target\":{\"@type\":\"EntryPoint\",\"urlTemplate\":\"https:\/\/unusualblends.com\/?s={search_term_string}\"},\"query-input\":\"required name=search_term_string\"}],\"inLanguage\":\"fr-FR\"},{\"@type\":\"Organization\",\"@id\":\"https:\/\/unusualblends.com\/#organization\",\"name\":\"CHICA Unusual Blends\",\"url\":\"https:\/\/unusualblends.com\/\",\"logo\":{\"@type\":\"ImageObject\",\"inLanguage\":\"fr-FR\",\"@id\":\"https:\/\/unusualblends.com\/#\/schema\/logo\/image\/\",\"url\":\"https:\/\/unusualblends.com\/wp-content\/uploads\/2018\/06\/image.png\",\"contentUrl\":\"https:\/\/unusualblends.com\/wp-content\/uploads\/2018\/06\/image.png\",\"width\":418,\"height\":81,\"caption\":\"CHICA Unusual Blends\"},\"image\":{\"@id\":\"https:\/\/unusualblends.com\/#\/schema\/logo\/image\/\"}}]}<\/script>\n<!-- \/ Yoast SEO plugin. -->","yoast_head_json":{"title":"CHICA Citron - CHICA Unusual Blends","robots":{"index":"index","follow":"follow","max-snippet":"max-snippet:-1","max-image-preview":"max-image-preview:large","max-video-preview":"max-video-preview:-1"},"canonical":"https:\/\/unusualblends.com\/chica-limon\/","og_locale":"fr_FR","og_type":"article","og_title":"CHICA Citron - CHICA Unusual Blends","og_description":"[vc_row thb_full_width=\u00a0\u00bbtrue\u00a0\u00bb content_placement=\u00a0\u00bbtop\u00a0\u00bb thb_scroll_bottom=\u00a0\u00bbtrue\u00a0\u00bb thb_scroll_bottom_style=\u00a0\u00bbstyle3&Prime; thb_scroll_bottom_color=\u00a0\u00bblight\u00a0\u00bb thb_divider_position=\u00a0\u00bbbottom\u00a0\u00bb el_class=\u00a0\u00bbalign-center bg-bottom\u00a0\u00bb][vc_column width=\u00a0\u00bb1\/3&Prime;][vc_column_text el_class=\u00a0\u00bbtext-white titulo-bebida\u00a0\u00bb] CITRON [\/vc_column_text][vc_column_text el_class=\u00a0\u00bbtext-white mobile-hidden-text desc-sabor\u00a0\u00bb]Elle est une CHICA \u00e9l\u00e9gante, charismatique et charmante avec une agr\u00e9able saveur citronn\u00e9e et une infusion rafra\u00eechissante des feuilles d\u2019olivier, basilic et menthe.[\/vc_column_text][\/vc_column][vc_column width=\u00a0\u00bb1\/3&Prime;][\/vc_column][vc_column width=\u00a0\u00bb1\/3&Prime;][vc_column_text el_class=\u00a0\u00bbtext-white titulo-notacata\u00a0\u00bb css=\u00a0\u00bb.vc_custom_1545130879526{margin-bottom: 20px !important;}\u00a0\u00bb]Note de d\u00e9gustation[\/vc_column_text][vc_column_text el_class=\u00a0\u00bbtext-white\u00a0\u00bb css=\u00a0\u00bb.vc_custom_1545130888721{margin-top: 0px !important;margin-bottom: 0px !important;padding-bottom: 5px&hellip;","og_url":"https:\/\/unusualblends.com\/chica-limon\/","og_site_name":"CHICA Unusual Blends","article_modified_time":"2019-04-08T15:41:55+00:00","twitter_card":"summary_large_image","twitter_misc":{"Dur\u00e9e de lecture estim\u00e9e":"3 minutes"},"schema":{"@context":"https:\/\/schema.org","@graph":[{"@type":"WebPage","@id":"https:\/\/unusualblends.com\/chica-limon\/","url":"https:\/\/unusualblends.com\/chica-limon\/","name":"CHICA Citron - CHICA Unusual Blends","isPartOf":{"@id":"https:\/\/unusualblends.com\/#website"},"datePublished":"2018-06-12T16:23:59+00:00","dateModified":"2019-04-08T15:41:55+00:00","breadcrumb":{"@id":"https:\/\/unusualblends.com\/chica-limon\/#breadcrumb"},"inLanguage":"fr-FR","potentialAction":[{"@type":"ReadAction","target":["https:\/\/unusualblends.com\/chica-limon\/"]}]},{"@type":"BreadcrumbList","@id":"https:\/\/unusualblends.com\/chica-limon\/#breadcrumb","itemListElement":[{"@type":"ListItem","position":1,"name":"Portada","item":"https:\/\/unusualblends.com\/fr\/"},{"@type":"ListItem","position":2,"name":"CHICA Citron"}]},{"@type":"WebSite","@id":"https:\/\/unusualblends.com\/#website","url":"https:\/\/unusualblends.com\/","name":"CHICA Unusual Blends","description":"Infusi\u00f3n Ecol\u00f3gica Premium","publisher":{"@id":"https:\/\/unusualblends.com\/#organization"},"potentialAction":[{"@type":"SearchAction","target":{"@type":"EntryPoint","urlTemplate":"https:\/\/unusualblends.com\/?s={search_term_string}"},"query-input":"required name=search_term_string"}],"inLanguage":"fr-FR"},{"@type":"Organization","@id":"https:\/\/unusualblends.com\/#organization","name":"CHICA Unusual Blends","url":"https:\/\/unusualblends.com\/","logo":{"@type":"ImageObject","inLanguage":"fr-FR","@id":"https:\/\/unusualblends.com\/#\/schema\/logo\/image\/","url":"https:\/\/unusualblends.com\/wp-content\/uploads\/2018\/06\/image.png","contentUrl":"https:\/\/unusualblends.com\/wp-content\/uploads\/2018\/06\/image.png","width":418,"height":81,"caption":"CHICA Unusual Blends"},"image":{"@id":"https:\/\/unusualblends.com\/#\/schema\/logo\/image\/"}}]}},"_links":{"self":[{"href":"https:\/\/unusualblends.com\/fr\/wp-json\/wp\/v2\/pages\/1842"}],"collection":[{"href":"https:\/\/unusualblends.com\/fr\/wp-json\/wp\/v2\/pages"}],"about":[{"href":"https:\/\/unusualblends.com\/fr\/wp-json\/wp\/v2\/types\/page"}],"author":[{"embeddable":true,"href":"https:\/\/unusualblends.com\/fr\/wp-json\/wp\/v2\/users\/1"}],"replies":[{"embeddable":true,"href":"https:\/\/unusualblends.com\/fr\/wp-json\/wp\/v2\/comments?post=1842"}],"version-history":[{"count":8,"href":"https:\/\/unusualblends.com\/fr\/wp-json\/wp\/v2\/pages\/1842\/revisions"}],"predecessor-version":[{"id":2452,"href":"https:\/\/unusualblends.com\/fr\/wp-json\/wp\/v2\/pages\/1842\/revisions\/2452"}],"wp:attachment":[{"href":"https:\/\/unusualblends.com\/fr\/wp-json\/wp\/v2\/media?parent=1842"}],"curies":[{"name":"wp","href":"https:\/\/api.w.org\/{rel}","templated":true}]}}