{"id":1846,"date":"2016-09-21T13:06:13","date_gmt":"2016-09-21T13:06:13","guid":{"rendered":"https:\/\/unusualblends.com\/contacto\/"},"modified":"2019-04-08T15:27:59","modified_gmt":"2019-04-08T15:27:59","slug":"contact","status":"publish","type":"page","link":"https:\/\/unusualblends.com\/fr\/contact\/","title":{"rendered":"Contact"},"content":{"rendered":"<div class=\"wpb-content-wrapper\"><p>[vc_row thb_full_width=\u00a0\u00bbtrue\u00a0\u00bb thb_row_padding=\u00a0\u00bbtrue\u00a0\u00bb thb_column_padding=\u00a0\u00bbtrue\u00a0\u00bb thb_divider_position=\u00a0\u00bbbottom\u00a0\u00bb css=\u00a0\u00bb.vc_custom_1531135751559{background-image: url(https:\/\/unusualblends.com\/wp-content\/uploads\/2018\/06\/fondo-contact.jpg?id=930) !important;}\u00a0\u00bb el_class=\u00a0\u00bbBG-BTL mobile-height-40vh\u00a0\u00bb][vc_column][\/vc_column][\/vc_row][vc_row thb_divider_position=\u00a0\u00bbbottom\u00a0\u00bb el_class=\u00a0\u00bbalign-center\u00a0\u00bb css=\u00a0\u00bb.vc_custom_1474474645883{padding-top: 10vh !important;padding-bottom: 10vh !important;}\u00a0\u00bb][vc_column offset=\u00a0\u00bbvc_col-lg-10 vc_col-md-12 vc_col-xs-10&Prime;][vc_row_inner][vc_column_inner width=\u00a0\u00bb1\/4&Prime; offset=\u00a0\u00bbvc_col-xs-12&Prime;][vc_column_text css=\u00a0\u00bb.vc_custom_1554737277663{border-bottom-width: 2px !important;padding-bottom: 30px !important;border-bottom-color: #f4f4f4 !important;border-bottom-style: solid !important;}\u00a0\u00bb]<\/p>\n<p><strong>Information<\/strong><\/p>\n<p style=\"font-size: 14px;\">Calle Montsant 23 Bajos 1. 08031 Barcelona Espa\u00f1a<\/p>\n<p style=\"font-size: 14px;\"><a href=\"tel:+34 934292915\">+34 934292915<\/a><\/p>\n<p>[\/vc_column_text][vc_column_text css=\u00a0\u00bb.vc_custom_1545128974964{border-bottom-width: 2px !important;padding-bottom: 30px !important;border-bottom-color: #f4f4f4 !important;border-bottom-style: solid !important;}\u00a0\u00bb]<strong>Distribution<\/strong><\/p>\n<p style=\"font-size: 14px;\">Souhaitez-vous distribuer CHICA ? Contactez-nous.<\/p>\n<p style=\"font-size: 14px;\"><a href=\"mailto:sales@unusualblends.com\">sales@unusualblends.com<\/a><\/p>\n<p>[\/vc_column_text][vc_column_text css=\u00a0\u00bb.vc_custom_1545128986291{border-bottom-width: 2px !important;padding-bottom: 30px !important;border-bottom-color: #f4f4f4 !important;border-bottom-style: solid !important;}\u00a0\u00bb]<strong>Presse<\/strong><\/p>\n<p style=\"font-size: 14px;\">Si vous \u00eates journaliste et que vous souhaitez obtenir plus d&rsquo;informations, \u00e9crivez-nous \u00e0 l&rsquo;adresse suivante:<\/p>\n<p style=\"font-size: 14px;\"><a href=\"mailto:press@unusualblends.com\">press@unusualblends.com<\/a><\/p>\n<p>[\/vc_column_text][vc_column_text css=\u00a0\u00bb.vc_custom_1553686139691{border-bottom-width: 2px !important;padding-bottom: 30px !important;border-bottom-color: #f4f4f4 !important;border-bottom-style: solid !important;}\u00a0\u00bb]<strong>Investissez dans CHICA<\/strong><\/p>\n<p style=\"font-size: 14px;\">Aimez-vous notre concept et souhaitez-vous investir dans CHICA? Entrer en contact avec nous:<\/p>\n<p style=\"font-size: 14px;\"><a href=\"mailto:invest@unusualblends.com\">invest@unusualblends.com<\/a><\/p>\n<p>[\/vc_column_text][vc_column_text]<strong>\u00a1Ecrivez nous!<\/strong><\/p>\n<p style=\"font-size: 14px;\">Avez-vous envie de nous saluer ou devez-vous nous \u00e9crire quelque chose? Envoyez-nous un email \u00e0 l&rsquo;adresse suivante:<\/p>\n<p style=\"font-size: 14px;\"><a href=\"mailto:info@unusualblends.com\">info@unusualblends.com<\/a><\/p>\n<p>[\/vc_column_text][\/vc_column_inner][vc_column_inner width=\u00a0\u00bb3\/4&Prime; offset=\u00a0\u00bbvc_col-xs-12&Prime;]\n<div class=\"wpcf7 no-js\" id=\"wpcf7-f1891-o1\" lang=\"es-ES\" dir=\"ltr\">\n<div class=\"screen-reader-response\"><p role=\"status\" aria-live=\"polite\" aria-atomic=\"true\"><\/p> <ul><\/ul><\/div>\n<form action=\"\/fr\/wp-json\/wp\/v2\/pages\/1846#wpcf7-f1891-o1\" method=\"post\" class=\"wpcf7-form init\" aria-label=\"Formulario de contacto\" novalidate=\"novalidate\" data-status=\"init\">\n<div style=\"display: none;\">\n<input type=\"hidden\" name=\"_wpcf7\" value=\"1891\" \/>\n<input type=\"hidden\" name=\"_wpcf7_version\" value=\"5.9.5\" \/>\n<input type=\"hidden\" name=\"_wpcf7_locale\" value=\"es_ES\" \/>\n<input type=\"hidden\" name=\"_wpcf7_unit_tag\" value=\"wpcf7-f1891-o1\" \/>\n<input type=\"hidden\" name=\"_wpcf7_container_post\" value=\"0\" \/>\n<input type=\"hidden\" name=\"_wpcf7_posted_data_hash\" value=\"\" \/>\n<input type=\"hidden\" name=\"_wpcf7_recaptcha_response\" value=\"\" \/>\n<\/div>\n<p><label> Nom (obligatoire)<br \/>\n<span class=\"wpcf7-form-control-wrap\" data-name=\"your-name\"><input size=\"40\" class=\"wpcf7-form-control wpcf7-text wpcf7-validates-as-required\" aria-required=\"true\" aria-invalid=\"false\" value=\"\" type=\"text\" name=\"your-name\" \/><\/span> <\/label>\n<\/p>\n<p><label> Email (obligatoire)<br \/>\n<span class=\"wpcf7-form-control-wrap\" data-name=\"your-email\"><input size=\"40\" class=\"wpcf7-form-control wpcf7-email wpcf7-validates-as-required wpcf7-text wpcf7-validates-as-email\" aria-required=\"true\" aria-invalid=\"false\" value=\"\" type=\"email\" name=\"your-email\" \/><\/span> <\/label>\n<\/p>\n<p><label> Sujet<br \/>\n<span class=\"wpcf7-form-control-wrap\" data-name=\"your-subject\"><input size=\"40\" class=\"wpcf7-form-control wpcf7-text\" aria-invalid=\"false\" value=\"\" type=\"text\" name=\"your-subject\" \/><\/span> <\/label>\n<\/p>\n<p><label> Message<br \/>\n<span class=\"wpcf7-form-control-wrap\" data-name=\"your-message\"><textarea cols=\"40\" rows=\"10\" class=\"wpcf7-form-control wpcf7-textarea\" aria-invalid=\"false\" name=\"your-message\"><\/textarea><\/span> <\/label><br \/>\n<span class=\"wpcf7-form-control-wrap\" data-name=\"acceptance-279\"><span class=\"wpcf7-form-control wpcf7-acceptance\"><span class=\"wpcf7-list-item\"><input type=\"checkbox\" name=\"acceptance-279\" value=\"1\" aria-invalid=\"false\" \/><\/span><\/span><\/span><span style=\"font-size:11px;\"> J'ai lu et accept\u00e9 les <a target=\"_blank\" rel=\"nofollow noopener noreferrer\" href=\"\/fr\/mentions-legales\/\">mentions l\u00e9gales<\/a> et la <a target=\"_blank\" rel=\"nofollow noopener noreferrer\" href=\"\/fr\/politique-de-confidentialite\/\">politique de confidentialit\u00e9<\/a>.<\/span><br \/>\n<span class=\"wpcf7-form-control-wrap\" data-name=\"acceptance-415\"><span class=\"wpcf7-form-control wpcf7-acceptance optional\"><span class=\"wpcf7-list-item\"><input type=\"checkbox\" name=\"acceptance-415\" value=\"1\" aria-invalid=\"false\" \/><\/span><\/span><\/span><span style=\"font-size:11px;\"> J'accepte de recevoir les informations que l'entit\u00e9 estime opportun de m'envoyer par courrier \u00e9lectronique ou par un moyen de communication \u00e9lectronique \u00e9quivalent. (Il est possible de se d\u00e9sabonner \u00e0 tout moment).<\/span>\n<\/p>\n<div class=\"row\">\n\t<div class=\"medium-6\" style=\"padding:0 15px;\">\n\t\n\t<\/div>\n\t<div class=\"medium-6 text-right\" style=\"   padding:0 15px; padding-top: 10px;\">\n\t\t<p><input class=\"wpcf7-form-control wpcf7-submit has-spinner pull-right\" type=\"submit\" value=\"Enviar\" \/>\n\t\t<\/p>\n\t<\/div>\n<\/div><div class=\"wpcf7-response-output\" aria-hidden=\"true\"><\/div>\n<\/form>\n<\/div>\n[\/vc_column_inner][\/vc_row_inner][\/vc_column][\/vc_row]<\/p>\n<\/div>","protected":false},"excerpt":{"rendered":"<p>[vc_row thb_full_width=\u00a0\u00bbtrue\u00a0\u00bb thb_row_padding=\u00a0\u00bbtrue\u00a0\u00bb thb_column_padding=\u00a0\u00bbtrue\u00a0\u00bb thb_divider_position=\u00a0\u00bbbottom\u00a0\u00bb css=\u00a0\u00bb.vc_custom_1531135751559{background-image: url(https:\/\/unusualblends.com\/wp-content\/uploads\/2018\/06\/fondo-contact.jpg?id=930) !important;}\u00a0\u00bb el_class=\u00a0\u00bbBG-BTL mobile-height-40vh\u00a0\u00bb][vc_column][\/vc_column][\/vc_row][vc_row thb_divider_position=\u00a0\u00bbbottom\u00a0\u00bb el_class=\u00a0\u00bbalign-center\u00a0\u00bb css=\u00a0\u00bb.vc_custom_1474474645883{padding-top: 10vh !important;padding-bottom: 10vh !important;}\u00a0\u00bb][vc_column offset=\u00a0\u00bbvc_col-lg-10 vc_col-md-12 vc_col-xs-10&Prime;][vc_row_inner][vc_column_inner width=\u00a0\u00bb1\/4&Prime; offset=\u00a0\u00bbvc_col-xs-12&Prime;][vc_column_text css=\u00a0\u00bb.vc_custom_1554737277663{border-bottom-width: 2px !important;padding-bottom: 30px !important;border-bottom-color: #f4f4f4 !important;border-bottom-style: solid !important;}\u00a0\u00bb] Information Calle Montsant 23 Bajos 1. 08031 Barcelona Espa\u00f1a +34 934292915 [\/vc_column_text][vc_column_text css=\u00a0\u00bb.vc_custom_1545128974964{border-bottom-width: 2px !important;padding-bottom: 30px !important;border-bottom-color: #f4f4f4 !important;border-bottom-style: solid !important;}\u00a0\u00bb]Distribution Souhaitez-vous distribuer CHICA&hellip;<\/p>\n","protected":false},"author":1,"featured_media":0,"parent":0,"menu_order":0,"comment_status":"closed","ping_status":"closed","template":"","meta":{"_acf_changed":false,"_exactmetrics_skip_tracking":false,"_exactmetrics_sitenote_active":false,"_exactmetrics_sitenote_note":"","_exactmetrics_sitenote_category":0,"footnotes":""},"acf":[],"yoast_head":"<!-- This site is optimized with the Yoast SEO plugin v22.8 - https:\/\/yoast.com\/wordpress\/plugins\/seo\/ -->\n<title>Contact - CHICA Unusual Blends<\/title>\n<meta name=\"robots\" content=\"index, follow, max-snippet:-1, max-image-preview:large, max-video-preview:-1\" \/>\n<link rel=\"canonical\" href=\"https:\/\/unusualblends.com\/contacto\/\" \/>\n<meta property=\"og:locale\" content=\"fr_FR\" \/>\n<meta property=\"og:type\" content=\"article\" \/>\n<meta property=\"og:title\" content=\"Contact - CHICA Unusual Blends\" \/>\n<meta property=\"og:description\" content=\"[vc_row thb_full_width=\u00a0\u00bbtrue\u00a0\u00bb thb_row_padding=\u00a0\u00bbtrue\u00a0\u00bb thb_column_padding=\u00a0\u00bbtrue\u00a0\u00bb thb_divider_position=\u00a0\u00bbbottom\u00a0\u00bb css=\u00a0\u00bb.vc_custom_1531135751559{background-image: url(https:\/\/unusualblends.com\/wp-content\/uploads\/2018\/06\/fondo-contact.jpg?id=930) !important;}\u00a0\u00bb el_class=\u00a0\u00bbBG-BTL mobile-height-40vh\u00a0\u00bb][vc_column][\/vc_column][\/vc_row][vc_row thb_divider_position=\u00a0\u00bbbottom\u00a0\u00bb el_class=\u00a0\u00bbalign-center\u00a0\u00bb css=\u00a0\u00bb.vc_custom_1474474645883{padding-top: 10vh !important;padding-bottom: 10vh !important;}\u00a0\u00bb][vc_column offset=\u00a0\u00bbvc_col-lg-10 vc_col-md-12 vc_col-xs-10&Prime;][vc_row_inner][vc_column_inner width=\u00a0\u00bb1\/4&Prime; offset=\u00a0\u00bbvc_col-xs-12&Prime;][vc_column_text css=\u00a0\u00bb.vc_custom_1554737277663{border-bottom-width: 2px !important;padding-bottom: 30px !important;border-bottom-color: #f4f4f4 !important;border-bottom-style: solid !important;}\u00a0\u00bb] Information Calle Montsant 23 Bajos 1. 08031 Barcelona Espa\u00f1a +34 934292915 [\/vc_column_text][vc_column_text css=\u00a0\u00bb.vc_custom_1545128974964{border-bottom-width: 2px !important;padding-bottom: 30px !important;border-bottom-color: #f4f4f4 !important;border-bottom-style: solid !important;}\u00a0\u00bb]Distribution Souhaitez-vous distribuer CHICA&hellip;\" \/>\n<meta property=\"og:url\" content=\"https:\/\/unusualblends.com\/contacto\/\" \/>\n<meta property=\"og:site_name\" content=\"CHICA Unusual Blends\" \/>\n<meta property=\"article:modified_time\" content=\"2019-04-08T15:27:59+00:00\" \/>\n<meta name=\"twitter:card\" content=\"summary_large_image\" \/>\n<meta name=\"twitter:label1\" content=\"Dur\u00e9e de lecture estim\u00e9e\" \/>\n\t<meta name=\"twitter:data1\" content=\"1 minute\" \/>\n<script type=\"application\/ld+json\" class=\"yoast-schema-graph\">{\"@context\":\"https:\/\/schema.org\",\"@graph\":[{\"@type\":\"WebPage\",\"@id\":\"https:\/\/unusualblends.com\/contacto\/\",\"url\":\"https:\/\/unusualblends.com\/contacto\/\",\"name\":\"Contact - CHICA Unusual Blends\",\"isPartOf\":{\"@id\":\"https:\/\/unusualblends.com\/#website\"},\"datePublished\":\"2016-09-21T13:06:13+00:00\",\"dateModified\":\"2019-04-08T15:27:59+00:00\",\"breadcrumb\":{\"@id\":\"https:\/\/unusualblends.com\/contacto\/#breadcrumb\"},\"inLanguage\":\"fr-FR\",\"potentialAction\":[{\"@type\":\"ReadAction\",\"target\":[\"https:\/\/unusualblends.com\/contacto\/\"]}]},{\"@type\":\"BreadcrumbList\",\"@id\":\"https:\/\/unusualblends.com\/contacto\/#breadcrumb\",\"itemListElement\":[{\"@type\":\"ListItem\",\"position\":1,\"name\":\"Portada\",\"item\":\"https:\/\/unusualblends.com\/fr\/\"},{\"@type\":\"ListItem\",\"position\":2,\"name\":\"Contact\"}]},{\"@type\":\"WebSite\",\"@id\":\"https:\/\/unusualblends.com\/#website\",\"url\":\"https:\/\/unusualblends.com\/\",\"name\":\"CHICA Unusual Blends\",\"description\":\"Infusi\u00f3n Ecol\u00f3gica Premium\",\"publisher\":{\"@id\":\"https:\/\/unusualblends.com\/#organization\"},\"potentialAction\":[{\"@type\":\"SearchAction\",\"target\":{\"@type\":\"EntryPoint\",\"urlTemplate\":\"https:\/\/unusualblends.com\/?s={search_term_string}\"},\"query-input\":\"required name=search_term_string\"}],\"inLanguage\":\"fr-FR\"},{\"@type\":\"Organization\",\"@id\":\"https:\/\/unusualblends.com\/#organization\",\"name\":\"CHICA Unusual Blends\",\"url\":\"https:\/\/unusualblends.com\/\",\"logo\":{\"@type\":\"ImageObject\",\"inLanguage\":\"fr-FR\",\"@id\":\"https:\/\/unusualblends.com\/#\/schema\/logo\/image\/\",\"url\":\"https:\/\/unusualblends.com\/wp-content\/uploads\/2018\/06\/image.png\",\"contentUrl\":\"https:\/\/unusualblends.com\/wp-content\/uploads\/2018\/06\/image.png\",\"width\":418,\"height\":81,\"caption\":\"CHICA Unusual Blends\"},\"image\":{\"@id\":\"https:\/\/unusualblends.com\/#\/schema\/logo\/image\/\"}}]}<\/script>\n<!-- \/ Yoast SEO plugin. -->","yoast_head_json":{"title":"Contact - CHICA Unusual Blends","robots":{"index":"index","follow":"follow","max-snippet":"max-snippet:-1","max-image-preview":"max-image-preview:large","max-video-preview":"max-video-preview:-1"},"canonical":"https:\/\/unusualblends.com\/contacto\/","og_locale":"fr_FR","og_type":"article","og_title":"Contact - CHICA Unusual Blends","og_description":"[vc_row thb_full_width=\u00a0\u00bbtrue\u00a0\u00bb thb_row_padding=\u00a0\u00bbtrue\u00a0\u00bb thb_column_padding=\u00a0\u00bbtrue\u00a0\u00bb thb_divider_position=\u00a0\u00bbbottom\u00a0\u00bb css=\u00a0\u00bb.vc_custom_1531135751559{background-image: url(https:\/\/unusualblends.com\/wp-content\/uploads\/2018\/06\/fondo-contact.jpg?id=930) !important;}\u00a0\u00bb el_class=\u00a0\u00bbBG-BTL mobile-height-40vh\u00a0\u00bb][vc_column][\/vc_column][\/vc_row][vc_row thb_divider_position=\u00a0\u00bbbottom\u00a0\u00bb el_class=\u00a0\u00bbalign-center\u00a0\u00bb css=\u00a0\u00bb.vc_custom_1474474645883{padding-top: 10vh !important;padding-bottom: 10vh !important;}\u00a0\u00bb][vc_column offset=\u00a0\u00bbvc_col-lg-10 vc_col-md-12 vc_col-xs-10&Prime;][vc_row_inner][vc_column_inner width=\u00a0\u00bb1\/4&Prime; offset=\u00a0\u00bbvc_col-xs-12&Prime;][vc_column_text css=\u00a0\u00bb.vc_custom_1554737277663{border-bottom-width: 2px !important;padding-bottom: 30px !important;border-bottom-color: #f4f4f4 !important;border-bottom-style: solid !important;}\u00a0\u00bb] Information Calle Montsant 23 Bajos 1. 08031 Barcelona Espa\u00f1a +34 934292915 [\/vc_column_text][vc_column_text css=\u00a0\u00bb.vc_custom_1545128974964{border-bottom-width: 2px !important;padding-bottom: 30px !important;border-bottom-color: #f4f4f4 !important;border-bottom-style: solid !important;}\u00a0\u00bb]Distribution Souhaitez-vous distribuer CHICA&hellip;","og_url":"https:\/\/unusualblends.com\/contacto\/","og_site_name":"CHICA Unusual Blends","article_modified_time":"2019-04-08T15:27:59+00:00","twitter_card":"summary_large_image","twitter_misc":{"Dur\u00e9e de lecture estim\u00e9e":"1 minute"},"schema":{"@context":"https:\/\/schema.org","@graph":[{"@type":"WebPage","@id":"https:\/\/unusualblends.com\/contacto\/","url":"https:\/\/unusualblends.com\/contacto\/","name":"Contact - CHICA Unusual Blends","isPartOf":{"@id":"https:\/\/unusualblends.com\/#website"},"datePublished":"2016-09-21T13:06:13+00:00","dateModified":"2019-04-08T15:27:59+00:00","breadcrumb":{"@id":"https:\/\/unusualblends.com\/contacto\/#breadcrumb"},"inLanguage":"fr-FR","potentialAction":[{"@type":"ReadAction","target":["https:\/\/unusualblends.com\/contacto\/"]}]},{"@type":"BreadcrumbList","@id":"https:\/\/unusualblends.com\/contacto\/#breadcrumb","itemListElement":[{"@type":"ListItem","position":1,"name":"Portada","item":"https:\/\/unusualblends.com\/fr\/"},{"@type":"ListItem","position":2,"name":"Contact"}]},{"@type":"WebSite","@id":"https:\/\/unusualblends.com\/#website","url":"https:\/\/unusualblends.com\/","name":"CHICA Unusual Blends","description":"Infusi\u00f3n Ecol\u00f3gica Premium","publisher":{"@id":"https:\/\/unusualblends.com\/#organization"},"potentialAction":[{"@type":"SearchAction","target":{"@type":"EntryPoint","urlTemplate":"https:\/\/unusualblends.com\/?s={search_term_string}"},"query-input":"required name=search_term_string"}],"inLanguage":"fr-FR"},{"@type":"Organization","@id":"https:\/\/unusualblends.com\/#organization","name":"CHICA Unusual Blends","url":"https:\/\/unusualblends.com\/","logo":{"@type":"ImageObject","inLanguage":"fr-FR","@id":"https:\/\/unusualblends.com\/#\/schema\/logo\/image\/","url":"https:\/\/unusualblends.com\/wp-content\/uploads\/2018\/06\/image.png","contentUrl":"https:\/\/unusualblends.com\/wp-content\/uploads\/2018\/06\/image.png","width":418,"height":81,"caption":"CHICA Unusual Blends"},"image":{"@id":"https:\/\/unusualblends.com\/#\/schema\/logo\/image\/"}}]}},"_links":{"self":[{"href":"https:\/\/unusualblends.com\/fr\/wp-json\/wp\/v2\/pages\/1846"}],"collection":[{"href":"https:\/\/unusualblends.com\/fr\/wp-json\/wp\/v2\/pages"}],"about":[{"href":"https:\/\/unusualblends.com\/fr\/wp-json\/wp\/v2\/types\/page"}],"author":[{"embeddable":true,"href":"https:\/\/unusualblends.com\/fr\/wp-json\/wp\/v2\/users\/1"}],"replies":[{"embeddable":true,"href":"https:\/\/unusualblends.com\/fr\/wp-json\/wp\/v2\/comments?post=1846"}],"version-history":[{"count":9,"href":"https:\/\/unusualblends.com\/fr\/wp-json\/wp\/v2\/pages\/1846\/revisions"}],"predecessor-version":[{"id":2447,"href":"https:\/\/unusualblends.com\/fr\/wp-json\/wp\/v2\/pages\/1846\/revisions\/2447"}],"wp:attachment":[{"href":"https:\/\/unusualblends.com\/fr\/wp-json\/wp\/v2\/media?parent=1846"}],"curies":[{"name":"wp","href":"https:\/\/api.w.org\/{rel}","templated":true}]}}