{"id":1848,"date":"2016-09-18T10:13:37","date_gmt":"2016-09-18T10:13:37","guid":{"rendered":"https:\/\/unusualblends.com\/el-producto\/"},"modified":"2020-11-03T16:08:12","modified_gmt":"2020-11-03T16:08:12","slug":"le-produit","status":"publish","type":"page","link":"https:\/\/unusualblends.com\/fr\/le-produit\/","title":{"rendered":"Le Produit"},"content":{"rendered":"<div class=\"wpb-content-wrapper\"><p>[vc_row thb_full_width=\u00a0\u00bbtrue\u00a0\u00bb thb_scroll_bottom=\u00a0\u00bbtrue\u00a0\u00bb thb_scroll_bottom_style=\u00a0\u00bbstyle3&Prime; thb_scroll_bottom_color=\u00a0\u00bblight\u00a0\u00bb thb_divider_position=\u00a0\u00bbbottom\u00a0\u00bb el_class=\u00a0\u00bbalign-center bg-bt\u00a0\u00bb css=\u00a0\u00bb.vc_custom_1604419693140{padding-top: 39vh !important;padding-bottom: 39vh !important;background-image: url(https:\/\/unusualblends.com\/wp-content\/uploads\/2019\/03\/headerchica.jpg?id=2175) !important;}\u00a0\u00bb][vc_column][\/vc_column][\/vc_row][vc_row thb_divider_position=\u00a0\u00bbbottom\u00a0\u00bb el_class=\u00a0\u00bbalign-center\u00a0\u00bb css=\u00a0\u00bb.vc_custom_1553513796522{padding-top: 80px !important;padding-bottom: 40px !important;}\u00a0\u00bb][vc_column offset=\u00a0\u00bbvc_col-lg-7 vc_col-md-9 vc_col-xs-10&Prime;][vc_column_text]<\/p>\n<h1 style=\"text-align: center; font-size: 41px;\"><span style=\"color: #c2a05b;\">LE PRODUIT<\/span><\/h1>\n<p>[\/vc_column_text][vc_column_text css=\u00a0\u00bb.vc_custom_1545128001915{margin-bottom: 35px !important;}\u00a0\u00bb]<\/p>\n<p style=\"text-align: center;\"><strong>CHICA<\/strong> est la <strong>premi\u00e8re boisson bio premium au monde dans laquelle sont m\u00e9lang\u00e9es des feuilles olivier<\/strong>, herbes m\u00e9diterran\u00e9ennes et des jus naturel de fruits biologiques.<\/p>\n<p>[\/vc_column_text][\/vc_column][\/vc_row][vc_row thb_full_width=\u00a0\u00bbtrue\u00a0\u00bb thb_row_padding=\u00a0\u00bbtrue\u00a0\u00bb thb_column_padding=\u00a0\u00bbtrue\u00a0\u00bb content_placement=\u00a0\u00bbmiddle\u00a0\u00bb thb_divider_position=\u00a0\u00bbbottom\u00a0\u00bb el_class=\u00a0\u00bbalign-left\u00a0\u00bb css=\u00a0\u00bb.vc_custom_1553513784032{margin-top: 0px !important;margin-bottom: 0px !important;padding-top: 0px !important;}\u00a0\u00bb][vc_column width=\u00a0\u00bb1\/2&Prime; offset=\u00a0\u00bbvc_col-lg-6&Prime; css=\u00a0\u00bb.vc_custom_1553513766876{background-image: url(https:\/\/unusualblends.com\/wp-content\/uploads\/2019\/03\/En-MANO-Chica-Madarina-color.jpg?id=2179) !important;background-position: center !important;background-repeat: no-repeat !important;background-size: cover !important;}\u00a0\u00bb][vc_empty_space height=\u00a0\u00bb50vh\u00a0\u00bb][\/vc_column][vc_column width=\u00a0\u00bb1\/2&Prime; offset=\u00a0\u00bbvc_col-lg-offset-1 vc_col-lg-4 vc_col-md-6 vc_col-sm-offset-0 vc_col-xs-offset-1 vc_col-xs-10&Prime; el_class=\u00a0\u00bbtext-product\u00a0\u00bb css=\u00a0\u00bb.vc_custom_1553680680753{padding-top: 50px !important;padding-bottom: 50px !important;}\u00a0\u00bb][vc_row_inner thb_max_width=\u00a0\u00bbmax_width\u00a0\u00bb thb_column_padding=\u00a0\u00bbtrue\u00a0\u00bb content_placement=\u00a0\u00bbmiddle\u00a0\u00bb][vc_column_inner][vc_column_text]<\/p>\n<div class=\"position-relative\" style=\"padding: 30px 20px;\">\n<div class=\"top-border top-border-style-1\"><\/div>\n<div class=\"bottom-border bottom-border-style-1\"><\/div>\n<p style=\"text-align: center; font-size: 23px; margin-bottom: 0px; color: #b6a17d;\">CHICA est une boisson pour ceux qui veulent exp\u00e9rimenter de nouvelles sensations gustatives.<\/p>\n<p style=\"text-align: center; font-size: 19px;\">Des m\u00e9langes sp\u00e9ciaux compos\u00e9s d&rsquo;ingr\u00e9dients m\u00e9diterran\u00e9ens soigneusement s\u00e9lectionn\u00e9s, uniques en leur genre, cr\u00e9\u00e9s pour le march\u00e9 haut de gamme des gourmets.<\/p>\n<p style=\"text-align: center;\"><em><small>Sans sucre ajout\u00e9 \/ Sans gluten \/ Sans gaz \/ Sans colorants \/ Sans conservateur<\/small><\/em><\/p>\n<\/div>\n<p>[\/vc_column_text][\/vc_column_inner][\/vc_row_inner][\/vc_column][\/vc_row][vc_row thb_full_width=\u00a0\u00bbtrue\u00a0\u00bb full_height=\u00a0\u00bbyes\u00a0\u00bb thb_divider_position=\u00a0\u00bbbottom\u00a0\u00bb el_class=\u00a0\u00bbalign-center fixed-bg bg-limon\u00a0\u00bb css=\u00a0\u00bb.vc_custom_1530864530863{background-position: center !important;background-repeat: no-repeat !important;background-size: cover !important;}\u00a0\u00bb][vc_column width=\u00a0\u00bb7\/12&Prime; animation=\u00a0\u00bbanimation bottom-to-top\u00a0\u00bb offset=\u00a0\u00bbvc_col-lg-offset-3 vc_col-lg-6 vc_col-md-offset-2 vc_col-md-6 vc_col-sm-offset-0 vc_col-xs-10&Prime;][vc_column_text el_class=\u00a0\u00bbcolor-white \u00ab\u00a0]<\/p>\n<h3 class=\"product-title\"><strong>\u00c9L\u00c9GANTE ET RAFRA\u00ceCHISSANTE<\/strong><\/h3>\n<p>[\/vc_column_text][vc_column_text el_class=\u00a0\u00bbcolor-white\u00a0\u00bb]Elle est une CHICA \u00e9l\u00e9gante, charismatique et charmante avec une agr\u00e9able saveur citronn\u00e9e et une infusion rafra\u00eechissante des feuilles d\u2019olivier, basilic et menthe.[\/vc_column_text]\t<a class=\"btn thb-text-style  white animation bottom-to-top \" href=\"\/fr\/chica-citron\/\" target=\"_self\" role=\"button\" title=\"VOIR PLUS\"><span>VOIR PLUS<\/span><\/a>\n  \n  [\/vc_column][\/vc_row][vc_row thb_full_width=\u00a0\u00bbtrue\u00a0\u00bb full_height=\u00a0\u00bbyes\u00a0\u00bb thb_divider_position=\u00a0\u00bbbottom\u00a0\u00bb el_class=\u00a0\u00bbalign-center fixed-bg bg-albaricoque\u00a0\u00bb css=\u00a0\u00bb.vc_custom_1530864526981{background-position: center !important;background-repeat: no-repeat !important;background-size: cover !important;}\u00a0\u00bb][vc_column width=\u00a0\u00bb7\/12&Prime; animation=\u00a0\u00bbanimation bottom-to-top\u00a0\u00bb offset=\u00a0\u00bbvc_col-lg-offset-3 vc_col-lg-6 vc_col-md-offset-2 vc_col-md-6 vc_col-sm-offset-0 vc_col-xs-10&Prime;][vc_column_text el_class=\u00a0\u00bbcolor-white \u00ab\u00a0]<\/p>\n<h3 class=\"product-title\"><strong>D\u00c9LICATE ET AROMATIQUE<\/strong><\/h3>\n<p>[\/vc_column_text][vc_column_text el_class=\u00a0\u00bbcolor-white\u00a0\u00bb]Elle est une CHICA, raffin\u00e9e, glamoureux et aromatique avec une magnifique saveur d\u2019abricot et une infusion d\u00e9licate des feuilles d&rsquo;olivier, lavande et miel.[\/vc_column_text]\t<a class=\"btn thb-text-style  white animation bottom-to-top \" href=\"\/fr\/chica-abricot\/\" target=\"_self\" role=\"button\" title=\"VOIR PLUS\"><span>VOIR PLUS<\/span><\/a>\n  \n  [\/vc_column][\/vc_row][vc_row thb_full_width=\u00a0\u00bbtrue\u00a0\u00bb full_height=\u00a0\u00bbyes\u00a0\u00bb thb_divider_position=\u00a0\u00bbbottom\u00a0\u00bb el_class=\u00a0\u00bbalign-center fixed-bg bg-mandarina\u00a0\u00bb css=\u00a0\u00bb.vc_custom_1530864540672{background-position: center !important;background-repeat: no-repeat !important;background-size: cover !important;}\u00a0\u00bb][vc_column width=\u00a0\u00bb7\/12&Prime; animation=\u00a0\u00bbanimation bottom-to-top\u00a0\u00bb offset=\u00a0\u00bbvc_col-lg-offset-3 vc_col-lg-6 vc_col-md-offset-2 vc_col-md-6 vc_col-sm-offset-0 vc_col-xs-10&Prime;][vc_column_text el_class=\u00a0\u00bbcolor-white \u00ab\u00a0]<\/p>\n<h3 class=\"product-title\"><strong>PARFUM\u00c9E ET SOPHISTIQU\u00c9E<\/strong><\/h3>\n<p>[\/vc_column_text][vc_column_text el_class=\u00a0\u00bbcolor-white\u00a0\u00bb]Elle est une CHICA dr\u00f4le, intense et joviale avec une formidable saveur de mandarine et une infusion sophistiqu\u00e9e des feuilles d&rsquo;olivier, romarin et thym.[\/vc_column_text]\t<a class=\"btn thb-text-style  white animation bottom-to-top \" href=\"\/fr\/chica-mandarine\/\" target=\"_self\" role=\"button\" title=\"VOIR PLUS\"><span>VOIR PLUS<\/span><\/a>\n  \n  [\/vc_column][\/vc_row][vc_row thb_full_width=\u00a0\u00bbtrue\u00a0\u00bb full_height=\u00a0\u00bbyes\u00a0\u00bb content_placement=\u00a0\u00bbmiddle\u00a0\u00bb thb_divider_position=\u00a0\u00bbbottom\u00a0\u00bb css=\u00a0\u00bb.vc_custom_1553681424868{background-position: center !important;background-repeat: no-repeat !important;background-size: cover !important;}\u00a0\u00bb el_class=\u00a0\u00bbgiftbox\u00a0\u00bb][vc_column fixed=\u00a0\u00bbthb-fixed\u00a0\u00bb width=\u00a0\u00bb7\/12&Prime; animation=\u00a0\u00bbanimation top-to-bottom\u00a0\u00bb offset=\u00a0\u00bbvc_col-lg-6 vc_col-md-6 vc_col-sm-offset-1 vc_col-xs-12&Prime;][vc_column_text]<img loading=\"lazy\" decoding=\"async\" class=\"alignnone wp-image-2212 \" src=\"https:\/\/unusualblends.com\/wp-content\/uploads\/2019\/03\/frances-prod.png\" alt=\"\" width=\"400\" height=\"82\" \/>[\/vc_column_text][vc_empty_space height=\u00a0\u00bb10px\u00a0\u00bb el_class=\u00a0\u00bbsep50vh\u00a0\u00bb][vc_column_text el_class=\u00a0\u00bbcolor-white \u00ab\u00a0]<\/p>\n<h3 class=\"cajas-title\"><strong>DONNER SANT\u00c9, EXCLUSIVIT\u00c9 &amp; \u00c9L\u00c9GANCE<\/strong><\/h3>\n<p>[\/vc_column_text]\t<a class=\"btn thb-text-style  white animation bottom-to-top \" href=\"\/fr\/coffrets-cadeaux\/\" target=\"_self\" role=\"button\" title=\"VOIR PLUS\"><span>VOIR PLUS<\/span><\/a>\n  \n  [\/vc_column][\/vc_row][vc_row thb_full_width=\u00a0\u00bbtrue\u00a0\u00bb thb_row_padding=\u00a0\u00bbtrue\u00a0\u00bb thb_column_padding=\u00a0\u00bbtrue\u00a0\u00bb content_placement=\u00a0\u00bbmiddle\u00a0\u00bb thb_divider_position=\u00a0\u00bbbottom\u00a0\u00bb el_class=\u00a0\u00bbalign-left\u00a0\u00bb css=\u00a0\u00bb.vc_custom_1553686546623{margin-bottom: 0px !important;}\u00a0\u00bb][vc_column width=\u00a0\u00bb1\/2&Prime; css=\u00a0\u00bb.vc_custom_1553686564792{background-image: url(https:\/\/unusualblends.com\/wp-content\/uploads\/2018\/06\/7.jpg?id=717) !important;background-position: center !important;background-repeat: no-repeat !important;background-size: cover !important;}\u00a0\u00bb el_class=\u00a0\u00bbmobile-height-30vh\u00a0\u00bb offset=\u00a0\u00bbvc_hidden-xs\u00a0\u00bb][vc_empty_space][\/vc_column][vc_column width=\u00a0\u00bb1\/3&Prime; css=\u00a0\u00bb.vc_custom_1531407496274{padding-top: 80px !important;padding-bottom: 80px !important;}\u00a0\u00bb offset=\u00a0\u00bbvc_col-lg-offset-1 vc_col-xs-offset-1 vc_col-xs-10&Prime; el_class=\u00a0\u00bbchica-eco-block\u00a0\u00bb][vc_column_text]<\/p>\n<p style=\"font-family: Libre Baskerville; color: #706f6f; font-size: 15px;\"><em>CHICA contiennent des feuilles d\u2019olivier dans ses trois saveurs car celles-ci sont riches en oleurop\u00e9ine, bien connues dans le r\u00e9gime m\u00e9diterran\u00e9en pour leurs multiples avantages que nous pouvons en profiter pour maintenir un mode de vie sain.<\/em><\/p>\n<p>[\/vc_column_text][vc_empty_space height=\u00a0\u00bb48vh\u00a0\u00bb el_class=\u00a0\u00bbvc_hidden-sm vc_hidden-md vc_hidden-lg\u00a0\u00bb css=\u00a0\u00bb.vc_custom_1531407669310{margin-bottom: 50px !important;background-image: url(https:\/\/unusualblends.com\/wp-content\/uploads\/2018\/06\/7.jpg?id=717) !important;}\u00a0\u00bb el_id=\u00a0\u00bbspacebg\u00a0\u00bb][vc_row_inner css=\u00a0\u00bb.vc_custom_1537367042396{margin-top: 20px !important;}\u00a0\u00bb][vc_column_inner][vc_column_text]<\/p>\n<h3 style=\"text-align: left;\"><span style=\"color: #6aa168;\">CHICA est 100%<\/span><br \/>\n<span style=\"color: #6aa168;\">Naturel &amp; Biologique<\/span><\/h3>\n<p style=\"text-align: left;\"><span style=\"color: #6aa168;\">Une grande diversit\u00e9 de certificats soutient notre usine et nos produits.<\/span><\/p>\n<p>[\/vc_column_text][vc_separator color=\u00a0\u00bbcustom\u00a0\u00bb align=\u00a0\u00bbalign_left\u00a0\u00bb border_width=\u00a0\u00bb2&Prime; el_width=\u00a0\u00bb20&Prime; accent_color=\u00a0\u00bb#6a9d68&Prime;][\/vc_column_inner][\/vc_row_inner][vc_single_image image=\u00a0\u00bb2171&Prime; img_size=\u00a0\u00bbfull\u00a0\u00bb alignment=\u00a0\u00bbcenter\u00a0\u00bb][vc_single_image image=\u00a0\u00bb1906&Prime; img_size=\u00a0\u00bbfull\u00a0\u00bb][\/vc_column][\/vc_row][vc_row thb_full_width=\u00a0\u00bbtrue\u00a0\u00bb thb_row_padding=\u00a0\u00bbtrue\u00a0\u00bb thb_column_padding=\u00a0\u00bbtrue\u00a0\u00bb content_placement=\u00a0\u00bbmiddle\u00a0\u00bb thb_divider_position=\u00a0\u00bbbottom\u00a0\u00bb el_class=\u00a0\u00bbalign-left\u00a0\u00bb css=\u00a0\u00bb.vc_custom_1530115185394{background-position: center !important;background-repeat: no-repeat !important;background-size: cover !important;}\u00a0\u00bb][vc_column width=\u00a0\u00bb1\/2&Prime; css=\u00a0\u00bb.vc_custom_1530879207238{padding-top: 40vh !important;background-image: url(https:\/\/unusualblends.com\/wp-content\/uploads\/2018\/06\/chicadown.jpg?id=1249) !important;background-position: center !important;background-repeat: no-repeat !important;background-size: cover !important;}\u00a0\u00bb offset=\u00a0\u00bbvc_hidden-lg vc_hidden-md vc_hidden-sm vc_col-xs-12&Prime;][\/vc_column][vc_column fixed=\u00a0\u00bbthb-fixed\u00a0\u00bb width=\u00a0\u00bb1\/2&Prime; css=\u00a0\u00bb.vc_custom_1530173404661{padding-top: 80px !important;padding-bottom: 80px !important;}\u00a0\u00bb offset=\u00a0\u00bbvc_col-xs-offset-1 vc_col-xs-10&Prime;][vc_single_image image=\u00a0\u00bb1239&Prime; img_size=\u00a0\u00bbfull\u00a0\u00bb alignment=\u00a0\u00bbcenter\u00a0\u00bb css=\u00a0\u00bb.vc_custom_1530115359203{margin-right: 80px !important;}\u00a0\u00bb el_class=\u00a0\u00bblogoginchica\u00a0\u00bb][vc_column_text]<\/p>\n<p style=\"text-align: center;\">CHICA est excellent pour combiner avec des cocktails &amp; spiritueux de luxe<\/p>\n<p style=\"text-align: center;\">La combinaison de GIN &amp; CHICA est simplement parfait<\/p>\n<p>[\/vc_column_text][vc_single_image image=\u00a0\u00bb1909&Prime; img_size=\u00a0\u00bbfull\u00a0\u00bb alignment=\u00a0\u00bbcenter\u00a0\u00bb el_class=\u00a0\u00bbnotelopienses\u00a0\u00bb][\/vc_column][vc_column width=\u00a0\u00bb1\/2&Prime; css=\u00a0\u00bb.vc_custom_1530115517273{background-image: url(https:\/\/unusualblends.com\/wp-content\/uploads\/2018\/06\/chicadown.jpg?id=1249) !important;background-position: center !important;background-repeat: no-repeat !important;background-size: cover !important;}\u00a0\u00bb][\/vc_column][\/vc_row][vc_row thb_divider_position=\u00a0\u00bbbottom\u00a0\u00bb][vc_column][\/vc_column][\/vc_row]<\/p>\n<\/div>","protected":false},"excerpt":{"rendered":"<p>[vc_row thb_full_width=\u00a0\u00bbtrue\u00a0\u00bb thb_scroll_bottom=\u00a0\u00bbtrue\u00a0\u00bb thb_scroll_bottom_style=\u00a0\u00bbstyle3&Prime; thb_scroll_bottom_color=\u00a0\u00bblight\u00a0\u00bb thb_divider_position=\u00a0\u00bbbottom\u00a0\u00bb el_class=\u00a0\u00bbalign-center bg-bt\u00a0\u00bb css=\u00a0\u00bb.vc_custom_1604419693140{padding-top: 39vh !important;padding-bottom: 39vh !important;background-image: url(https:\/\/unusualblends.com\/wp-content\/uploads\/2019\/03\/headerchica.jpg?id=2175) !important;}\u00a0\u00bb][vc_column][\/vc_column][\/vc_row][vc_row thb_divider_position=\u00a0\u00bbbottom\u00a0\u00bb el_class=\u00a0\u00bbalign-center\u00a0\u00bb css=\u00a0\u00bb.vc_custom_1553513796522{padding-top: 80px !important;padding-bottom: 40px !important;}\u00a0\u00bb][vc_column offset=\u00a0\u00bbvc_col-lg-7 vc_col-md-9 vc_col-xs-10&Prime;][vc_column_text] LE PRODUIT [\/vc_column_text][vc_column_text css=\u00a0\u00bb.vc_custom_1545128001915{margin-bottom: 35px !important;}\u00a0\u00bb] CHICA est la premi\u00e8re boisson bio premium au monde dans laquelle sont m\u00e9lang\u00e9es des feuilles olivier, herbes m\u00e9diterran\u00e9ennes et des jus naturel de fruits&hellip;<\/p>\n","protected":false},"author":1,"featured_media":0,"parent":0,"menu_order":0,"comment_status":"closed","ping_status":"closed","template":"","meta":{"_acf_changed":false,"_exactmetrics_skip_tracking":false,"_exactmetrics_sitenote_active":false,"_exactmetrics_sitenote_note":"","_exactmetrics_sitenote_category":0,"footnotes":""},"acf":[],"yoast_head":"<!-- This site is optimized with the Yoast SEO plugin v22.8 - https:\/\/yoast.com\/wordpress\/plugins\/seo\/ -->\n<title>Le Produit - CHICA Unusual Blends<\/title>\n<meta name=\"robots\" content=\"index, follow, max-snippet:-1, max-image-preview:large, max-video-preview:-1\" \/>\n<link rel=\"canonical\" href=\"https:\/\/unusualblends.com\/el-producto\/\" \/>\n<meta property=\"og:locale\" content=\"fr_FR\" \/>\n<meta property=\"og:type\" content=\"article\" \/>\n<meta property=\"og:title\" content=\"Le Produit - CHICA Unusual Blends\" \/>\n<meta property=\"og:description\" content=\"[vc_row thb_full_width=\u00a0\u00bbtrue\u00a0\u00bb thb_scroll_bottom=\u00a0\u00bbtrue\u00a0\u00bb thb_scroll_bottom_style=\u00a0\u00bbstyle3&Prime; thb_scroll_bottom_color=\u00a0\u00bblight\u00a0\u00bb thb_divider_position=\u00a0\u00bbbottom\u00a0\u00bb el_class=\u00a0\u00bbalign-center bg-bt\u00a0\u00bb css=\u00a0\u00bb.vc_custom_1604419693140{padding-top: 39vh !important;padding-bottom: 39vh !important;background-image: url(https:\/\/unusualblends.com\/wp-content\/uploads\/2019\/03\/headerchica.jpg?id=2175) !important;}\u00a0\u00bb][vc_column][\/vc_column][\/vc_row][vc_row thb_divider_position=\u00a0\u00bbbottom\u00a0\u00bb el_class=\u00a0\u00bbalign-center\u00a0\u00bb css=\u00a0\u00bb.vc_custom_1553513796522{padding-top: 80px !important;padding-bottom: 40px !important;}\u00a0\u00bb][vc_column offset=\u00a0\u00bbvc_col-lg-7 vc_col-md-9 vc_col-xs-10&Prime;][vc_column_text] LE PRODUIT [\/vc_column_text][vc_column_text css=\u00a0\u00bb.vc_custom_1545128001915{margin-bottom: 35px !important;}\u00a0\u00bb] CHICA est la premi\u00e8re boisson bio premium au monde dans laquelle sont m\u00e9lang\u00e9es des feuilles olivier, herbes m\u00e9diterran\u00e9ennes et des jus naturel de fruits&hellip;\" \/>\n<meta property=\"og:url\" content=\"https:\/\/unusualblends.com\/el-producto\/\" \/>\n<meta property=\"og:site_name\" content=\"CHICA Unusual Blends\" \/>\n<meta property=\"article:modified_time\" content=\"2020-11-03T16:08:12+00:00\" \/>\n<meta property=\"og:image\" content=\"https:\/\/unusualblends.com\/wp-content\/uploads\/2019\/03\/frances-prod.png\" \/>\n<meta name=\"twitter:card\" content=\"summary_large_image\" \/>\n<meta name=\"twitter:label1\" content=\"Dur\u00e9e de lecture estim\u00e9e\" \/>\n\t<meta name=\"twitter:data1\" content=\"6 minutes\" \/>\n<script type=\"application\/ld+json\" class=\"yoast-schema-graph\">{\"@context\":\"https:\/\/schema.org\",\"@graph\":[{\"@type\":\"WebPage\",\"@id\":\"https:\/\/unusualblends.com\/el-producto\/\",\"url\":\"https:\/\/unusualblends.com\/el-producto\/\",\"name\":\"Le Produit - CHICA Unusual Blends\",\"isPartOf\":{\"@id\":\"https:\/\/unusualblends.com\/#website\"},\"primaryImageOfPage\":{\"@id\":\"https:\/\/unusualblends.com\/el-producto\/#primaryimage\"},\"image\":{\"@id\":\"https:\/\/unusualblends.com\/el-producto\/#primaryimage\"},\"thumbnailUrl\":\"https:\/\/unusualblends.com\/wp-content\/uploads\/2019\/03\/frances-prod.png\",\"datePublished\":\"2016-09-18T10:13:37+00:00\",\"dateModified\":\"2020-11-03T16:08:12+00:00\",\"breadcrumb\":{\"@id\":\"https:\/\/unusualblends.com\/el-producto\/#breadcrumb\"},\"inLanguage\":\"fr-FR\",\"potentialAction\":[{\"@type\":\"ReadAction\",\"target\":[\"https:\/\/unusualblends.com\/el-producto\/\"]}]},{\"@type\":\"ImageObject\",\"inLanguage\":\"fr-FR\",\"@id\":\"https:\/\/unusualblends.com\/el-producto\/#primaryimage\",\"url\":\"https:\/\/unusualblends.com\/wp-content\/uploads\/2019\/03\/frances-prod.png\",\"contentUrl\":\"https:\/\/unusualblends.com\/wp-content\/uploads\/2019\/03\/frances-prod.png\"},{\"@type\":\"BreadcrumbList\",\"@id\":\"https:\/\/unusualblends.com\/el-producto\/#breadcrumb\",\"itemListElement\":[{\"@type\":\"ListItem\",\"position\":1,\"name\":\"Portada\",\"item\":\"https:\/\/unusualblends.com\/fr\/\"},{\"@type\":\"ListItem\",\"position\":2,\"name\":\"Le Produit\"}]},{\"@type\":\"WebSite\",\"@id\":\"https:\/\/unusualblends.com\/#website\",\"url\":\"https:\/\/unusualblends.com\/\",\"name\":\"CHICA Unusual Blends\",\"description\":\"Infusi\u00f3n Ecol\u00f3gica Premium\",\"publisher\":{\"@id\":\"https:\/\/unusualblends.com\/#organization\"},\"potentialAction\":[{\"@type\":\"SearchAction\",\"target\":{\"@type\":\"EntryPoint\",\"urlTemplate\":\"https:\/\/unusualblends.com\/?s={search_term_string}\"},\"query-input\":\"required name=search_term_string\"}],\"inLanguage\":\"fr-FR\"},{\"@type\":\"Organization\",\"@id\":\"https:\/\/unusualblends.com\/#organization\",\"name\":\"CHICA Unusual Blends\",\"url\":\"https:\/\/unusualblends.com\/\",\"logo\":{\"@type\":\"ImageObject\",\"inLanguage\":\"fr-FR\",\"@id\":\"https:\/\/unusualblends.com\/#\/schema\/logo\/image\/\",\"url\":\"https:\/\/unusualblends.com\/wp-content\/uploads\/2018\/06\/image.png\",\"contentUrl\":\"https:\/\/unusualblends.com\/wp-content\/uploads\/2018\/06\/image.png\",\"width\":418,\"height\":81,\"caption\":\"CHICA Unusual Blends\"},\"image\":{\"@id\":\"https:\/\/unusualblends.com\/#\/schema\/logo\/image\/\"}}]}<\/script>\n<!-- \/ Yoast SEO plugin. -->","yoast_head_json":{"title":"Le Produit - CHICA Unusual Blends","robots":{"index":"index","follow":"follow","max-snippet":"max-snippet:-1","max-image-preview":"max-image-preview:large","max-video-preview":"max-video-preview:-1"},"canonical":"https:\/\/unusualblends.com\/el-producto\/","og_locale":"fr_FR","og_type":"article","og_title":"Le Produit - CHICA Unusual Blends","og_description":"[vc_row thb_full_width=\u00a0\u00bbtrue\u00a0\u00bb thb_scroll_bottom=\u00a0\u00bbtrue\u00a0\u00bb thb_scroll_bottom_style=\u00a0\u00bbstyle3&Prime; thb_scroll_bottom_color=\u00a0\u00bblight\u00a0\u00bb thb_divider_position=\u00a0\u00bbbottom\u00a0\u00bb el_class=\u00a0\u00bbalign-center bg-bt\u00a0\u00bb css=\u00a0\u00bb.vc_custom_1604419693140{padding-top: 39vh !important;padding-bottom: 39vh !important;background-image: url(https:\/\/unusualblends.com\/wp-content\/uploads\/2019\/03\/headerchica.jpg?id=2175) !important;}\u00a0\u00bb][vc_column][\/vc_column][\/vc_row][vc_row thb_divider_position=\u00a0\u00bbbottom\u00a0\u00bb el_class=\u00a0\u00bbalign-center\u00a0\u00bb css=\u00a0\u00bb.vc_custom_1553513796522{padding-top: 80px !important;padding-bottom: 40px !important;}\u00a0\u00bb][vc_column offset=\u00a0\u00bbvc_col-lg-7 vc_col-md-9 vc_col-xs-10&Prime;][vc_column_text] LE PRODUIT [\/vc_column_text][vc_column_text css=\u00a0\u00bb.vc_custom_1545128001915{margin-bottom: 35px !important;}\u00a0\u00bb] CHICA est la premi\u00e8re boisson bio premium au monde dans laquelle sont m\u00e9lang\u00e9es des feuilles olivier, herbes m\u00e9diterran\u00e9ennes et des jus naturel de fruits&hellip;","og_url":"https:\/\/unusualblends.com\/el-producto\/","og_site_name":"CHICA Unusual Blends","article_modified_time":"2020-11-03T16:08:12+00:00","og_image":[{"url":"https:\/\/unusualblends.com\/wp-content\/uploads\/2019\/03\/frances-prod.png"}],"twitter_card":"summary_large_image","twitter_misc":{"Dur\u00e9e de lecture estim\u00e9e":"6 minutes"},"schema":{"@context":"https:\/\/schema.org","@graph":[{"@type":"WebPage","@id":"https:\/\/unusualblends.com\/el-producto\/","url":"https:\/\/unusualblends.com\/el-producto\/","name":"Le Produit - CHICA Unusual Blends","isPartOf":{"@id":"https:\/\/unusualblends.com\/#website"},"primaryImageOfPage":{"@id":"https:\/\/unusualblends.com\/el-producto\/#primaryimage"},"image":{"@id":"https:\/\/unusualblends.com\/el-producto\/#primaryimage"},"thumbnailUrl":"https:\/\/unusualblends.com\/wp-content\/uploads\/2019\/03\/frances-prod.png","datePublished":"2016-09-18T10:13:37+00:00","dateModified":"2020-11-03T16:08:12+00:00","breadcrumb":{"@id":"https:\/\/unusualblends.com\/el-producto\/#breadcrumb"},"inLanguage":"fr-FR","potentialAction":[{"@type":"ReadAction","target":["https:\/\/unusualblends.com\/el-producto\/"]}]},{"@type":"ImageObject","inLanguage":"fr-FR","@id":"https:\/\/unusualblends.com\/el-producto\/#primaryimage","url":"https:\/\/unusualblends.com\/wp-content\/uploads\/2019\/03\/frances-prod.png","contentUrl":"https:\/\/unusualblends.com\/wp-content\/uploads\/2019\/03\/frances-prod.png"},{"@type":"BreadcrumbList","@id":"https:\/\/unusualblends.com\/el-producto\/#breadcrumb","itemListElement":[{"@type":"ListItem","position":1,"name":"Portada","item":"https:\/\/unusualblends.com\/fr\/"},{"@type":"ListItem","position":2,"name":"Le Produit"}]},{"@type":"WebSite","@id":"https:\/\/unusualblends.com\/#website","url":"https:\/\/unusualblends.com\/","name":"CHICA Unusual Blends","description":"Infusi\u00f3n Ecol\u00f3gica Premium","publisher":{"@id":"https:\/\/unusualblends.com\/#organization"},"potentialAction":[{"@type":"SearchAction","target":{"@type":"EntryPoint","urlTemplate":"https:\/\/unusualblends.com\/?s={search_term_string}"},"query-input":"required name=search_term_string"}],"inLanguage":"fr-FR"},{"@type":"Organization","@id":"https:\/\/unusualblends.com\/#organization","name":"CHICA Unusual Blends","url":"https:\/\/unusualblends.com\/","logo":{"@type":"ImageObject","inLanguage":"fr-FR","@id":"https:\/\/unusualblends.com\/#\/schema\/logo\/image\/","url":"https:\/\/unusualblends.com\/wp-content\/uploads\/2018\/06\/image.png","contentUrl":"https:\/\/unusualblends.com\/wp-content\/uploads\/2018\/06\/image.png","width":418,"height":81,"caption":"CHICA Unusual Blends"},"image":{"@id":"https:\/\/unusualblends.com\/#\/schema\/logo\/image\/"}}]}},"_links":{"self":[{"href":"https:\/\/unusualblends.com\/fr\/wp-json\/wp\/v2\/pages\/1848"}],"collection":[{"href":"https:\/\/unusualblends.com\/fr\/wp-json\/wp\/v2\/pages"}],"about":[{"href":"https:\/\/unusualblends.com\/fr\/wp-json\/wp\/v2\/types\/page"}],"author":[{"embeddable":true,"href":"https:\/\/unusualblends.com\/fr\/wp-json\/wp\/v2\/users\/1"}],"replies":[{"embeddable":true,"href":"https:\/\/unusualblends.com\/fr\/wp-json\/wp\/v2\/comments?post=1848"}],"version-history":[{"count":44,"href":"https:\/\/unusualblends.com\/fr\/wp-json\/wp\/v2\/pages\/1848\/revisions"}],"predecessor-version":[{"id":4267,"href":"https:\/\/unusualblends.com\/fr\/wp-json\/wp\/v2\/pages\/1848\/revisions\/4267"}],"wp:attachment":[{"href":"https:\/\/unusualblends.com\/fr\/wp-json\/wp\/v2\/media?parent=1848"}],"curies":[{"name":"wp","href":"https:\/\/api.w.org\/{rel}","templated":true}]}}