{"id":1852,"date":"2016-09-26T20:44:28","date_gmt":"2016-09-26T20:44:28","guid":{"rendered":"https:\/\/unusualblends.com\/bebida-infusion\/"},"modified":"2020-06-25T15:03:41","modified_gmt":"2020-06-25T15:03:41","slug":"bebida-infusion","status":"publish","type":"page","link":"https:\/\/unusualblends.com\/fr\/","title":{"rendered":"Home"},"content":{"rendered":"<div class=\"wpb-content-wrapper\"><p>[vc_row thb_full_width=\u00a0\u00bbtrue\u00a0\u00bb thb_row_padding=\u00a0\u00bbtrue\u00a0\u00bb thb_column_padding=\u00a0\u00bbtrue\u00a0\u00bb thb_scroll_bottom=\u00a0\u00bbtrue\u00a0\u00bb thb_scroll_bottom_style=\u00a0\u00bbstyle3&Prime; thb_scroll_bottom_color=\u00a0\u00bblight\u00a0\u00bb thb_divider_position=\u00a0\u00bbbottom\u00a0\u00bb][vc_column][rev_slider_vc alias=\u00a0\u00bbhome\u00a0\u00bb el_class=\u00a0\u00bbrev-mb0&Prime;][\/vc_column][\/vc_row][vc_row thb_full_width=\u00a0\u00bbtrue\u00a0\u00bb thb_row_padding=\u00a0\u00bbtrue\u00a0\u00bb thb_column_padding=\u00a0\u00bbtrue\u00a0\u00bb full_height=\u00a0\u00bbyes\u00a0\u00bb thb_divider_position=\u00a0\u00bbbottom\u00a0\u00bb css=\u00a0\u00bb.vc_custom_1531136977901{background-color: #fccac3 !important;background-position: center !important;background-repeat: no-repeat !important;background-size: cover !important;}\u00a0\u00bb el_class=\u00a0\u00bbalign-center\u00a0\u00bb el_id=\u00a0\u00bbbackground-p2&Prime;][vc_column width=\u00a0\u00bb1\/3&Prime; offset=\u00a0\u00bbvc_col-lg-offset-3 vc_col-lg-3 vc_col-md-offset-3 vc_col-md-3 vc_col-sm-offset-3 vc_col-xs-10&Prime;][vc_raw_html]JTIwJTIwJTNDZGl2JTIwY2xhc3MlM0QlMjJwb3NpdGlvbi1yZWxhdGl2ZSUyMiUyMHN0eWxlJTNEJTIycGFkZGluZyUzQSUyMDMwcHglMjAyMHB4JTNCJTIyJTNFJTBBJTNDZGl2JTIwY2xhc3MlM0QlMjJ0b3AtYm9yZGVyJTIwdG9wLWJvcmRlci1zdHlsZS0yJTIyJTNFJTNDJTJGZGl2JTNFJTBBJTIwJTIwJTNDZGl2JTIwY2xhc3MlM0QlMjJib3R0b20tYm9yZGVyJTIwYm90dG9tLWJvcmRlci1zdHlsZS0yJTIyJTNFJTNDJTJGZGl2JTNFJTBBJTNDcCUyMHN0eWxlJTNEJTIydGV4dC1hbGlnbiUzQSUyMGNlbnRlciUzQiUyMCUyMGxpbmUtaGVpZ2h0JTNBMi4xZW0lM0IlMjBjb2xvciUzQSUyMCUyM2ZmZiUzQiUyMG1hcmdpbi1ib3R0b20lM0EyMHB4JTNCJTIyJTNFJTNDc3Ryb25nJTNFQ0hJQ0ElMjBlc3QlMjBsYSUyMHByZW1pJUMzJUE4cmUlMjBib2lzc29uJTIwYmlvJTIwaGF1dCUyMGRlJTIwZ2FtbWUlMjBhdSUyMG1vbmRlJTIwZGFucyUyMGxlc3F1ZWxsZXMlMjBzb250JTIwbSVDMyVBOWxhbmclQzMlQTllcyUyMGRlcyUyMGZldWlsbGVzJTIwZCVFMiU4MCU5OW9saXZpZXIlMkMlMjBkJUUyJTgwJTk5aGVyYmVzJTIwbSVDMyVBOWRpdGVycmFuJUMzJUE5ZW5uZXMlMjBldCUyMGRlcyUyMGp1cyUyMG5hdHVyZWxzJTIwZGUlMjBmcnVpdHMlMjBiaW9sb2dpcXVlcy4lM0NzdHJvbmclM0UlM0MlMkZwJTNFJTBBJTBBJTNDJTJGZGl2JTNF[\/vc_raw_html][vc_btn title=\u00a0\u00bbLES CONNAITRE\u00a0\u00bb style=\u00a0\u00bboutline-custom\u00a0\u00bb outline_custom_color=\u00a0\u00bb#ffffff\u00a0\u00bb outline_custom_hover_background=\u00a0\u00bb#ffffff\u00a0\u00bb outline_custom_hover_text=\u00a0\u00bb#b17878&Prime; shape=\u00a0\u00bbsquare\u00a0\u00bb size=\u00a0\u00bblg\u00a0\u00bb align=\u00a0\u00bbcenter\u00a0\u00bb el_class=\u00a0\u00bbbtn-big\u00a0\u00bb link=\u00a0\u00bburl:%2Ffr%2Fle-produit|||\u00a0\u00bb][\/vc_column][\/vc_row][vc_row thb_full_width=\u00a0\u00bbtrue\u00a0\u00bb thb_row_padding=\u00a0\u00bbtrue\u00a0\u00bb thb_column_padding=\u00a0\u00bbtrue\u00a0\u00bb thb_divider_position=\u00a0\u00bbbottom\u00a0\u00bb el_id=\u00a0\u00bbbottles-dk\u00a0\u00bb][vc_column offset=\u00a0\u00bbvc_hidden-sm vc_hidden-xs\u00a0\u00bb][rev_slider_vc alias=\u00a0\u00bbhome-bottles\u00a0\u00bb el_class=\u00a0\u00bbrev-mb0&Prime;][\/vc_column][\/vc_row][vc_row thb_full_width=\u00a0\u00bbtrue\u00a0\u00bb thb_row_padding=\u00a0\u00bbtrue\u00a0\u00bb thb_column_padding=\u00a0\u00bbtrue\u00a0\u00bb thb_divider_position=\u00a0\u00bbbottom\u00a0\u00bb][vc_column offset=\u00a0\u00bbvc_hidden-lg vc_hidden-md\u00a0\u00bb][rev_slider_vc alias=\u00a0\u00bbhome-bottles-mobile\u00a0\u00bb el_class=\u00a0\u00bbrev-mb0&Prime;][\/vc_column][\/vc_row][vc_row thb_full_width=\u00a0\u00bbtrue\u00a0\u00bb full_height=\u00a0\u00bbyes\u00a0\u00bb content_placement=\u00a0\u00bbmiddle\u00a0\u00bb thb_divider_position=\u00a0\u00bbbottom\u00a0\u00bb css=\u00a0\u00bb.vc_custom_1553682046480{background-position: center !important;background-repeat: no-repeat !important;background-size: cover !important;}\u00a0\u00bb el_class=\u00a0\u00bbgiftbox\u00a0\u00bb][vc_column fixed=\u00a0\u00bbthb-fixed\u00a0\u00bb width=\u00a0\u00bb7\/12&Prime; animation=\u00a0\u00bbanimation top-to-bottom\u00a0\u00bb offset=\u00a0\u00bbvc_col-lg-6 vc_col-md-6 vc_col-sm-offset-1 vc_col-xs-12&Prime;][vc_column_text]<img loading=\"lazy\" decoding=\"async\" class=\"alignnone wp-image-2212 \" src=\"https:\/\/unusualblends.com\/wp-content\/uploads\/2019\/03\/frances-prod.png\" alt=\"\" width=\"400\" height=\"82\" \/>[\/vc_column_text][vc_empty_space height=\u00a0\u00bb10px\u00a0\u00bb el_class=\u00a0\u00bbsep50vh\u00a0\u00bb][vc_column_text el_class=\u00a0\u00bbcolor-white \u00ab\u00a0]<\/p>\n<h3 class=\"cajas-title\"><strong>DONNER SANT\u00c9, EXCLUSIVIT\u00c9 &amp; \u00c9L\u00c9GANCE<\/strong><\/h3>\n<p>[\/vc_column_text]\t<a class=\"btn thb-text-style  white animation bottom-to-top \" href=\"\/fr\/coffrets-cadeaux\/\" target=\"_self\" role=\"button\" title=\"VOIR PLUS\"><span>VOIR PLUS<\/span><\/a>\n  \n  [\/vc_column][\/vc_row][vc_row thb_full_width=\u00a0\u00bbtrue\u00a0\u00bb thb_row_padding=\u00a0\u00bbtrue\u00a0\u00bb thb_column_padding=\u00a0\u00bbtrue\u00a0\u00bb full_height=\u00a0\u00bbyes\u00a0\u00bb content_placement=\u00a0\u00bbmiddle\u00a0\u00bb thb_divider_position=\u00a0\u00bbbottom\u00a0\u00bb css=\u00a0\u00bb.vc_custom_1530304330938{padding-top: 0px !important;padding-bottom: 0px !important;background-image: url(https:\/\/unusualblends.com\/wp-content\/uploads\/2018\/06\/bg-3.jpg?id=411) !important;background-position: center !important;background-repeat: no-repeat !important;background-size: cover !important;}\u00a0\u00bb el_class=\u00a0\u00bbalign-left\u00a0\u00bb][vc_column fixed=\u00a0\u00bbthb-fixed\u00a0\u00bb width=\u00a0\u00bb1\/2&Prime; css=\u00a0\u00bb.vc_custom_1530170700253{padding-top: 100vh !important;background-image: url(https:\/\/unusualblends.com\/wp-content\/uploads\/2018\/06\/365-1024&#215;683-1.jpg?id=788) !important;background-position: center !important;background-repeat: no-repeat !important;background-size: cover !important;}\u00a0\u00bb el_class=\u00a0\u00bbmobile-height-30vh\u00a0\u00bb][\/vc_column][vc_column width=\u00a0\u00bb1\/3&Prime; offset=\u00a0\u00bbvc_col-lg-offset-1 vc_col-lg-4 vc_col-md-offset-1 vc_col-md-4 vc_col-xs-offset-1 vc_col-xs-10&Prime; css=\u00a0\u00bb.vc_custom_1530171065451{padding-top: 40px !important;padding-bottom: 40px !important;}\u00a0\u00bb][vc_raw_html]JTIwJTIwJTNDZGl2JTIwY2xhc3MlM0QlMjJwb3NpdGlvbi1yZWxhdGl2ZSUyMiUyMHN0eWxlJTNEJTIycGFkZGluZyUzQSUyMDMwcHglMjAyMHB4JTNCJTIyJTNFJTBBJTNDZGl2JTIwY2xhc3MlM0QlMjJ0b3AtYm9yZGVyJTIwdG9wLWJvcmRlci1zdHlsZS0xJTIyJTNFJTNDJTJGZGl2JTNFJTBBJTIwJTIwJTNDZGl2JTIwY2xhc3MlM0QlMjJib3R0b20tYm9yZGVyJTIwYm90dG9tLWJvcmRlci1zdHlsZS0xJTIyJTNFJTNDJTJGZGl2JTNFJTBBJTNDcCUyMHN0eWxlJTNEJTIydGV4dC1hbGlnbiUzQSUyMGNlbnRlciUzQiUyMGNvbG9yJTNBJTIwJTIzNjczNTY3JTNCJTIwbWFyZ2luLWJvdHRvbSUzQTBweCUzQiUyMGZvbnQtd2VpZ2h0JTNBMzAwJTNCJTIyJTNFJTNDZW0lM0VEJUMzJUE5Z3VzdGVyJTIwJTNDc3BhbiUyMGNsYXNzJTNEJTIyZm9udC1jb3Jwb3JhdGUlMjIlMjBzdHlsZSUzRCUyMmZvbnQtc3R5bGUlM0Fub3JtYWwlM0IlMjBjb2xvciUzQSUyMzY3MzU2NyUzQiUyMGZvbnQtd2VpZ2h0JTNBYm9sZCUzQiUyMiUyMCUzRUNISUNBJTNDJTJGc3BhbiUzRSUyMGMlRTIlODAlOTllc3QlMjBzZSUyMGxhaXNzZXIlMjB0cmFuc3BvcnRlciUyMGRhbnMlMjB1biUyMHVuaXZlcnMlMjBzZW5zb3JpZWwlMjBzYW5zJTIwcHIlQzMlQTljJUMzJUE5ZGVudCUyQyUyMHVuJTIwdm95YWdlJTIwZGUlMjBzYXZldXJzJTIwZXQlMjBkJUUyJTgwJTk5b2RldXJzJTIwZGFucyUyMGxlcyUyMGNoYW1wcyUyMHZlcnRzJTIwZCVFMiU4MCU5OW9saXZpZXJzLiUyMEMlRTIlODAlOTllc3QlMjBzdXJ2b2xlciUyMGNvbW1lJTIwdW5lJTIwYWJlaWxsZSUyMGxlcyUyMHBsYW50YXRpb25zJTIwcGFyZnVtJUMzJUE5ZXMlMjBkZSUyMGxhdmFuZGUlMkMlMjByb21hcmluJTIwZXQlMjB0aHltLiUyMEMlRTIlODAlOTllc3QlMjB2aXN1YWxpc2VyJTIwbGElMjBjb3VsZXVyJTIwb3JhbmclQzMlQTllJTIwZGVzJTIwbWFuZGFyaW5lcyUyMGV0JTIwYWJyaWNvdHMlMkMlMjBvdSUyMGVuY29yZSUyMHNlbnRpciUyMGxhJTIwZG91Y2V1ciUyMGFncnVtZSUyMGRlcyUyMGNpdHJvbnMuJTIwJTIwQyVFMiU4MCU5OWVzdCUyMGVuZmluJTIwcyUyN2VuaXZyZXIlMjBkZSUyMGwlRTIlODAlOTlhciVDMyVCNG1lJTIwaW50ZW5zZSUyMGR1JTIwYmFzaWxpYyUyMGV0JTIwZGUlMjBsYSUyMG1lbnRoZS4lM0MlMkZlbSUzRSUzQyUyRnAlM0UlMEElM0MlMkZkaXYlM0U=[\/vc_raw_html][vc_btn title=\u00a0\u00bbLES CONNAITRE\u00a0\u00bb style=\u00a0\u00bboutline-custom\u00a0\u00bb outline_custom_color=\u00a0\u00bb#b17878&Prime; outline_custom_hover_background=\u00a0\u00bb#ffffff\u00a0\u00bb outline_custom_hover_text=\u00a0\u00bb#b17878&Prime; shape=\u00a0\u00bbsquare\u00a0\u00bb size=\u00a0\u00bblg\u00a0\u00bb align=\u00a0\u00bbcenter\u00a0\u00bb el_class=\u00a0\u00bbbtn-big\u00a0\u00bb link=\u00a0\u00bburl:%2Ffr%2Fnous|||\u00a0\u00bb][\/vc_column][\/vc_row][vc_row thb_full_width=\u00a0\u00bbtrue\u00a0\u00bb thb_row_padding=\u00a0\u00bbtrue\u00a0\u00bb thb_column_padding=\u00a0\u00bbtrue\u00a0\u00bb full_height=\u00a0\u00bbyes\u00a0\u00bb thb_divider_position=\u00a0\u00bbbottom\u00a0\u00bb css=\u00a0\u00bb.vc_custom_1530704570898{background: #fdf3cf url(https:\/\/unusualblends.com\/wp-content\/uploads\/2018\/07\/bg-contact-copia.jpg?id=1338) !important;background-position: center !important;background-repeat: no-repeat !important;background-size: cover !important;}\u00a0\u00bb el_class=\u00a0\u00bbalign-center\u00a0\u00bb el_id=\u00a0\u00bbcontact-home\u00a0\u00bb][vc_column width=\u00a0\u00bb1\/2&Prime; offset=\u00a0\u00bbvc_col-lg-offset-4 vc_col-lg-3 vc_col-md-offset-3 vc_col-md-3 vc_col-sm-offset-1 vc_col-xs-10&Prime; el_id=\u00a0\u00bbcontacto-home\u00a0\u00bb][vc_column_text animation=\u00a0\u00bbanimation bottom-to-top\u00a0\u00bb]<\/p>\n<h2 style=\"text-align: left;\">CONTACT<\/h2>\n<p>[\/vc_column_text][vc_column_text animation=\u00a0\u00bbanimation bottom-to-top\u00a0\u00bb]<\/p>\n<ul class=\"contact-home\">\n<li><i class=\"fa fa-envelope-o\"><\/i> <a href=\"mailto:info@unusualblends.com\"> info@unusualblends.com<\/a><\/li>\n<li><i class=\"fa fa-phone\"><\/i> <a href=\"mailto:info@unusualblends.com\"> +34 934292915<\/a><\/li>\n<\/ul>\n<p>[\/vc_column_text][vc_column_text animation=\u00a0\u00bbanimation bottom-to-top\u00a0\u00bb]<\/p>\n<h3 style=\"text-align: left;\">ABONNEZ-VOUS \u00c0 NOTRE NEWSLETTER<\/h3>\n<p>[\/vc_column_text]\n<div class=\"wpcf7 no-js\" id=\"wpcf7-f1892-o1\" lang=\"en-US\" dir=\"ltr\">\n<div class=\"screen-reader-response\"><p role=\"status\" aria-live=\"polite\" aria-atomic=\"true\"><\/p> <ul><\/ul><\/div>\n<form action=\"\/fr\/wp-json\/wp\/v2\/pages\/1852#wpcf7-f1892-o1\" method=\"post\" class=\"wpcf7-form init\" aria-label=\"Contact form\" novalidate=\"novalidate\" data-status=\"init\">\n<div style=\"display: none;\">\n<input type=\"hidden\" name=\"_wpcf7\" value=\"1892\" \/>\n<input type=\"hidden\" name=\"_wpcf7_version\" value=\"5.9.5\" \/>\n<input type=\"hidden\" name=\"_wpcf7_locale\" value=\"en_US\" \/>\n<input type=\"hidden\" name=\"_wpcf7_unit_tag\" value=\"wpcf7-f1892-o1\" \/>\n<input type=\"hidden\" name=\"_wpcf7_container_post\" value=\"0\" \/>\n<input type=\"hidden\" name=\"_wpcf7_posted_data_hash\" value=\"\" \/>\n<input type=\"hidden\" name=\"_wpcf7_recaptcha_response\" value=\"\" \/>\n<\/div>\n<div class=\"row\">\n\t<div class=\"small-12 large-12 columns\">\n\t\t<p><span class=\"wpcf7-form-control-wrap\" data-name=\"email\"><input size=\"40\" class=\"wpcf7-form-control wpcf7-email wpcf7-validates-as-required wpcf7-text wpcf7-validates-as-email full\" aria-required=\"true\" aria-invalid=\"false\" placeholder=\"Entrez votre email\" value=\"\" type=\"email\" name=\"email\" \/><\/span>\n\t\t<\/p>\n\t<\/div>\n<\/div>\n<div class=\"row\">\n\t<div class=\"small-12 large-12 columns\">\n\t\t<p><input class=\"wpcf7-form-control wpcf7-submit has-spinner btn\" type=\"submit\" value=\"Envoyer\" \/>\n\t\t<\/p>\n\t<\/div>\n<\/div><div class=\"wpcf7-response-output\" aria-hidden=\"true\"><\/div>\n<\/form>\n<\/div>\n[vc_empty_space height=\u00a0\u00bb30px\u00a0\u00bb][vc_empty_space height=\u00a0\u00bb20px\u00a0\u00bb][\/vc_column][\/vc_row]<\/p>\n<\/div>","protected":false},"excerpt":{"rendered":"<p>[vc_row thb_full_width=\u00a0\u00bbtrue\u00a0\u00bb thb_row_padding=\u00a0\u00bbtrue\u00a0\u00bb thb_column_padding=\u00a0\u00bbtrue\u00a0\u00bb thb_scroll_bottom=\u00a0\u00bbtrue\u00a0\u00bb thb_scroll_bottom_style=\u00a0\u00bbstyle3&Prime; thb_scroll_bottom_color=\u00a0\u00bblight\u00a0\u00bb thb_divider_position=\u00a0\u00bbbottom\u00a0\u00bb][vc_column][rev_slider_vc alias=\u00a0\u00bbhome\u00a0\u00bb el_class=\u00a0\u00bbrev-mb0&Prime;][\/vc_column][\/vc_row][vc_row thb_full_width=\u00a0\u00bbtrue\u00a0\u00bb thb_row_padding=\u00a0\u00bbtrue\u00a0\u00bb thb_column_padding=\u00a0\u00bbtrue\u00a0\u00bb full_height=\u00a0\u00bbyes\u00a0\u00bb thb_divider_position=\u00a0\u00bbbottom\u00a0\u00bb css=\u00a0\u00bb.vc_custom_1531136977901{background-color: #fccac3 !important;background-position: center !important;background-repeat: no-repeat !important;background-size: cover !important;}\u00a0\u00bb el_class=\u00a0\u00bbalign-center\u00a0\u00bb el_id=\u00a0\u00bbbackground-p2&Prime;][vc_column width=\u00a0\u00bb1\/3&Prime; offset=\u00a0\u00bbvc_col-lg-offset-3 vc_col-lg-3 vc_col-md-offset-3 vc_col-md-3 vc_col-sm-offset-3 vc_col-xs-10&Prime;][vc_raw_html]JTIwJTIwJTNDZGl2JTIwY2xhc3MlM0QlMjJwb3NpdGlvbi1yZWxhdGl2ZSUyMiUyMHN0eWxlJTNEJTIycGFkZGluZyUzQSUyMDMwcHglMjAyMHB4JTNCJTIyJTNFJTBBJTNDZGl2JTIwY2xhc3MlM0QlMjJ0b3AtYm9yZGVyJTIwdG9wLWJvcmRlci1zdHlsZS0yJTIyJTNFJTNDJTJGZGl2JTNFJTBBJTIwJTIwJTNDZGl2JTIwY2xhc3MlM0QlMjJib3R0b20tYm9yZGVyJTIwYm90dG9tLWJvcmRlci1zdHlsZS0yJTIyJTNFJTNDJTJGZGl2JTNFJTBBJTNDcCUyMHN0eWxlJTNEJTIydGV4dC1hbGlnbiUzQSUyMGNlbnRlciUzQiUyMCUyMGxpbmUtaGVpZ2h0JTNBMi4xZW0lM0IlMjBjb2xvciUzQSUyMCUyM2ZmZiUzQiUyMG1hcmdpbi1ib3R0b20lM0EyMHB4JTNCJTIyJTNFJTNDc3Ryb25nJTNFQ0hJQ0ElMjBlc3QlMjBsYSUyMHByZW1pJUMzJUE4cmUlMjBib2lzc29uJTIwYmlvJTIwaGF1dCUyMGRlJTIwZ2FtbWUlMjBhdSUyMG1vbmRlJTIwZGFucyUyMGxlc3F1ZWxsZXMlMjBzb250JTIwbSVDMyVBOWxhbmclQzMlQTllcyUyMGRlcyUyMGZldWlsbGVzJTIwZCVFMiU4MCU5OW9saXZpZXIlMkMlMjBkJUUyJTgwJTk5aGVyYmVzJTIwbSVDMyVBOWRpdGVycmFuJUMzJUE5ZW5uZXMlMjBldCUyMGRlcyUyMGp1cyUyMG5hdHVyZWxzJTIwZGUlMjBmcnVpdHMlMjBiaW9sb2dpcXVlcy4lM0NzdHJvbmclM0UlM0MlMkZwJTNFJTBBJTBBJTNDJTJGZGl2JTNF[\/vc_raw_html][vc_btn title=\u00a0\u00bbLES CONNAITRE\u00a0\u00bb style=\u00a0\u00bboutline-custom\u00a0\u00bb outline_custom_color=\u00a0\u00bb#ffffff\u00a0\u00bb outline_custom_hover_background=\u00a0\u00bb#ffffff\u00a0\u00bb outline_custom_hover_text=\u00a0\u00bb#b17878&Prime; shape=\u00a0\u00bbsquare\u00a0\u00bb size=\u00a0\u00bblg\u00a0\u00bb align=\u00a0\u00bbcenter\u00a0\u00bb el_class=\u00a0\u00bbbtn-big\u00a0\u00bb link=\u00a0\u00bburl:%2Ffr%2Fle-produit|||\u00a0\u00bb][\/vc_column][\/vc_row][vc_row thb_full_width=\u00a0\u00bbtrue\u00a0\u00bb thb_row_padding=\u00a0\u00bbtrue\u00a0\u00bb thb_column_padding=\u00a0\u00bbtrue\u00a0\u00bb thb_divider_position=\u00a0\u00bbbottom\u00a0\u00bb el_id=\u00a0\u00bbbottles-dk\u00a0\u00bb][vc_column offset=\u00a0\u00bbvc_hidden-sm vc_hidden-xs\u00a0\u00bb][rev_slider_vc alias=\u00a0\u00bbhome-bottles\u00a0\u00bb el_class=\u00a0\u00bbrev-mb0&Prime;][\/vc_column][\/vc_row][vc_row thb_full_width=\u00a0\u00bbtrue\u00a0\u00bb thb_row_padding=\u00a0\u00bbtrue\u00a0\u00bb&hellip;<\/p>\n","protected":false},"author":1,"featured_media":0,"parent":0,"menu_order":0,"comment_status":"closed","ping_status":"closed","template":"","meta":{"_acf_changed":false,"_exactmetrics_skip_tracking":false,"_exactmetrics_sitenote_active":false,"_exactmetrics_sitenote_note":"","_exactmetrics_sitenote_category":0,"footnotes":""},"acf":[],"yoast_head":"<!-- This site is optimized with the Yoast SEO plugin v22.8 - https:\/\/yoast.com\/wordpress\/plugins\/seo\/ -->\n<title>CHICA Unusual Blends - Bebida infusionada ecol\u00f3gica premium<\/title>\n<meta name=\"description\" content=\"CHICA es la primera infusi\u00f3n ecol\u00f3gica premium en el mundo en la que se mezclan hojas de olivo, hierbas mediterr\u00e1neas y zumo natural de frutas ecol\u00f3gicas.\" \/>\n<meta name=\"robots\" content=\"index, follow, max-snippet:-1, max-image-preview:large, max-video-preview:-1\" \/>\n<link rel=\"canonical\" href=\"https:\/\/unusualblends.com\/fr\/\" \/>\n<meta property=\"og:locale\" content=\"fr_FR\" \/>\n<meta property=\"og:type\" content=\"article\" \/>\n<meta property=\"og:title\" content=\"CHICA Unusual Blends - Bebida infusionada ecol\u00f3gica premium\" \/>\n<meta property=\"og:description\" content=\"CHICA es la primera infusi\u00f3n ecol\u00f3gica premium en el mundo en la que se mezclan hojas de olivo, hierbas mediterr\u00e1neas y zumo natural de frutas ecol\u00f3gicas.\" \/>\n<meta property=\"og:url\" content=\"https:\/\/unusualblends.com\/fr\/\" \/>\n<meta property=\"og:site_name\" content=\"CHICA Unusual Blends\" \/>\n<meta property=\"article:modified_time\" content=\"2020-06-25T15:03:41+00:00\" \/>\n<meta property=\"og:image\" content=\"https:\/\/unusualblends.com\/wp-content\/uploads\/2020\/06\/chica-rrss.jpg\" \/>\n<meta name=\"twitter:card\" content=\"summary_large_image\" \/>\n<meta name=\"twitter:label1\" content=\"Dur\u00e9e de lecture estim\u00e9e\" \/>\n\t<meta name=\"twitter:data1\" content=\"4 minutes\" \/>\n<script type=\"application\/ld+json\" class=\"yoast-schema-graph\">{\"@context\":\"https:\/\/schema.org\",\"@graph\":[{\"@type\":\"WebPage\",\"@id\":\"https:\/\/unusualblends.com\/fr\/\",\"url\":\"https:\/\/unusualblends.com\/fr\/\",\"name\":\"CHICA Unusual Blends - Bebida infusionada ecol\u00f3gica premium\",\"isPartOf\":{\"@id\":\"https:\/\/unusualblends.com\/#website\"},\"primaryImageOfPage\":{\"@id\":\"https:\/\/unusualblends.com\/fr\/#primaryimage\"},\"image\":{\"@id\":\"https:\/\/unusualblends.com\/fr\/#primaryimage\"},\"thumbnailUrl\":\"https:\/\/unusualblends.com\/wp-content\/uploads\/2019\/03\/frances-prod.png\",\"datePublished\":\"2016-09-26T20:44:28+00:00\",\"dateModified\":\"2020-06-25T15:03:41+00:00\",\"description\":\"CHICA es la primera infusi\u00f3n ecol\u00f3gica premium en el mundo en la que se mezclan hojas de olivo, hierbas mediterr\u00e1neas y zumo natural de frutas ecol\u00f3gicas.\",\"breadcrumb\":{\"@id\":\"https:\/\/unusualblends.com\/fr\/#breadcrumb\"},\"inLanguage\":\"fr-FR\",\"potentialAction\":[{\"@type\":\"ReadAction\",\"target\":[\"https:\/\/unusualblends.com\/fr\/\"]}]},{\"@type\":\"ImageObject\",\"inLanguage\":\"fr-FR\",\"@id\":\"https:\/\/unusualblends.com\/fr\/#primaryimage\",\"url\":\"https:\/\/unusualblends.com\/wp-content\/uploads\/2019\/03\/frances-prod.png\",\"contentUrl\":\"https:\/\/unusualblends.com\/wp-content\/uploads\/2019\/03\/frances-prod.png\"},{\"@type\":\"BreadcrumbList\",\"@id\":\"https:\/\/unusualblends.com\/fr\/#breadcrumb\",\"itemListElement\":[{\"@type\":\"ListItem\",\"position\":1,\"name\":\"Portada\",\"item\":\"https:\/\/unusualblends.com\/fr\/\"},{\"@type\":\"ListItem\",\"position\":2,\"name\":\"Home\"}]},{\"@type\":\"WebSite\",\"@id\":\"https:\/\/unusualblends.com\/#website\",\"url\":\"https:\/\/unusualblends.com\/\",\"name\":\"CHICA Unusual Blends\",\"description\":\"Infusi\u00f3n Ecol\u00f3gica Premium\",\"publisher\":{\"@id\":\"https:\/\/unusualblends.com\/#organization\"},\"potentialAction\":[{\"@type\":\"SearchAction\",\"target\":{\"@type\":\"EntryPoint\",\"urlTemplate\":\"https:\/\/unusualblends.com\/?s={search_term_string}\"},\"query-input\":\"required name=search_term_string\"}],\"inLanguage\":\"fr-FR\"},{\"@type\":\"Organization\",\"@id\":\"https:\/\/unusualblends.com\/#organization\",\"name\":\"CHICA Unusual Blends\",\"url\":\"https:\/\/unusualblends.com\/\",\"logo\":{\"@type\":\"ImageObject\",\"inLanguage\":\"fr-FR\",\"@id\":\"https:\/\/unusualblends.com\/#\/schema\/logo\/image\/\",\"url\":\"https:\/\/unusualblends.com\/wp-content\/uploads\/2018\/06\/image.png\",\"contentUrl\":\"https:\/\/unusualblends.com\/wp-content\/uploads\/2018\/06\/image.png\",\"width\":418,\"height\":81,\"caption\":\"CHICA Unusual Blends\"},\"image\":{\"@id\":\"https:\/\/unusualblends.com\/#\/schema\/logo\/image\/\"}}]}<\/script>\n<!-- \/ Yoast SEO plugin. -->","yoast_head_json":{"title":"CHICA Unusual Blends - Bebida infusionada ecol\u00f3gica premium","description":"CHICA es la primera infusi\u00f3n ecol\u00f3gica premium en el mundo en la que se mezclan hojas de olivo, hierbas mediterr\u00e1neas y zumo natural de frutas ecol\u00f3gicas.","robots":{"index":"index","follow":"follow","max-snippet":"max-snippet:-1","max-image-preview":"max-image-preview:large","max-video-preview":"max-video-preview:-1"},"canonical":"https:\/\/unusualblends.com\/fr\/","og_locale":"fr_FR","og_type":"article","og_title":"CHICA Unusual Blends - Bebida infusionada ecol\u00f3gica premium","og_description":"CHICA es la primera infusi\u00f3n ecol\u00f3gica premium en el mundo en la que se mezclan hojas de olivo, hierbas mediterr\u00e1neas y zumo natural de frutas ecol\u00f3gicas.","og_url":"https:\/\/unusualblends.com\/fr\/","og_site_name":"CHICA Unusual Blends","article_modified_time":"2020-06-25T15:03:41+00:00","og_image":[{"url":"https:\/\/unusualblends.com\/wp-content\/uploads\/2020\/06\/chica-rrss.jpg"}],"twitter_card":"summary_large_image","twitter_misc":{"Dur\u00e9e de lecture estim\u00e9e":"4 minutes"},"schema":{"@context":"https:\/\/schema.org","@graph":[{"@type":"WebPage","@id":"https:\/\/unusualblends.com\/fr\/","url":"https:\/\/unusualblends.com\/fr\/","name":"CHICA Unusual Blends - Bebida infusionada ecol\u00f3gica premium","isPartOf":{"@id":"https:\/\/unusualblends.com\/#website"},"primaryImageOfPage":{"@id":"https:\/\/unusualblends.com\/fr\/#primaryimage"},"image":{"@id":"https:\/\/unusualblends.com\/fr\/#primaryimage"},"thumbnailUrl":"https:\/\/unusualblends.com\/wp-content\/uploads\/2019\/03\/frances-prod.png","datePublished":"2016-09-26T20:44:28+00:00","dateModified":"2020-06-25T15:03:41+00:00","description":"CHICA es la primera infusi\u00f3n ecol\u00f3gica premium en el mundo en la que se mezclan hojas de olivo, hierbas mediterr\u00e1neas y zumo natural de frutas ecol\u00f3gicas.","breadcrumb":{"@id":"https:\/\/unusualblends.com\/fr\/#breadcrumb"},"inLanguage":"fr-FR","potentialAction":[{"@type":"ReadAction","target":["https:\/\/unusualblends.com\/fr\/"]}]},{"@type":"ImageObject","inLanguage":"fr-FR","@id":"https:\/\/unusualblends.com\/fr\/#primaryimage","url":"https:\/\/unusualblends.com\/wp-content\/uploads\/2019\/03\/frances-prod.png","contentUrl":"https:\/\/unusualblends.com\/wp-content\/uploads\/2019\/03\/frances-prod.png"},{"@type":"BreadcrumbList","@id":"https:\/\/unusualblends.com\/fr\/#breadcrumb","itemListElement":[{"@type":"ListItem","position":1,"name":"Portada","item":"https:\/\/unusualblends.com\/fr\/"},{"@type":"ListItem","position":2,"name":"Home"}]},{"@type":"WebSite","@id":"https:\/\/unusualblends.com\/#website","url":"https:\/\/unusualblends.com\/","name":"CHICA Unusual Blends","description":"Infusi\u00f3n Ecol\u00f3gica Premium","publisher":{"@id":"https:\/\/unusualblends.com\/#organization"},"potentialAction":[{"@type":"SearchAction","target":{"@type":"EntryPoint","urlTemplate":"https:\/\/unusualblends.com\/?s={search_term_string}"},"query-input":"required name=search_term_string"}],"inLanguage":"fr-FR"},{"@type":"Organization","@id":"https:\/\/unusualblends.com\/#organization","name":"CHICA Unusual Blends","url":"https:\/\/unusualblends.com\/","logo":{"@type":"ImageObject","inLanguage":"fr-FR","@id":"https:\/\/unusualblends.com\/#\/schema\/logo\/image\/","url":"https:\/\/unusualblends.com\/wp-content\/uploads\/2018\/06\/image.png","contentUrl":"https:\/\/unusualblends.com\/wp-content\/uploads\/2018\/06\/image.png","width":418,"height":81,"caption":"CHICA Unusual Blends"},"image":{"@id":"https:\/\/unusualblends.com\/#\/schema\/logo\/image\/"}}]}},"_links":{"self":[{"href":"https:\/\/unusualblends.com\/fr\/wp-json\/wp\/v2\/pages\/1852"}],"collection":[{"href":"https:\/\/unusualblends.com\/fr\/wp-json\/wp\/v2\/pages"}],"about":[{"href":"https:\/\/unusualblends.com\/fr\/wp-json\/wp\/v2\/types\/page"}],"author":[{"embeddable":true,"href":"https:\/\/unusualblends.com\/fr\/wp-json\/wp\/v2\/users\/1"}],"replies":[{"embeddable":true,"href":"https:\/\/unusualblends.com\/fr\/wp-json\/wp\/v2\/comments?post=1852"}],"version-history":[{"count":13,"href":"https:\/\/unusualblends.com\/fr\/wp-json\/wp\/v2\/pages\/1852\/revisions"}],"predecessor-version":[{"id":2374,"href":"https:\/\/unusualblends.com\/fr\/wp-json\/wp\/v2\/pages\/1852\/revisions\/2374"}],"wp:attachment":[{"href":"https:\/\/unusualblends.com\/fr\/wp-json\/wp\/v2\/media?parent=1852"}],"curies":[{"name":"wp","href":"https:\/\/api.w.org\/{rel}","templated":true}]}}