{"id":1854,"date":"2018-06-11T09:43:53","date_gmt":"2018-06-11T09:43:53","guid":{"rendered":"https:\/\/unusualblends.com\/nosotros\/"},"modified":"2018-12-18T12:56:07","modified_gmt":"2018-12-18T12:56:07","slug":"nous","status":"publish","type":"page","link":"https:\/\/unusualblends.com\/fr\/nous\/","title":{"rendered":"Nous"},"content":{"rendered":"<div class=\"wpb-content-wrapper\"><p>[vc_row thb_full_width=\u00a0\u00bbtrue\u00a0\u00bb thb_scroll_bottom=\u00a0\u00bbtrue\u00a0\u00bb thb_scroll_bottom_style=\u00a0\u00bbstyle3&Prime; thb_scroll_bottom_color=\u00a0\u00bblight\u00a0\u00bb thb_divider_position=\u00a0\u00bbbottom\u00a0\u00bb el_class=\u00a0\u00bbalign-left\u00a0\u00bb css=\u00a0\u00bb.vc_custom_1531153892916{padding-top: 30vh !important;padding-bottom: 30vh !important;background-image: url(https:\/\/unusualblends.com\/wp-content\/uploads\/2018\/06\/\u043b\u0430\u0432\u0430\u043d\u0434\u044b_\u0434\u0435\u0432\u0443\u0448\u043a\u0430_\u043b\u0435\u0442\u043e_\u043f\u043e\u043b\u0435-copia.jpg?id=816) !important;background-position: center !important;background-repeat: no-repeat !important;background-size: cover !important;}\u00a0\u00bb][vc_column width=\u00a0\u00bb5\/6&Prime; offset=\u00a0\u00bbvc_col-xs-7&Prime;][vc_column_text]<\/p>\n<h1><span style=\"color: #ffffff;\">Nous<\/span><\/h1>\n<p>[\/vc_column_text][vc_single_image image=\u00a0\u00bb1902&Prime; img_size=\u00a0\u00bbfull\u00a0\u00bb el_class=\u00a0\u00bbvc_hidden-xs\u00a0\u00bb][\/vc_column][\/vc_row][vc_row thb_full_width=\u00a0\u00bbtrue\u00a0\u00bb thb_row_padding=\u00a0\u00bbtrue\u00a0\u00bb thb_column_padding=\u00a0\u00bbtrue\u00a0\u00bb full_height=\u00a0\u00bbyes\u00a0\u00bb thb_divider_position=\u00a0\u00bbbottom\u00a0\u00bb el_class=\u00a0\u00bbalign-center\u00a0\u00bb][vc_column width=\u00a0\u00bb1\/2&Prime; offset=\u00a0\u00bbvc_col-lg-4 vc_col-xs-10&Prime;][vc_column_text css=\u00a0\u00bb.vc_custom_1545127623643{padding-top: 25px !important;padding-right: 20px !important;padding-bottom: 20px !important;padding-left: 20px !important;}\u00a0\u00bb]<\/p>\n<p style=\"font-size: 22px; line-height: 1.7em;\">CHICA a \u00e9t\u00e9 cr\u00e9\u00e9e par deux jeunes entrepreneurs ayant une grande connaissance du monde gourmand du luxe et passionn\u00e9s par la M\u00e9diterran\u00e9e. Ainsi, ils ont observ\u00e9 la n\u00e9cessit\u00e9 de d\u00e9velopper un produit unique en son genre pour le march\u00e9 haut de gamme.<\/p>\n<p>[\/vc_column_text][vc_empty_space height=\u00a0\u00bb30vh\u00a0\u00bb css=\u00a0\u00bb.vc_custom_1531406695833{margin-top: 23px !important;margin-bottom: 30px !important;background-image: url(https:\/\/unusualblends.com\/wp-content\/uploads\/2018\/06\/photo-1438354886727-070458b3b5cf.jpg?id=1057) !important;background-position: center !important;background-repeat: no-repeat !important;background-size: cover !important;}\u00a0\u00bb el_class=\u00a0\u00bbvc_hidden-sm vc_hidden-md vc_hidden-lg\u00a0\u00bb][vc_separator color=\u00a0\u00bbcustom\u00a0\u00bb align=\u00a0\u00bbalign_left\u00a0\u00bb border_width=\u00a0\u00bb2&Prime; el_width=\u00a0\u00bb40&Prime; accent_color=\u00a0\u00bb#634a6f\u00a0\u00bb css=\u00a0\u00bb.vc_custom_1531406760640{margin-top: 40px !important;margin-bottom: 40px !important;padding-left: 20px !important;}\u00a0\u00bb el_class=\u00a0\u00bbvc_hidden-xs\u00a0\u00bb][vc_column_text css=\u00a0\u00bb.vc_custom_1545127661748{padding-top: 20px !important;padding-right: 20px !important;padding-bottom: 30px !important;padding-left: 20px !important;}\u00a0\u00bb]<em style=\"color: #634a6f; font-size: 16px; line-height: 2.4em;\">Chez CHICA, nous croyons au plaisir, \u00e0 l\u2019importance de la joie de vivre dans ce monde o\u00f9 tout est \u00e9ph\u00e9m\u00e8re.<br \/>\nNous croyons \u00e0 la sublimation des sens, \u00e0 la beaut\u00e9 et \u00e0 la singularit\u00e9 de chaque instant.<\/em><\/p>\n<p><em style=\"color: #634a6f; font-size: 16px; line-height: 2.4em;\">Convaincus que dans la diversit\u00e9 r\u00e9side l&rsquo;essence des plus belles choses, nous recueillons ces m\u00e9langes pour ajouter de la sensualit\u00e9 \u00e0 la vie, avec une expression que seuls quelques \u00e9lus sauront appr\u00e9cier.<\/em>[\/vc_column_text][\/vc_column][vc_column width=\u00a0\u00bb1\/2&Prime; css=\u00a0\u00bb.vc_custom_1531406579698{padding-top: 130vh !important;background-image: url(https:\/\/unusualblends.com\/wp-content\/uploads\/2018\/06\/photo-1438354886727-070458b3b5cf.jpg?id=1057) !important;background-position: center !important;background-repeat: no-repeat !important;background-size: cover !important;}\u00a0\u00bb offset=\u00a0\u00bbvc_col-lg-offset-1 vc_hidden-xs\u00a0\u00bb el_class=\u00a0\u00bbmobile-height-30vh\u00a0\u00bb][\/vc_column][\/vc_row][vc_row thb_full_width=\u00a0\u00bbtrue\u00a0\u00bb thb_divider_position=\u00a0\u00bbbottom\u00a0\u00bb el_class=\u00a0\u00bbalign-center\u00a0\u00bb css=\u00a0\u00bb.vc_custom_1528712098219{padding-top: 10vh !important;padding-bottom: 10vh !important;background-image: url(https:\/\/unusualblends.com\/wp-content\/uploads\/2018\/06\/fondowebnos.jpg?id=545) !important;background-position: center !important;background-repeat: no-repeat !important;background-size: cover !important;}\u00a0\u00bb][vc_column width=\u00a0\u00bb1\/4&Prime;][vc_single_image image=\u00a0\u00bb818&Prime; img_size=\u00a0\u00bb150&#215;150&Prime; alignment=\u00a0\u00bbcenter\u00a0\u00bb css=\u00a0\u00bb.vc_custom_1530079387985{margin-top: 25px !important;}\u00a0\u00bb][\/vc_column][vc_column width=\u00a0\u00bb1\/2&Prime; offset=\u00a0\u00bbvc_col-xs-10&Prime;][vc_column_text css=\u00a0\u00bb.vc_custom_1545127680090{padding-top: 40px !important;}\u00a0\u00bb el_class=\u00a0\u00bbtext-xs-center\u00a0\u00bb]<\/p>\n<p style=\"font-size: 20px; color: #695172; line-height: 2em;\"><strong>CHICA est membre de Luxury Spain &#8211; Association espagnole du luxe.<br \/>\nNos produits ont eu l\u2019honneur d\u2019\u00eatre approuv\u00e9s par Luxury Spain en tant que marque gastronomique espagnole.<\/strong><\/p>\n<p>[\/vc_column_text][\/vc_column][\/vc_row][vc_row thb_full_width=\u00a0\u00bbtrue\u00a0\u00bb thb_row_padding=\u00a0\u00bbtrue\u00a0\u00bb thb_column_padding=\u00a0\u00bbtrue\u00a0\u00bb thb_divider_position=\u00a0\u00bbbottom\u00a0\u00bb][vc_column width=\u00a0\u00bb1\/2&Prime; css=\u00a0\u00bb.vc_custom_1530711954628{padding-top: 180px !important;padding-right: 40px !important;padding-bottom: 40px !important;padding-left: 40px !important;background-image: url(https:\/\/unusualblends.com\/wp-content\/uploads\/2018\/07\/bg-contact-copia.jpg?id=1338) !important;background-position: center !important;background-repeat: no-repeat !important;background-size: cover !important;}\u00a0\u00bb el_id=\u00a0\u00bbblocklink-limon\u00a0\u00bb][vc_column_text animation=\u00a0\u00bbanimation top-to-bottom\u00a0\u00bb el_class=\u00a0\u00bbtext-white\u00a0\u00bb]<\/p>\n<h3 style=\"text-align: right;\"><a href=\"https:\/\/unusualblends.com\/fr\/contact\/\">CONTACT<\/a><\/h3>\n<p>[\/vc_column_text][\/vc_column][vc_column width=\u00a0\u00bb1\/2&Prime; css=\u00a0\u00bb.vc_custom_1530033495095{padding-top: 180px !important;padding-right: 40px !important;padding-bottom: 40px !important;padding-left: 40px !important;background-image: url(https:\/\/unusualblends.com\/wp-content\/uploads\/2018\/06\/albaricoquefoot.jpg?id=1153) !important;background-position: center !important;background-repeat: no-repeat !important;background-size: cover !important;}\u00a0\u00bb el_id=\u00a0\u00bbblocklink-albaricoque\u00a0\u00bb][vc_column_text animation=\u00a0\u00bbanimation top-to-bottom\u00a0\u00bb el_class=\u00a0\u00bbtext-white\u00a0\u00bb]<\/p>\n<h3 style=\"text-align: left;\"><a href=\"https:\/\/unusualblends.com\/fr\/le-produit\/\">LE PRODUIT<\/a><\/h3>\n<p>[\/vc_column_text][\/vc_column][\/vc_row]<\/p>\n<\/div>","protected":false},"excerpt":{"rendered":"<p>[vc_row thb_full_width=\u00a0\u00bbtrue\u00a0\u00bb thb_scroll_bottom=\u00a0\u00bbtrue\u00a0\u00bb thb_scroll_bottom_style=\u00a0\u00bbstyle3&Prime; thb_scroll_bottom_color=\u00a0\u00bblight\u00a0\u00bb thb_divider_position=\u00a0\u00bbbottom\u00a0\u00bb el_class=\u00a0\u00bbalign-left\u00a0\u00bb css=\u00a0\u00bb.vc_custom_1531153892916{padding-top: 30vh !important;padding-bottom: 30vh !important;background-image: url(https:\/\/unusualblends.com\/wp-content\/uploads\/2018\/06\/\u043b\u0430\u0432\u0430\u043d\u0434\u044b_\u0434\u0435\u0432\u0443\u0448\u043a\u0430_\u043b\u0435\u0442\u043e_\u043f\u043e\u043b\u0435-copia.jpg?id=816) !important;background-position: center !important;background-repeat: no-repeat !important;background-size: cover !important;}\u00a0\u00bb][vc_column width=\u00a0\u00bb5\/6&Prime; offset=\u00a0\u00bbvc_col-xs-7&Prime;][vc_column_text] Nous [\/vc_column_text][vc_single_image image=\u00a0\u00bb1902&Prime; img_size=\u00a0\u00bbfull\u00a0\u00bb el_class=\u00a0\u00bbvc_hidden-xs\u00a0\u00bb][\/vc_column][\/vc_row][vc_row thb_full_width=\u00a0\u00bbtrue\u00a0\u00bb thb_row_padding=\u00a0\u00bbtrue\u00a0\u00bb thb_column_padding=\u00a0\u00bbtrue\u00a0\u00bb full_height=\u00a0\u00bbyes\u00a0\u00bb thb_divider_position=\u00a0\u00bbbottom\u00a0\u00bb el_class=\u00a0\u00bbalign-center\u00a0\u00bb][vc_column width=\u00a0\u00bb1\/2&Prime; offset=\u00a0\u00bbvc_col-lg-4 vc_col-xs-10&Prime;][vc_column_text css=\u00a0\u00bb.vc_custom_1545127623643{padding-top: 25px !important;padding-right: 20px !important;padding-bottom: 20px !important;padding-left: 20px !important;}\u00a0\u00bb] CHICA a \u00e9t\u00e9 cr\u00e9\u00e9e par deux jeunes entrepreneurs ayant une&hellip;<\/p>\n","protected":false},"author":1,"featured_media":0,"parent":0,"menu_order":0,"comment_status":"closed","ping_status":"closed","template":"","meta":{"_acf_changed":false,"_exactmetrics_skip_tracking":false,"_exactmetrics_sitenote_active":false,"_exactmetrics_sitenote_note":"","_exactmetrics_sitenote_category":0,"footnotes":""},"acf":[],"yoast_head":"<!-- This site is optimized with the Yoast SEO plugin v22.8 - https:\/\/yoast.com\/wordpress\/plugins\/seo\/ -->\n<title>Nous - CHICA Unusual Blends<\/title>\n<meta name=\"robots\" content=\"index, follow, max-snippet:-1, max-image-preview:large, max-video-preview:-1\" \/>\n<link rel=\"canonical\" href=\"https:\/\/unusualblends.com\/fr\/nous\/\" \/>\n<meta property=\"og:locale\" content=\"fr_FR\" \/>\n<meta property=\"og:type\" content=\"article\" \/>\n<meta property=\"og:title\" content=\"Nous - CHICA Unusual Blends\" \/>\n<meta property=\"og:description\" content=\"[vc_row thb_full_width=\u00a0\u00bbtrue\u00a0\u00bb thb_scroll_bottom=\u00a0\u00bbtrue\u00a0\u00bb thb_scroll_bottom_style=\u00a0\u00bbstyle3&Prime; thb_scroll_bottom_color=\u00a0\u00bblight\u00a0\u00bb thb_divider_position=\u00a0\u00bbbottom\u00a0\u00bb el_class=\u00a0\u00bbalign-left\u00a0\u00bb css=\u00a0\u00bb.vc_custom_1531153892916{padding-top: 30vh !important;padding-bottom: 30vh !important;background-image: url(https:\/\/unusualblends.com\/wp-content\/uploads\/2018\/06\/\u043b\u0430\u0432\u0430\u043d\u0434\u044b_\u0434\u0435\u0432\u0443\u0448\u043a\u0430_\u043b\u0435\u0442\u043e_\u043f\u043e\u043b\u0435-copia.jpg?id=816) !important;background-position: center !important;background-repeat: no-repeat !important;background-size: cover !important;}\u00a0\u00bb][vc_column width=\u00a0\u00bb5\/6&Prime; offset=\u00a0\u00bbvc_col-xs-7&Prime;][vc_column_text] Nous [\/vc_column_text][vc_single_image image=\u00a0\u00bb1902&Prime; img_size=\u00a0\u00bbfull\u00a0\u00bb el_class=\u00a0\u00bbvc_hidden-xs\u00a0\u00bb][\/vc_column][\/vc_row][vc_row thb_full_width=\u00a0\u00bbtrue\u00a0\u00bb thb_row_padding=\u00a0\u00bbtrue\u00a0\u00bb thb_column_padding=\u00a0\u00bbtrue\u00a0\u00bb full_height=\u00a0\u00bbyes\u00a0\u00bb thb_divider_position=\u00a0\u00bbbottom\u00a0\u00bb el_class=\u00a0\u00bbalign-center\u00a0\u00bb][vc_column width=\u00a0\u00bb1\/2&Prime; offset=\u00a0\u00bbvc_col-lg-4 vc_col-xs-10&Prime;][vc_column_text css=\u00a0\u00bb.vc_custom_1545127623643{padding-top: 25px !important;padding-right: 20px !important;padding-bottom: 20px !important;padding-left: 20px !important;}\u00a0\u00bb] CHICA a \u00e9t\u00e9 cr\u00e9\u00e9e par deux jeunes entrepreneurs ayant une&hellip;\" \/>\n<meta property=\"og:url\" content=\"https:\/\/unusualblends.com\/fr\/nous\/\" \/>\n<meta property=\"og:site_name\" content=\"CHICA Unusual Blends\" \/>\n<meta property=\"article:modified_time\" content=\"2018-12-18T12:56:07+00:00\" \/>\n<meta name=\"twitter:card\" content=\"summary_large_image\" \/>\n<meta name=\"twitter:label1\" content=\"Dur\u00e9e de lecture estim\u00e9e\" \/>\n\t<meta name=\"twitter:data1\" content=\"3 minutes\" \/>\n<script type=\"application\/ld+json\" class=\"yoast-schema-graph\">{\"@context\":\"https:\/\/schema.org\",\"@graph\":[{\"@type\":\"WebPage\",\"@id\":\"https:\/\/unusualblends.com\/fr\/nous\/\",\"url\":\"https:\/\/unusualblends.com\/fr\/nous\/\",\"name\":\"Nous - CHICA Unusual Blends\",\"isPartOf\":{\"@id\":\"https:\/\/unusualblends.com\/#website\"},\"datePublished\":\"2018-06-11T09:43:53+00:00\",\"dateModified\":\"2018-12-18T12:56:07+00:00\",\"breadcrumb\":{\"@id\":\"https:\/\/unusualblends.com\/fr\/nous\/#breadcrumb\"},\"inLanguage\":\"fr-FR\",\"potentialAction\":[{\"@type\":\"ReadAction\",\"target\":[\"https:\/\/unusualblends.com\/fr\/nous\/\"]}]},{\"@type\":\"BreadcrumbList\",\"@id\":\"https:\/\/unusualblends.com\/fr\/nous\/#breadcrumb\",\"itemListElement\":[{\"@type\":\"ListItem\",\"position\":1,\"name\":\"Portada\",\"item\":\"https:\/\/unusualblends.com\/fr\/\"},{\"@type\":\"ListItem\",\"position\":2,\"name\":\"Nous\"}]},{\"@type\":\"WebSite\",\"@id\":\"https:\/\/unusualblends.com\/#website\",\"url\":\"https:\/\/unusualblends.com\/\",\"name\":\"CHICA Unusual Blends\",\"description\":\"Infusi\u00f3n Ecol\u00f3gica Premium\",\"publisher\":{\"@id\":\"https:\/\/unusualblends.com\/#organization\"},\"potentialAction\":[{\"@type\":\"SearchAction\",\"target\":{\"@type\":\"EntryPoint\",\"urlTemplate\":\"https:\/\/unusualblends.com\/?s={search_term_string}\"},\"query-input\":\"required name=search_term_string\"}],\"inLanguage\":\"fr-FR\"},{\"@type\":\"Organization\",\"@id\":\"https:\/\/unusualblends.com\/#organization\",\"name\":\"CHICA Unusual Blends\",\"url\":\"https:\/\/unusualblends.com\/\",\"logo\":{\"@type\":\"ImageObject\",\"inLanguage\":\"fr-FR\",\"@id\":\"https:\/\/unusualblends.com\/#\/schema\/logo\/image\/\",\"url\":\"https:\/\/unusualblends.com\/wp-content\/uploads\/2018\/06\/image.png\",\"contentUrl\":\"https:\/\/unusualblends.com\/wp-content\/uploads\/2018\/06\/image.png\",\"width\":418,\"height\":81,\"caption\":\"CHICA Unusual Blends\"},\"image\":{\"@id\":\"https:\/\/unusualblends.com\/#\/schema\/logo\/image\/\"}}]}<\/script>\n<!-- \/ Yoast SEO plugin. -->","yoast_head_json":{"title":"Nous - CHICA Unusual Blends","robots":{"index":"index","follow":"follow","max-snippet":"max-snippet:-1","max-image-preview":"max-image-preview:large","max-video-preview":"max-video-preview:-1"},"canonical":"https:\/\/unusualblends.com\/fr\/nous\/","og_locale":"fr_FR","og_type":"article","og_title":"Nous - CHICA Unusual Blends","og_description":"[vc_row thb_full_width=\u00a0\u00bbtrue\u00a0\u00bb thb_scroll_bottom=\u00a0\u00bbtrue\u00a0\u00bb thb_scroll_bottom_style=\u00a0\u00bbstyle3&Prime; thb_scroll_bottom_color=\u00a0\u00bblight\u00a0\u00bb thb_divider_position=\u00a0\u00bbbottom\u00a0\u00bb el_class=\u00a0\u00bbalign-left\u00a0\u00bb css=\u00a0\u00bb.vc_custom_1531153892916{padding-top: 30vh !important;padding-bottom: 30vh !important;background-image: url(https:\/\/unusualblends.com\/wp-content\/uploads\/2018\/06\/\u043b\u0430\u0432\u0430\u043d\u0434\u044b_\u0434\u0435\u0432\u0443\u0448\u043a\u0430_\u043b\u0435\u0442\u043e_\u043f\u043e\u043b\u0435-copia.jpg?id=816) !important;background-position: center !important;background-repeat: no-repeat !important;background-size: cover !important;}\u00a0\u00bb][vc_column width=\u00a0\u00bb5\/6&Prime; offset=\u00a0\u00bbvc_col-xs-7&Prime;][vc_column_text] Nous [\/vc_column_text][vc_single_image image=\u00a0\u00bb1902&Prime; img_size=\u00a0\u00bbfull\u00a0\u00bb el_class=\u00a0\u00bbvc_hidden-xs\u00a0\u00bb][\/vc_column][\/vc_row][vc_row thb_full_width=\u00a0\u00bbtrue\u00a0\u00bb thb_row_padding=\u00a0\u00bbtrue\u00a0\u00bb thb_column_padding=\u00a0\u00bbtrue\u00a0\u00bb full_height=\u00a0\u00bbyes\u00a0\u00bb thb_divider_position=\u00a0\u00bbbottom\u00a0\u00bb el_class=\u00a0\u00bbalign-center\u00a0\u00bb][vc_column width=\u00a0\u00bb1\/2&Prime; offset=\u00a0\u00bbvc_col-lg-4 vc_col-xs-10&Prime;][vc_column_text css=\u00a0\u00bb.vc_custom_1545127623643{padding-top: 25px !important;padding-right: 20px !important;padding-bottom: 20px !important;padding-left: 20px !important;}\u00a0\u00bb] CHICA a \u00e9t\u00e9 cr\u00e9\u00e9e par deux jeunes entrepreneurs ayant une&hellip;","og_url":"https:\/\/unusualblends.com\/fr\/nous\/","og_site_name":"CHICA Unusual Blends","article_modified_time":"2018-12-18T12:56:07+00:00","twitter_card":"summary_large_image","twitter_misc":{"Dur\u00e9e de lecture estim\u00e9e":"3 minutes"},"schema":{"@context":"https:\/\/schema.org","@graph":[{"@type":"WebPage","@id":"https:\/\/unusualblends.com\/fr\/nous\/","url":"https:\/\/unusualblends.com\/fr\/nous\/","name":"Nous - CHICA Unusual Blends","isPartOf":{"@id":"https:\/\/unusualblends.com\/#website"},"datePublished":"2018-06-11T09:43:53+00:00","dateModified":"2018-12-18T12:56:07+00:00","breadcrumb":{"@id":"https:\/\/unusualblends.com\/fr\/nous\/#breadcrumb"},"inLanguage":"fr-FR","potentialAction":[{"@type":"ReadAction","target":["https:\/\/unusualblends.com\/fr\/nous\/"]}]},{"@type":"BreadcrumbList","@id":"https:\/\/unusualblends.com\/fr\/nous\/#breadcrumb","itemListElement":[{"@type":"ListItem","position":1,"name":"Portada","item":"https:\/\/unusualblends.com\/fr\/"},{"@type":"ListItem","position":2,"name":"Nous"}]},{"@type":"WebSite","@id":"https:\/\/unusualblends.com\/#website","url":"https:\/\/unusualblends.com\/","name":"CHICA Unusual Blends","description":"Infusi\u00f3n Ecol\u00f3gica Premium","publisher":{"@id":"https:\/\/unusualblends.com\/#organization"},"potentialAction":[{"@type":"SearchAction","target":{"@type":"EntryPoint","urlTemplate":"https:\/\/unusualblends.com\/?s={search_term_string}"},"query-input":"required name=search_term_string"}],"inLanguage":"fr-FR"},{"@type":"Organization","@id":"https:\/\/unusualblends.com\/#organization","name":"CHICA Unusual Blends","url":"https:\/\/unusualblends.com\/","logo":{"@type":"ImageObject","inLanguage":"fr-FR","@id":"https:\/\/unusualblends.com\/#\/schema\/logo\/image\/","url":"https:\/\/unusualblends.com\/wp-content\/uploads\/2018\/06\/image.png","contentUrl":"https:\/\/unusualblends.com\/wp-content\/uploads\/2018\/06\/image.png","width":418,"height":81,"caption":"CHICA Unusual Blends"},"image":{"@id":"https:\/\/unusualblends.com\/#\/schema\/logo\/image\/"}}]}},"_links":{"self":[{"href":"https:\/\/unusualblends.com\/fr\/wp-json\/wp\/v2\/pages\/1854"}],"collection":[{"href":"https:\/\/unusualblends.com\/fr\/wp-json\/wp\/v2\/pages"}],"about":[{"href":"https:\/\/unusualblends.com\/fr\/wp-json\/wp\/v2\/types\/page"}],"author":[{"embeddable":true,"href":"https:\/\/unusualblends.com\/fr\/wp-json\/wp\/v2\/users\/1"}],"replies":[{"embeddable":true,"href":"https:\/\/unusualblends.com\/fr\/wp-json\/wp\/v2\/comments?post=1854"}],"version-history":[{"count":3,"href":"https:\/\/unusualblends.com\/fr\/wp-json\/wp\/v2\/pages\/1854\/revisions"}],"predecessor-version":[{"id":1905,"href":"https:\/\/unusualblends.com\/fr\/wp-json\/wp\/v2\/pages\/1854\/revisions\/1905"}],"wp:attachment":[{"href":"https:\/\/unusualblends.com\/fr\/wp-json\/wp\/v2\/media?parent=1854"}],"curies":[{"name":"wp","href":"https:\/\/api.w.org\/{rel}","templated":true}]}}