{"id":1856,"date":"2018-07-09T17:27:22","date_gmt":"2018-07-09T17:27:22","guid":{"rendered":"https:\/\/unusualblends.com\/politica-de-cookies\/"},"modified":"2018-12-18T12:34:40","modified_gmt":"2018-12-18T12:34:40","slug":"politica-de-cookies","status":"publish","type":"page","link":"https:\/\/unusualblends.com\/fr\/politica-de-cookies\/","title":{"rendered":"Pol\u00edtica de Cookies"},"content":{"rendered":"<div class=\"wpb-content-wrapper\"><p>[vc_row thb_divider_position=\u00a0\u00bbbottom\u00a0\u00bb][vc_column][vc_column_text]<\/p>\n<div id=\"clickdatos\">\n<p>Sur le site Web https:\/\/unusualblends.com, nous utilisons des cookies pour faciliter la relation des visiteurs avec notre contenu et pour nous permettre de compiler des statistiques sur les visiteurs que nous recevons.<\/p>\n<p>Conform\u00e9ment \u00e0 la directive 2009\/136 \/ CE, d\u00e9velopp\u00e9e dans notre ordonnance par le deuxi\u00e8me paragraphe de l&rsquo;article 22 de la loi sur les services de la soci\u00e9t\u00e9 de l&rsquo;information, conform\u00e9ment aux directives de l&rsquo;Agence espagnole de protection des donn\u00e9es, nous vous informons en d\u00e9tail des utiliser qui est faite sur notre site web.<\/p>\n<p>Les cookies sont appel\u00e9s des petits fichiers enregistr\u00e9s dans le navigateur utilis\u00e9 par chaque visiteur de notre site Web afin que le serveur puisse se souvenir de la visite de cet utilisateur ult\u00e9rieurement lorsqu&rsquo;il reviendra acc\u00e9der \u00e0 notre contenu. Ces informations ne r\u00e9v\u00e8lent ni votre identit\u00e9, ni vos donn\u00e9es personnelles, ni l&rsquo;acc\u00e8s au contenu stock\u00e9 sur votre ordinateur, mais permettent \u00e0 notre syst\u00e8me de vous identifier en tant qu&rsquo;utilisateur sp\u00e9cifique ayant d\u00e9j\u00e0 visit\u00e9 le Web, consult\u00e9 certaines pages, etc. et vous permet \u00e9galement de sauvegarder vos pr\u00e9f\u00e9rences personnelles et des informations techniques telles que des visites effectu\u00e9es ou des pages sp\u00e9cifiques que vous visitez.<\/p>\n<p>Les cookies ont pour objectif de fournir \u00e0 l&rsquo;utilisateur un acc\u00e8s plus rapide aux services s\u00e9lectionn\u00e9s.<\/p>\n<p>Si vous ne souhaitez pas que les cookies soient stock\u00e9s dans votre navigateur ou pr\u00e9f\u00e9rez recevoir des informations chaque fois qu&rsquo;un cookie est install\u00e9, vous pouvez configurer vos options de navigation de mani\u00e8re \u00e0 ce qu&rsquo;elles le soient. La plupart des navigateurs permettent la gestion des cookies de 3 mani\u00e8res diff\u00e9rentes:<\/p>\n<p>Les cookies sont toujours refus\u00e9s.<br \/>\nLe navigateur demande si l&rsquo;utilisateur veut installer chaque cookie;<br \/>\nLes cookies sont toujours accept\u00e9s.<br \/>\nVotre navigateur peut \u00e9galement inclure la possibilit\u00e9 de s\u00e9lectionner en d\u00e9tail les cookies que vous souhaitez installer sur votre ordinateur. En particulier, l&rsquo;utilisateur peut g\u00e9n\u00e9ralement accepter l&rsquo;une des options suivantes:<\/p>\n<p>refuser les cookies de certains domaines;<br \/>\nrejeter les cookies tiers;<br \/>\naccepter les cookies comme non persistants (ils sont supprim\u00e9s \u00e0 la fermeture du navigateur);<br \/>\nAutoriser le serveur \u00e0 cr\u00e9er des cookies pour un autre domaine.<br \/>\nPour autoriser, conna\u00eetre, bloquer ou \u00e9liminer les cookies install\u00e9s sur votre ordinateur, vous pouvez le faire en configurant les options du navigateur install\u00e9 sur votre ordinateur.<\/p>\n<p>Vous pouvez trouver des informations sur la configuration des navigateurs les plus utilis\u00e9s aux emplacements suivants:<\/p>\n<p>Internet Explorer: Outils -&gt; Options Internet -&gt; Confidentialit\u00e9 -&gt; Configuration. Pour plus d&rsquo;informations, vous pouvez consulter le support technique Microsoft ou l&rsquo;aide du navigateur.<br \/>\nFirefox: Outils -&gt; Options -&gt; Confidentialit\u00e9 -&gt; Historique -&gt; Param\u00e8tres personnalis\u00e9s. Pour plus d&rsquo;informations, vous pouvez consulter l&rsquo;assistance de Mozilla ou l&rsquo;aide du navigateur.<br \/>\nChrome: Param\u00e8tres -&gt; Afficher les options avanc\u00e9es -&gt; Confidentialit\u00e9 -&gt; Param\u00e8tres de contenu. Pour plus d&rsquo;informations, vous pouvez consulter l&rsquo;assistance de Google ou l&rsquo;aide du navigateur.<br \/>\nSafari: Pr\u00e9f\u00e9rences -&gt; S\u00e9curit\u00e9. Pour plus d&rsquo;informations, vous pouvez consulter l&rsquo;assistance Apple ou l&rsquo;aide du navigateur.<br \/>\nEn ce qui concerne les cookies tiers, c\u2019est-\u00e0-dire ceux qui sont \u00e9trangers \u00e0 notre site Web, nous ne pouvons \u00eatre tenus responsables du contenu et de la v\u00e9racit\u00e9 des politiques de confidentialit\u00e9 qu\u2019ils contiennent, de sorte que les informations que nous proposons sont toujours en r\u00e9f\u00e9rence \u00e0 la source.<\/p>\n<p>Ci-dessous, nous vous informons en d\u00e9tail des cookies qui peuvent \u00eatre install\u00e9s \u00e0 partir de notre site Web. Selon votre navigation, vous pouvez installer tout ou partie d\u2019entre eux.<\/p>\n<div id=\"listadodecookies\">\n<table style=\"border: 1px solid black;\">\n<tbody>\n<tr align=\"center\">\n<td style=\"border: 1px solid black;\">nom<\/td>\n<td style=\"border: 1px solid black;\">Cat\u00e9gorie<\/td>\n<td style=\"border: 1px solid black;\">Description<\/td>\n<td style=\"border: 1px solid black;\">Propri\u00e9t\u00e9<\/td>\n<td style=\"border: 1px solid black;\">Dur\u00e9e<\/td>\n<\/tr>\n<tr id=\"_ga\" align=\"center\">\n<td style=\"border: 1px solid black;\">_ga<\/td>\n<td style=\"border: 1px solid black;\">Analyse<\/td>\n<td style=\"border: 1px solid black;\">Il est utilis\u00e9 pour distinguer les utilisateurs.<\/td>\n<td style=\"border: 1px solid black;\">Third Party<\/td>\n<td style=\"border: 1px solid black;\">2 ans<\/td>\n<\/tr>\n<tr id=\"_gat\" align=\"center\">\n<td style=\"border: 1px solid black;\">_gat<\/td>\n<td style=\"border: 1px solid black;\">Ads<\/td>\n<td style=\"border: 1px solid black;\">Il est utilis\u00e9 pour diff\u00e9rencier les diff\u00e9rents objets de suivi cr\u00e9\u00e9s dans la session.<\/td>\n<td style=\"border: 1px solid black;\">Third Party<\/td>\n<td style=\"border: 1px solid black;\">1 minute<\/td>\n<\/tr>\n<tr id=\"_gid\" align=\"center\">\n<td style=\"border: 1px solid black;\">_gid<\/td>\n<td style=\"border: 1px solid black;\">Analyse<\/td>\n<td style=\"border: 1px solid black;\">Il est utilis\u00e9 pour distinguer les utilisateurs.<\/td>\n<td style=\"border: 1px solid black;\">Third Party<\/td>\n<td style=\"border: 1px solid black;\">24 heures<\/td>\n<\/tr>\n<tr id=\"wordpress_\" align=\"center\">\n<td style=\"border: 1px solid black;\">wordpress_<\/td>\n<td style=\"border: 1px solid black;\">fonctionnalit\u00e9<\/td>\n<td style=\"border: 1px solid black;\">Il est activ\u00e9 lors de la connexion et enregistre les d\u00e9tails de l&rsquo;authentification.<\/td>\n<td style=\"border: 1px solid black;\">Own<\/td>\n<td style=\"border: 1px solid black;\">1 an<\/td>\n<\/tr>\n<tr id=\"wordpress_logged_in_\" align=\"center\">\n<td style=\"border: 1px solid black;\">wordpress_logged_in_<\/td>\n<td style=\"border: 1px solid black;\">fonctionnalit\u00e9<\/td>\n<td style=\"border: 1px solid black;\">Il est activ\u00e9 lors de la connexion et enregistre les d\u00e9tails de l&rsquo;authentification.<\/td>\n<td style=\"border: 1px solid black;\">Own<\/td>\n<td style=\"border: 1px solid black;\">1 an<\/td>\n<\/tr>\n<tr id=\"wordpress_test_cookie\" align=\"center\">\n<td style=\"border: 1px solid black;\">wordpress_test_cookie<\/td>\n<td style=\"border: 1px solid black;\">fonctionnalit\u00e9<\/td>\n<td style=\"border: 1px solid black;\">Il est activ\u00e9 lors de la connexion et enregistre les d\u00e9tails de l&rsquo;authentification.<\/td>\n<td style=\"border: 1px solid black;\">Own<\/td>\n<td style=\"border: 1px solid black;\">1 an<\/td>\n<\/tr>\n<tr id=\"wp-settings-\" align=\"center\">\n<td style=\"border: 1px solid black;\">wp-settings-<\/td>\n<td style=\"border: 1px solid black;\">fonctionnalit\u00e9<\/td>\n<td style=\"border: 1px solid black;\">Il sert \u00e0 personnaliser l&rsquo;interface utilisateur.<\/td>\n<td style=\"border: 1px solid black;\">Own<\/td>\n<td style=\"border: 1px solid black;\">1 an<\/td>\n<\/tr>\n<tr id=\"wp-settings-time-\" align=\"center\">\n<td style=\"border: 1px solid black;\">wp-settings-time-<\/td>\n<td style=\"border: 1px solid black;\">fonctionnalit\u00e9<\/td>\n<td style=\"border: 1px solid black;\">Il sert \u00e0 personnaliser l&rsquo;interface utilisateur.<\/td>\n<td style=\"border: 1px solid black;\">Own<\/td>\n<td style=\"border: 1px solid black;\">Fin de la session<\/td>\n<\/tr>\n<tr id=\"_icl_current_admin_language_d41d8cd98f00b204e9800998ecf8427e\" align=\"center\">\n<td style=\"border: 1px solid black;\">_icl_current_admin_language_d41d8cd98f00b204e9800998ecf8427e<\/td>\n<td style=\"border: 1px solid black;\">fonctionnalit\u00e9<\/td>\n<td style=\"border: 1px solid black;\">Contr\u00f4leur de traduction<\/td>\n<td style=\"border: 1px solid black;\">Own<\/td>\n<td style=\"border: 1px solid black;\">1 an<\/td>\n<\/tr>\n<tr id=\"_icl_current_language\" align=\"center\">\n<td style=\"border: 1px solid black;\">_icl_current_language<\/td>\n<td style=\"border: 1px solid black;\">Analyse<\/td>\n<td style=\"border: 1px solid black;\">Contr\u00f4leur de traduction<\/td>\n<td style=\"border: 1px solid black;\">Own<\/td>\n<td style=\"border: 1px solid black;\">1 an<\/td>\n<\/tr>\n<tr id=\"_gat_gtag_UA_117442739_1\" align=\"center\">\n<td style=\"border: 1px solid black;\">_gat_gtag_UA_117442739_1<\/td>\n<td style=\"border: 1px solid black;\">Analyse<\/td>\n<td style=\"border: 1px solid black;\">Google tag<\/td>\n<td style=\"border: 1px solid black;\">Third Party<\/td>\n<td style=\"border: 1px solid black;\">1 an<\/td>\n<\/tr>\n<\/tbody>\n<\/table>\n<\/div>\n<p>Cette politique de cookies peut \u00eatre modifi\u00e9e conform\u00e9ment aux exigences l\u00e9gislatives ou r\u00e9glementaires ou dans le but d&rsquo;adapter cette politique aux instructions de l&rsquo;Agence espagnole de protection des donn\u00e9es, pour lesquelles il est conseill\u00e9 aux utilisateurs de la consulter p\u00e9riodiquement.<\/p>\n<p>Lorsque des modifications importantes sont apport\u00e9es \u00e0 cette politique de cookies, les utilisateurs sont inform\u00e9s via le Web ou par courrier \u00e9lectronique aux utilisateurs enregistr\u00e9s.<\/p>\n<\/div>\n<p>[\/vc_column_text][\/vc_column][\/vc_row]<\/p>\n<\/div>","protected":false},"excerpt":{"rendered":"<p>[vc_row thb_divider_position=\u00a0\u00bbbottom\u00a0\u00bb][vc_column][vc_column_text] Sur le site Web https:\/\/unusualblends.com, nous utilisons des cookies pour faciliter la relation des visiteurs avec notre contenu et pour nous permettre de compiler des statistiques sur les visiteurs que nous recevons. Conform\u00e9ment \u00e0 la directive 2009\/136 \/ CE, d\u00e9velopp\u00e9e dans notre ordonnance par le deuxi\u00e8me paragraphe de l&rsquo;article 22 de la loi&hellip;<\/p>\n","protected":false},"author":1,"featured_media":0,"parent":0,"menu_order":0,"comment_status":"closed","ping_status":"closed","template":"","meta":{"_acf_changed":false,"_exactmetrics_skip_tracking":false,"_exactmetrics_sitenote_active":false,"_exactmetrics_sitenote_note":"","_exactmetrics_sitenote_category":0,"footnotes":""},"acf":[],"yoast_head":"<!-- This site is optimized with the Yoast SEO plugin v22.8 - https:\/\/yoast.com\/wordpress\/plugins\/seo\/ -->\n<title>Pol\u00edtica de Cookies - CHICA Unusual Blends<\/title>\n<meta name=\"robots\" content=\"index, follow, max-snippet:-1, max-image-preview:large, max-video-preview:-1\" \/>\n<link rel=\"canonical\" href=\"https:\/\/unusualblends.com\/politica-de-cookies\/\" \/>\n<meta property=\"og:locale\" content=\"fr_FR\" \/>\n<meta property=\"og:type\" content=\"article\" \/>\n<meta property=\"og:title\" content=\"Pol\u00edtica de Cookies - CHICA Unusual Blends\" \/>\n<meta property=\"og:description\" content=\"[vc_row thb_divider_position=\u00a0\u00bbbottom\u00a0\u00bb][vc_column][vc_column_text] Sur le site Web https:\/\/unusualblends.com, nous utilisons des cookies pour faciliter la relation des visiteurs avec notre contenu et pour nous permettre de compiler des statistiques sur les visiteurs que nous recevons. Conform\u00e9ment \u00e0 la directive 2009\/136 \/ CE, d\u00e9velopp\u00e9e dans notre ordonnance par le deuxi\u00e8me paragraphe de l&rsquo;article 22 de la loi&hellip;\" \/>\n<meta property=\"og:url\" content=\"https:\/\/unusualblends.com\/politica-de-cookies\/\" \/>\n<meta property=\"og:site_name\" content=\"CHICA Unusual Blends\" \/>\n<meta property=\"article:modified_time\" content=\"2018-12-18T12:34:40+00:00\" \/>\n<meta name=\"twitter:card\" content=\"summary_large_image\" \/>\n<meta name=\"twitter:label1\" content=\"Dur\u00e9e de lecture estim\u00e9e\" \/>\n\t<meta name=\"twitter:data1\" content=\"4 minutes\" \/>\n<script type=\"application\/ld+json\" class=\"yoast-schema-graph\">{\"@context\":\"https:\/\/schema.org\",\"@graph\":[{\"@type\":\"WebPage\",\"@id\":\"https:\/\/unusualblends.com\/politica-de-cookies\/\",\"url\":\"https:\/\/unusualblends.com\/politica-de-cookies\/\",\"name\":\"Pol\u00edtica de Cookies - CHICA Unusual Blends\",\"isPartOf\":{\"@id\":\"https:\/\/unusualblends.com\/#website\"},\"datePublished\":\"2018-07-09T17:27:22+00:00\",\"dateModified\":\"2018-12-18T12:34:40+00:00\",\"breadcrumb\":{\"@id\":\"https:\/\/unusualblends.com\/politica-de-cookies\/#breadcrumb\"},\"inLanguage\":\"fr-FR\",\"potentialAction\":[{\"@type\":\"ReadAction\",\"target\":[\"https:\/\/unusualblends.com\/politica-de-cookies\/\"]}]},{\"@type\":\"BreadcrumbList\",\"@id\":\"https:\/\/unusualblends.com\/politica-de-cookies\/#breadcrumb\",\"itemListElement\":[{\"@type\":\"ListItem\",\"position\":1,\"name\":\"Portada\",\"item\":\"https:\/\/unusualblends.com\/fr\/\"},{\"@type\":\"ListItem\",\"position\":2,\"name\":\"Pol\u00edtica de Cookies\"}]},{\"@type\":\"WebSite\",\"@id\":\"https:\/\/unusualblends.com\/#website\",\"url\":\"https:\/\/unusualblends.com\/\",\"name\":\"CHICA Unusual Blends\",\"description\":\"Infusi\u00f3n Ecol\u00f3gica Premium\",\"publisher\":{\"@id\":\"https:\/\/unusualblends.com\/#organization\"},\"potentialAction\":[{\"@type\":\"SearchAction\",\"target\":{\"@type\":\"EntryPoint\",\"urlTemplate\":\"https:\/\/unusualblends.com\/?s={search_term_string}\"},\"query-input\":\"required name=search_term_string\"}],\"inLanguage\":\"fr-FR\"},{\"@type\":\"Organization\",\"@id\":\"https:\/\/unusualblends.com\/#organization\",\"name\":\"CHICA Unusual Blends\",\"url\":\"https:\/\/unusualblends.com\/\",\"logo\":{\"@type\":\"ImageObject\",\"inLanguage\":\"fr-FR\",\"@id\":\"https:\/\/unusualblends.com\/#\/schema\/logo\/image\/\",\"url\":\"https:\/\/unusualblends.com\/wp-content\/uploads\/2018\/06\/image.png\",\"contentUrl\":\"https:\/\/unusualblends.com\/wp-content\/uploads\/2018\/06\/image.png\",\"width\":418,\"height\":81,\"caption\":\"CHICA Unusual Blends\"},\"image\":{\"@id\":\"https:\/\/unusualblends.com\/#\/schema\/logo\/image\/\"}}]}<\/script>\n<!-- \/ Yoast SEO plugin. -->","yoast_head_json":{"title":"Pol\u00edtica de Cookies - CHICA Unusual Blends","robots":{"index":"index","follow":"follow","max-snippet":"max-snippet:-1","max-image-preview":"max-image-preview:large","max-video-preview":"max-video-preview:-1"},"canonical":"https:\/\/unusualblends.com\/politica-de-cookies\/","og_locale":"fr_FR","og_type":"article","og_title":"Pol\u00edtica de Cookies - CHICA Unusual Blends","og_description":"[vc_row thb_divider_position=\u00a0\u00bbbottom\u00a0\u00bb][vc_column][vc_column_text] Sur le site Web https:\/\/unusualblends.com, nous utilisons des cookies pour faciliter la relation des visiteurs avec notre contenu et pour nous permettre de compiler des statistiques sur les visiteurs que nous recevons. Conform\u00e9ment \u00e0 la directive 2009\/136 \/ CE, d\u00e9velopp\u00e9e dans notre ordonnance par le deuxi\u00e8me paragraphe de l&rsquo;article 22 de la loi&hellip;","og_url":"https:\/\/unusualblends.com\/politica-de-cookies\/","og_site_name":"CHICA Unusual Blends","article_modified_time":"2018-12-18T12:34:40+00:00","twitter_card":"summary_large_image","twitter_misc":{"Dur\u00e9e de lecture estim\u00e9e":"4 minutes"},"schema":{"@context":"https:\/\/schema.org","@graph":[{"@type":"WebPage","@id":"https:\/\/unusualblends.com\/politica-de-cookies\/","url":"https:\/\/unusualblends.com\/politica-de-cookies\/","name":"Pol\u00edtica de Cookies - CHICA Unusual Blends","isPartOf":{"@id":"https:\/\/unusualblends.com\/#website"},"datePublished":"2018-07-09T17:27:22+00:00","dateModified":"2018-12-18T12:34:40+00:00","breadcrumb":{"@id":"https:\/\/unusualblends.com\/politica-de-cookies\/#breadcrumb"},"inLanguage":"fr-FR","potentialAction":[{"@type":"ReadAction","target":["https:\/\/unusualblends.com\/politica-de-cookies\/"]}]},{"@type":"BreadcrumbList","@id":"https:\/\/unusualblends.com\/politica-de-cookies\/#breadcrumb","itemListElement":[{"@type":"ListItem","position":1,"name":"Portada","item":"https:\/\/unusualblends.com\/fr\/"},{"@type":"ListItem","position":2,"name":"Pol\u00edtica de Cookies"}]},{"@type":"WebSite","@id":"https:\/\/unusualblends.com\/#website","url":"https:\/\/unusualblends.com\/","name":"CHICA Unusual Blends","description":"Infusi\u00f3n Ecol\u00f3gica Premium","publisher":{"@id":"https:\/\/unusualblends.com\/#organization"},"potentialAction":[{"@type":"SearchAction","target":{"@type":"EntryPoint","urlTemplate":"https:\/\/unusualblends.com\/?s={search_term_string}"},"query-input":"required name=search_term_string"}],"inLanguage":"fr-FR"},{"@type":"Organization","@id":"https:\/\/unusualblends.com\/#organization","name":"CHICA Unusual Blends","url":"https:\/\/unusualblends.com\/","logo":{"@type":"ImageObject","inLanguage":"fr-FR","@id":"https:\/\/unusualblends.com\/#\/schema\/logo\/image\/","url":"https:\/\/unusualblends.com\/wp-content\/uploads\/2018\/06\/image.png","contentUrl":"https:\/\/unusualblends.com\/wp-content\/uploads\/2018\/06\/image.png","width":418,"height":81,"caption":"CHICA Unusual Blends"},"image":{"@id":"https:\/\/unusualblends.com\/#\/schema\/logo\/image\/"}}]}},"_links":{"self":[{"href":"https:\/\/unusualblends.com\/fr\/wp-json\/wp\/v2\/pages\/1856"}],"collection":[{"href":"https:\/\/unusualblends.com\/fr\/wp-json\/wp\/v2\/pages"}],"about":[{"href":"https:\/\/unusualblends.com\/fr\/wp-json\/wp\/v2\/types\/page"}],"author":[{"embeddable":true,"href":"https:\/\/unusualblends.com\/fr\/wp-json\/wp\/v2\/users\/1"}],"replies":[{"embeddable":true,"href":"https:\/\/unusualblends.com\/fr\/wp-json\/wp\/v2\/comments?post=1856"}],"version-history":[{"count":2,"href":"https:\/\/unusualblends.com\/fr\/wp-json\/wp\/v2\/pages\/1856\/revisions"}],"predecessor-version":[{"id":1899,"href":"https:\/\/unusualblends.com\/fr\/wp-json\/wp\/v2\/pages\/1856\/revisions\/1899"}],"wp:attachment":[{"href":"https:\/\/unusualblends.com\/fr\/wp-json\/wp\/v2\/media?parent=1856"}],"curies":[{"name":"wp","href":"https:\/\/api.w.org\/{rel}","templated":true}]}}