{"id":1857,"date":"2018-07-09T17:27:22","date_gmt":"2018-07-09T17:27:22","guid":{"rendered":"https:\/\/unusualblends.com\/politica-de-privacidad\/"},"modified":"2018-12-18T12:28:59","modified_gmt":"2018-12-18T12:28:59","slug":"politique-de-confidentialite","status":"publish","type":"page","link":"https:\/\/unusualblends.com\/fr\/politique-de-confidentialite\/","title":{"rendered":"Politique de confidentialit\u00e9"},"content":{"rendered":"<div class=\"wpb-content-wrapper\"><p>[vc_row thb_divider_position=\u00a0\u00bbbottom\u00a0\u00bb][vc_column][vc_column_text]<\/p>\n<div id=\"clickdatos\">\n<p>Conform\u00e9ment aux dispositions du RGPD, nous vous informons que vos donn\u00e9es seront trait\u00e9es dans nos fichiers, dans le but de maintenir et de r\u00e9aliser la relation avec, notre entit\u00e9, y compris l&rsquo;envoi de communications dans le cadre de cette relation..<\/p>\n<p>De m\u00eame, vos donn\u00e9es personnelles peuvent \u00eatre ced\u00e9es en cas de n\u00e9cessit\u00e9 pour le d\u00e9veloppement, l&rsquo;accroissement et le contr\u00f4le de la relation client avec notre entreprise ou dans tout autre cas o\u00f9 cela est autoris\u00e9 par une norme l\u00e9gale. Conform\u00e9ment au RGPD, vous pouvez exercer vos droits ARCO aupr\u00e8s d\u2019Unusual Blends, \u00e0 l&rsquo;adresse suivante : Cl Montsant 23-25p.bj Pta.1, 08031 &#8211; Barcelone, en joignant une photocopie de votre DNI.<\/p>\n<p>&nbsp;<\/p>\n<p>Le contenu de cette communication, ainsi que celui de tous les documents qui l&rsquo;accompagnent, est soumis \u00e0 l&rsquo;obligation de confidentialit\u00e9 et est adress\u00e9 uniquement au destinataire. Si vous n&rsquo;en \u00eates pas le destinataire, nous vous demandons de nous l&rsquo;indiquer et de ne pas communiquer son contenu \u00e0 des tiers, en proc\u00e9dant \u00e0 sa destruction.<\/p>\n<p>Le prestataire de services de la soci\u00e9t\u00e9 doit garder \u00e0 l&rsquo;esprit qu&rsquo;en plus des informations fournies aux destinataires du service par le biais de sa \u00ab\u00a0Politique de confidentialit\u00e9\u00a0\u00bb, il dispose de textes juridiques suppl\u00e9mentaires relatifs \u00e0 d&rsquo;autres r\u00e9glementations obligatoires, telles que, et sans s&rsquo;y limiter, les conditions g\u00e9n\u00e9rales de contrat, la propri\u00e9t\u00e9 intellectuelle et industrielle, les conditions d&rsquo;utilisation du site et les responsabilit\u00e9s \u00e0 cet \u00e9gard, et ce que mentionne la loi 34\/2002 du 11 juillet, c\u2019est-\u00e0-dire que les Services de la Soci\u00e9t\u00e9 d\u2019information et du commerce en ligne peuvent \u00e9tablir en toute autre disposition en dehors de son article 10, ou m\u00eame compl\u00e9ter l&rsquo;information, \u00e0 tout moment, si cela s\u2019av\u00e9rait n\u00e9cessaire.<\/p>\n<p>&nbsp;<\/p>\n<h1>Mentions l\u00e9gales<\/h1>\n<p>&nbsp;<\/p>\n<p>Les pr\u00e9sentes mentions l\u00e9gales r\u00e9gissent les conditions g\u00e9n\u00e9rales d&rsquo;acc\u00e8s et d&rsquo;utilisation du site accessible \u00e0 l&rsquo;adresse URL https:\/\/unusualblends.com (ci-apr\u00e8s d\u00e9nomm\u00e9, le site Internet), qu&rsquo;Unusual Blends met \u00e0 la disposition des internautes.<\/p>\n<p>&nbsp;<\/p>\n<p>L&rsquo;utilisation du site web implique l&rsquo;acceptation enti\u00e8re et sans r\u00e9serve de chacun concernant les \u00e9l\u00e9ments suivants et\u00a0 les dispositions incluses dans les pr\u00e9sentes mentions l\u00e9gales. Par cons\u00e9quent, l&rsquo;utilisateur du site web doit lire attentivement les pr\u00e9sentes mentions l\u00e9gales o\u00f9 il est propos\u00e9 d&rsquo;utiliser le site web, puisque le texte pourrait subir des modifications \u00e0 propos du propri\u00e9taire du site, ou en raison d\u2019un changement dans la l\u00e9gislation, la jurisprudence ou les pratiques commerciales.<\/p>\n<\/div>\n<p>[\/vc_column_text][\/vc_column][\/vc_row]<\/p>\n<\/div>","protected":false},"excerpt":{"rendered":"<p>[vc_row thb_divider_position=\u00a0\u00bbbottom\u00a0\u00bb][vc_column][vc_column_text] Conform\u00e9ment aux dispositions du RGPD, nous vous informons que vos donn\u00e9es seront trait\u00e9es dans nos fichiers, dans le but de maintenir et de r\u00e9aliser la relation avec, notre entit\u00e9, y compris l&rsquo;envoi de communications dans le cadre de cette relation.. De m\u00eame, vos donn\u00e9es personnelles peuvent \u00eatre ced\u00e9es en cas de n\u00e9cessit\u00e9 pour&hellip;<\/p>\n","protected":false},"author":1,"featured_media":0,"parent":0,"menu_order":0,"comment_status":"closed","ping_status":"closed","template":"page-default.php","meta":{"_acf_changed":false,"_exactmetrics_skip_tracking":false,"_exactmetrics_sitenote_active":false,"_exactmetrics_sitenote_note":"","_exactmetrics_sitenote_category":0,"footnotes":""},"acf":[],"yoast_head":"<!-- This site is optimized with the Yoast SEO plugin v22.8 - https:\/\/yoast.com\/wordpress\/plugins\/seo\/ -->\n<title>Politique de confidentialit\u00e9 - CHICA Unusual Blends<\/title>\n<meta name=\"robots\" content=\"index, follow, max-snippet:-1, max-image-preview:large, max-video-preview:-1\" \/>\n<link rel=\"canonical\" href=\"https:\/\/unusualblends.com\/politica-de-privacidad\/\" \/>\n<meta property=\"og:locale\" content=\"fr_FR\" \/>\n<meta property=\"og:type\" content=\"article\" \/>\n<meta property=\"og:title\" content=\"Politique de confidentialit\u00e9 - CHICA Unusual Blends\" \/>\n<meta property=\"og:description\" content=\"[vc_row thb_divider_position=\u00a0\u00bbbottom\u00a0\u00bb][vc_column][vc_column_text] Conform\u00e9ment aux dispositions du RGPD, nous vous informons que vos donn\u00e9es seront trait\u00e9es dans nos fichiers, dans le but de maintenir et de r\u00e9aliser la relation avec, notre entit\u00e9, y compris l&rsquo;envoi de communications dans le cadre de cette relation.. De m\u00eame, vos donn\u00e9es personnelles peuvent \u00eatre ced\u00e9es en cas de n\u00e9cessit\u00e9 pour&hellip;\" \/>\n<meta property=\"og:url\" content=\"https:\/\/unusualblends.com\/politica-de-privacidad\/\" \/>\n<meta property=\"og:site_name\" content=\"CHICA Unusual Blends\" \/>\n<meta property=\"article:modified_time\" content=\"2018-12-18T12:28:59+00:00\" \/>\n<meta name=\"twitter:card\" content=\"summary_large_image\" \/>\n<meta name=\"twitter:label1\" content=\"Dur\u00e9e de lecture estim\u00e9e\" \/>\n\t<meta name=\"twitter:data1\" content=\"2 minutes\" \/>\n<script type=\"application\/ld+json\" class=\"yoast-schema-graph\">{\"@context\":\"https:\/\/schema.org\",\"@graph\":[{\"@type\":\"WebPage\",\"@id\":\"https:\/\/unusualblends.com\/politica-de-privacidad\/\",\"url\":\"https:\/\/unusualblends.com\/politica-de-privacidad\/\",\"name\":\"Politique de confidentialit\u00e9 - CHICA Unusual Blends\",\"isPartOf\":{\"@id\":\"https:\/\/unusualblends.com\/#website\"},\"datePublished\":\"2018-07-09T17:27:22+00:00\",\"dateModified\":\"2018-12-18T12:28:59+00:00\",\"breadcrumb\":{\"@id\":\"https:\/\/unusualblends.com\/politica-de-privacidad\/#breadcrumb\"},\"inLanguage\":\"fr-FR\",\"potentialAction\":[{\"@type\":\"ReadAction\",\"target\":[\"https:\/\/unusualblends.com\/politica-de-privacidad\/\"]}]},{\"@type\":\"BreadcrumbList\",\"@id\":\"https:\/\/unusualblends.com\/politica-de-privacidad\/#breadcrumb\",\"itemListElement\":[{\"@type\":\"ListItem\",\"position\":1,\"name\":\"Portada\",\"item\":\"https:\/\/unusualblends.com\/fr\/\"},{\"@type\":\"ListItem\",\"position\":2,\"name\":\"Politique de confidentialit\u00e9\"}]},{\"@type\":\"WebSite\",\"@id\":\"https:\/\/unusualblends.com\/#website\",\"url\":\"https:\/\/unusualblends.com\/\",\"name\":\"CHICA Unusual Blends\",\"description\":\"Infusi\u00f3n Ecol\u00f3gica Premium\",\"publisher\":{\"@id\":\"https:\/\/unusualblends.com\/#organization\"},\"potentialAction\":[{\"@type\":\"SearchAction\",\"target\":{\"@type\":\"EntryPoint\",\"urlTemplate\":\"https:\/\/unusualblends.com\/?s={search_term_string}\"},\"query-input\":\"required name=search_term_string\"}],\"inLanguage\":\"fr-FR\"},{\"@type\":\"Organization\",\"@id\":\"https:\/\/unusualblends.com\/#organization\",\"name\":\"CHICA Unusual Blends\",\"url\":\"https:\/\/unusualblends.com\/\",\"logo\":{\"@type\":\"ImageObject\",\"inLanguage\":\"fr-FR\",\"@id\":\"https:\/\/unusualblends.com\/#\/schema\/logo\/image\/\",\"url\":\"https:\/\/unusualblends.com\/wp-content\/uploads\/2018\/06\/image.png\",\"contentUrl\":\"https:\/\/unusualblends.com\/wp-content\/uploads\/2018\/06\/image.png\",\"width\":418,\"height\":81,\"caption\":\"CHICA Unusual Blends\"},\"image\":{\"@id\":\"https:\/\/unusualblends.com\/#\/schema\/logo\/image\/\"}}]}<\/script>\n<!-- \/ Yoast SEO plugin. -->","yoast_head_json":{"title":"Politique de confidentialit\u00e9 - CHICA Unusual Blends","robots":{"index":"index","follow":"follow","max-snippet":"max-snippet:-1","max-image-preview":"max-image-preview:large","max-video-preview":"max-video-preview:-1"},"canonical":"https:\/\/unusualblends.com\/politica-de-privacidad\/","og_locale":"fr_FR","og_type":"article","og_title":"Politique de confidentialit\u00e9 - CHICA Unusual Blends","og_description":"[vc_row thb_divider_position=\u00a0\u00bbbottom\u00a0\u00bb][vc_column][vc_column_text] Conform\u00e9ment aux dispositions du RGPD, nous vous informons que vos donn\u00e9es seront trait\u00e9es dans nos fichiers, dans le but de maintenir et de r\u00e9aliser la relation avec, notre entit\u00e9, y compris l&rsquo;envoi de communications dans le cadre de cette relation.. De m\u00eame, vos donn\u00e9es personnelles peuvent \u00eatre ced\u00e9es en cas de n\u00e9cessit\u00e9 pour&hellip;","og_url":"https:\/\/unusualblends.com\/politica-de-privacidad\/","og_site_name":"CHICA Unusual Blends","article_modified_time":"2018-12-18T12:28:59+00:00","twitter_card":"summary_large_image","twitter_misc":{"Dur\u00e9e de lecture estim\u00e9e":"2 minutes"},"schema":{"@context":"https:\/\/schema.org","@graph":[{"@type":"WebPage","@id":"https:\/\/unusualblends.com\/politica-de-privacidad\/","url":"https:\/\/unusualblends.com\/politica-de-privacidad\/","name":"Politique de confidentialit\u00e9 - CHICA Unusual Blends","isPartOf":{"@id":"https:\/\/unusualblends.com\/#website"},"datePublished":"2018-07-09T17:27:22+00:00","dateModified":"2018-12-18T12:28:59+00:00","breadcrumb":{"@id":"https:\/\/unusualblends.com\/politica-de-privacidad\/#breadcrumb"},"inLanguage":"fr-FR","potentialAction":[{"@type":"ReadAction","target":["https:\/\/unusualblends.com\/politica-de-privacidad\/"]}]},{"@type":"BreadcrumbList","@id":"https:\/\/unusualblends.com\/politica-de-privacidad\/#breadcrumb","itemListElement":[{"@type":"ListItem","position":1,"name":"Portada","item":"https:\/\/unusualblends.com\/fr\/"},{"@type":"ListItem","position":2,"name":"Politique de confidentialit\u00e9"}]},{"@type":"WebSite","@id":"https:\/\/unusualblends.com\/#website","url":"https:\/\/unusualblends.com\/","name":"CHICA Unusual Blends","description":"Infusi\u00f3n Ecol\u00f3gica Premium","publisher":{"@id":"https:\/\/unusualblends.com\/#organization"},"potentialAction":[{"@type":"SearchAction","target":{"@type":"EntryPoint","urlTemplate":"https:\/\/unusualblends.com\/?s={search_term_string}"},"query-input":"required name=search_term_string"}],"inLanguage":"fr-FR"},{"@type":"Organization","@id":"https:\/\/unusualblends.com\/#organization","name":"CHICA Unusual Blends","url":"https:\/\/unusualblends.com\/","logo":{"@type":"ImageObject","inLanguage":"fr-FR","@id":"https:\/\/unusualblends.com\/#\/schema\/logo\/image\/","url":"https:\/\/unusualblends.com\/wp-content\/uploads\/2018\/06\/image.png","contentUrl":"https:\/\/unusualblends.com\/wp-content\/uploads\/2018\/06\/image.png","width":418,"height":81,"caption":"CHICA Unusual Blends"},"image":{"@id":"https:\/\/unusualblends.com\/#\/schema\/logo\/image\/"}}]}},"_links":{"self":[{"href":"https:\/\/unusualblends.com\/fr\/wp-json\/wp\/v2\/pages\/1857"}],"collection":[{"href":"https:\/\/unusualblends.com\/fr\/wp-json\/wp\/v2\/pages"}],"about":[{"href":"https:\/\/unusualblends.com\/fr\/wp-json\/wp\/v2\/types\/page"}],"author":[{"embeddable":true,"href":"https:\/\/unusualblends.com\/fr\/wp-json\/wp\/v2\/users\/1"}],"replies":[{"embeddable":true,"href":"https:\/\/unusualblends.com\/fr\/wp-json\/wp\/v2\/comments?post=1857"}],"version-history":[{"count":1,"href":"https:\/\/unusualblends.com\/fr\/wp-json\/wp\/v2\/pages\/1857\/revisions"}],"predecessor-version":[{"id":1895,"href":"https:\/\/unusualblends.com\/fr\/wp-json\/wp\/v2\/pages\/1857\/revisions\/1895"}],"wp:attachment":[{"href":"https:\/\/unusualblends.com\/fr\/wp-json\/wp\/v2\/media?parent=1857"}],"curies":[{"name":"wp","href":"https:\/\/api.w.org\/{rel}","templated":true}]}}