{"id":4302,"date":"2020-07-24T10:15:30","date_gmt":"2020-07-24T10:15:30","guid":{"rendered":"https:\/\/unusualblends.com\/tienda\/non%20class\u00e9\/abricot-feuilles-dolive-lavande-et-miel-coffret-cadeau-avec-3-unites\/"},"modified":"2021-01-11T09:04:30","modified_gmt":"2021-01-11T09:04:30","slug":"abricot-feuilles-dolive-lavande-et-miel-coffret-cadeau-avec-3-unites","status":"publish","type":"product","link":"https:\/\/unusualblends.com\/fr\/shop\/coffrets-cadeaux\/abricot-feuilles-dolive-lavande-et-miel-coffret-cadeau-avec-3-unites\/","title":{"rendered":"ABRICOT, FEUILLES D\u2019OLIVIER, LAVANDE ET MIEL COFFRET CADEAU AVEC 3 UNIT\u00c9S"},"content":{"rendered":"<p>EXCLUSIF ET LUXUEUX COFFRET CADEAU<\/p>\n<p>Fabriqu\u00e9 \u00e0 la main en Espagne avec impressions dor\u00e9es et fermeture magn\u00e9tique, contient trois bouteilles de notre d\u00e9licieuse et surprenante saveur ABRICOT, FEUILLES D\u2019OLIVIER, LAVANDE ET MIEL<\/p>\n<p>Choix d\u2019excellence comme cadeau \u00e9l\u00e9gant et sain, \u00e0 offrir \u00e0 ceux qui vous sont chers ou pourquoi pas \u00e0 vous-m\u00eame.<\/p>\n<p>Sensuelle et d\u00e9licate, est excellente \u00e0 d\u00e9guster en couple pour s\u2019enivrer dans des baisers aromatis\u00e9s et passionn\u00e9s.<\/p>\n<p>Une bonne option pour reconstituer l\u2019\u00e9nergie est \u00e9galement excellente pour accompagner un brunch gastronomique ou un d\u00eener entre amis, se mariera parfaitement avec du gin ou champagne.<\/p>\n<p>En bouteilles de verre de 250 ml<\/p>\n<p>Sans alcool \/ Sans sucre ajout\u00e9 \/ Sans gluten \/ Sans gaz \/ Sans colorant \/ Sans conservateur<\/p>\n<p>CHICA contiennent des feuilles d\u2019olivier dans ses trois saveurs car celles-ci sont riches en oleurop\u00e9ine, bien connues dans le r\u00e9gime m\u00e9diterran\u00e9en pour leurs multiples avantages que nous pouvons en profiter pour maintenir un mode de vie sain.<\/p>\n<p>CHICA est 100% Naturel &amp; Bio<\/p>\n<p>Pour les achats sup\u00e9rieurs \u00e0 100 \u20ac nous vous offrons un magnifique foulard en pure soie CHICA UNUSUAL BLENDS<\/p>\n","protected":false},"excerpt":{"rendered":"<p>Un emballage luxueux et sophistique qui allie la d\u00e9licatesse et la qualit\u00e9 des produits bio avec un air exquis et gourmands.<\/p>\n<p><span style=\"color: #c2a05b;\">Pour les achats sup\u00e9rieurs \u00e0 100 \u20ac nous vous offrons un magnifique foulard en pure soie CHICA UNUSUAL BLENDS<\/span><\/p>\n<p>Livraison gratuite en Espagne et Portugal<\/p>\n","protected":false},"featured_media":3860,"comment_status":"open","ping_status":"closed","template":"","meta":{"_acf_changed":false,"_exactmetrics_skip_tracking":false,"_exactmetrics_sitenote_active":false,"_exactmetrics_sitenote_note":"","_exactmetrics_sitenote_category":0},"product_cat":[597],"product_tag":[],"acf":[],"yoast_head":"<!-- This site is optimized with the Yoast SEO plugin v22.8 - https:\/\/yoast.com\/wordpress\/plugins\/seo\/ -->\n<title>ABRICOT, FEUILLES D\u2019OLIVIER, LAVANDE ET MIEL COFFRET CADEAU AVEC 3 UNIT\u00c9S - CHICA Unusual Blends<\/title>\n<meta name=\"robots\" content=\"index, follow, max-snippet:-1, max-image-preview:large, max-video-preview:-1\" \/>\n<link rel=\"canonical\" href=\"https:\/\/unusualblends.com\/shop\/estuches-regalo\/estuche-albaricoque\/\" \/>\n<meta property=\"og:locale\" content=\"fr_FR\" \/>\n<meta property=\"og:type\" content=\"article\" \/>\n<meta property=\"og:title\" content=\"ABRICOT, FEUILLES D\u2019OLIVIER, LAVANDE ET MIEL COFFRET CADEAU AVEC 3 UNIT\u00c9S - CHICA Unusual Blends\" \/>\n<meta property=\"og:description\" content=\"Un emballage luxueux et sophistique qui allie la d\u00e9licatesse et la qualit\u00e9 des produits bio avec un air exquis et gourmands.  Pour les achats sup\u00e9rieurs \u00e0 100 \u20ac nous vous offrons un magnifique foulard en pure soie CHICA UNUSUAL BLENDS  Livraison gratuite en Espagne et Portugal\" \/>\n<meta property=\"og:url\" content=\"https:\/\/unusualblends.com\/shop\/estuches-regalo\/estuche-albaricoque\/\" \/>\n<meta property=\"og:site_name\" content=\"CHICA Unusual Blends\" \/>\n<meta property=\"article:modified_time\" content=\"2021-01-11T09:04:30+00:00\" \/>\n<meta property=\"og:image\" content=\"https:\/\/unusualblends.com\/wp-content\/uploads\/2020\/07\/Caja-albaricoque10801v3-copia.jpg\" \/>\n\t<meta property=\"og:image:width\" content=\"1080\" \/>\n\t<meta property=\"og:image:height\" content=\"1080\" \/>\n\t<meta property=\"og:image:type\" content=\"image\/jpeg\" \/>\n<meta name=\"twitter:card\" content=\"summary_large_image\" \/>\n<meta name=\"twitter:label1\" content=\"Dur\u00e9e de lecture estim\u00e9e\" \/>\n\t<meta name=\"twitter:data1\" content=\"1 minute\" \/>\n<script type=\"application\/ld+json\" class=\"yoast-schema-graph\">{\"@context\":\"https:\/\/schema.org\",\"@graph\":[{\"@type\":\"WebPage\",\"@id\":\"https:\/\/unusualblends.com\/shop\/estuches-regalo\/estuche-albaricoque\/\",\"url\":\"https:\/\/unusualblends.com\/shop\/estuches-regalo\/estuche-albaricoque\/\",\"name\":\"ABRICOT, FEUILLES D\u2019OLIVIER, LAVANDE ET MIEL COFFRET CADEAU AVEC 3 UNIT\u00c9S - CHICA Unusual Blends\",\"isPartOf\":{\"@id\":\"https:\/\/unusualblends.com\/#website\"},\"primaryImageOfPage\":{\"@id\":\"https:\/\/unusualblends.com\/shop\/estuches-regalo\/estuche-albaricoque\/#primaryimage\"},\"image\":{\"@id\":\"https:\/\/unusualblends.com\/shop\/estuches-regalo\/estuche-albaricoque\/#primaryimage\"},\"thumbnailUrl\":\"https:\/\/unusualblends.com\/wp-content\/uploads\/2020\/07\/Caja-albaricoque10801v3-copia.jpg\",\"datePublished\":\"2020-07-24T10:15:30+00:00\",\"dateModified\":\"2021-01-11T09:04:30+00:00\",\"breadcrumb\":{\"@id\":\"https:\/\/unusualblends.com\/shop\/estuches-regalo\/estuche-albaricoque\/#breadcrumb\"},\"inLanguage\":\"fr-FR\",\"potentialAction\":[{\"@type\":\"ReadAction\",\"target\":[\"https:\/\/unusualblends.com\/shop\/estuches-regalo\/estuche-albaricoque\/\"]}]},{\"@type\":\"ImageObject\",\"inLanguage\":\"fr-FR\",\"@id\":\"https:\/\/unusualblends.com\/shop\/estuches-regalo\/estuche-albaricoque\/#primaryimage\",\"url\":\"https:\/\/unusualblends.com\/wp-content\/uploads\/2020\/07\/Caja-albaricoque10801v3-copia.jpg\",\"contentUrl\":\"https:\/\/unusualblends.com\/wp-content\/uploads\/2020\/07\/Caja-albaricoque10801v3-copia.jpg\",\"width\":1080,\"height\":1080,\"caption\":\"Caja albaricoque\"},{\"@type\":\"BreadcrumbList\",\"@id\":\"https:\/\/unusualblends.com\/shop\/estuches-regalo\/estuche-albaricoque\/#breadcrumb\",\"itemListElement\":[{\"@type\":\"ListItem\",\"position\":1,\"name\":\"Portada\",\"item\":\"https:\/\/unusualblends.com\/fr\/\"},{\"@type\":\"ListItem\",\"position\":2,\"name\":\"Shop\",\"item\":\"https:\/\/unusualblends.com\/fr\/shop\/\"},{\"@type\":\"ListItem\",\"position\":3,\"name\":\"ABRICOT, FEUILLES D\u2019OLIVIER, LAVANDE ET MIEL COFFRET CADEAU AVEC 3 UNIT\u00c9S\"}]},{\"@type\":\"WebSite\",\"@id\":\"https:\/\/unusualblends.com\/#website\",\"url\":\"https:\/\/unusualblends.com\/\",\"name\":\"CHICA Unusual Blends\",\"description\":\"Infusi\u00f3n Ecol\u00f3gica Premium\",\"publisher\":{\"@id\":\"https:\/\/unusualblends.com\/#organization\"},\"potentialAction\":[{\"@type\":\"SearchAction\",\"target\":{\"@type\":\"EntryPoint\",\"urlTemplate\":\"https:\/\/unusualblends.com\/?s={search_term_string}\"},\"query-input\":\"required name=search_term_string\"}],\"inLanguage\":\"fr-FR\"},{\"@type\":\"Organization\",\"@id\":\"https:\/\/unusualblends.com\/#organization\",\"name\":\"CHICA Unusual Blends\",\"url\":\"https:\/\/unusualblends.com\/\",\"logo\":{\"@type\":\"ImageObject\",\"inLanguage\":\"fr-FR\",\"@id\":\"https:\/\/unusualblends.com\/#\/schema\/logo\/image\/\",\"url\":\"https:\/\/unusualblends.com\/wp-content\/uploads\/2018\/06\/image.png\",\"contentUrl\":\"https:\/\/unusualblends.com\/wp-content\/uploads\/2018\/06\/image.png\",\"width\":418,\"height\":81,\"caption\":\"CHICA Unusual Blends\"},\"image\":{\"@id\":\"https:\/\/unusualblends.com\/#\/schema\/logo\/image\/\"}}]}<\/script>\n<!-- \/ Yoast SEO plugin. -->","yoast_head_json":{"title":"ABRICOT, FEUILLES D\u2019OLIVIER, LAVANDE ET MIEL COFFRET CADEAU AVEC 3 UNIT\u00c9S - CHICA Unusual Blends","robots":{"index":"index","follow":"follow","max-snippet":"max-snippet:-1","max-image-preview":"max-image-preview:large","max-video-preview":"max-video-preview:-1"},"canonical":"https:\/\/unusualblends.com\/shop\/estuches-regalo\/estuche-albaricoque\/","og_locale":"fr_FR","og_type":"article","og_title":"ABRICOT, FEUILLES D\u2019OLIVIER, LAVANDE ET MIEL COFFRET CADEAU AVEC 3 UNIT\u00c9S - CHICA Unusual Blends","og_description":"Un emballage luxueux et sophistique qui allie la d\u00e9licatesse et la qualit\u00e9 des produits bio avec un air exquis et gourmands.  Pour les achats sup\u00e9rieurs \u00e0 100 \u20ac nous vous offrons un magnifique foulard en pure soie CHICA UNUSUAL BLENDS  Livraison gratuite en Espagne et Portugal","og_url":"https:\/\/unusualblends.com\/shop\/estuches-regalo\/estuche-albaricoque\/","og_site_name":"CHICA Unusual Blends","article_modified_time":"2021-01-11T09:04:30+00:00","og_image":[{"width":1080,"height":1080,"url":"https:\/\/unusualblends.com\/wp-content\/uploads\/2020\/07\/Caja-albaricoque10801v3-copia.jpg","type":"image\/jpeg"}],"twitter_card":"summary_large_image","twitter_misc":{"Dur\u00e9e de lecture estim\u00e9e":"1 minute"},"schema":{"@context":"https:\/\/schema.org","@graph":[{"@type":"WebPage","@id":"https:\/\/unusualblends.com\/shop\/estuches-regalo\/estuche-albaricoque\/","url":"https:\/\/unusualblends.com\/shop\/estuches-regalo\/estuche-albaricoque\/","name":"ABRICOT, FEUILLES D\u2019OLIVIER, LAVANDE ET MIEL COFFRET CADEAU AVEC 3 UNIT\u00c9S - CHICA Unusual Blends","isPartOf":{"@id":"https:\/\/unusualblends.com\/#website"},"primaryImageOfPage":{"@id":"https:\/\/unusualblends.com\/shop\/estuches-regalo\/estuche-albaricoque\/#primaryimage"},"image":{"@id":"https:\/\/unusualblends.com\/shop\/estuches-regalo\/estuche-albaricoque\/#primaryimage"},"thumbnailUrl":"https:\/\/unusualblends.com\/wp-content\/uploads\/2020\/07\/Caja-albaricoque10801v3-copia.jpg","datePublished":"2020-07-24T10:15:30+00:00","dateModified":"2021-01-11T09:04:30+00:00","breadcrumb":{"@id":"https:\/\/unusualblends.com\/shop\/estuches-regalo\/estuche-albaricoque\/#breadcrumb"},"inLanguage":"fr-FR","potentialAction":[{"@type":"ReadAction","target":["https:\/\/unusualblends.com\/shop\/estuches-regalo\/estuche-albaricoque\/"]}]},{"@type":"ImageObject","inLanguage":"fr-FR","@id":"https:\/\/unusualblends.com\/shop\/estuches-regalo\/estuche-albaricoque\/#primaryimage","url":"https:\/\/unusualblends.com\/wp-content\/uploads\/2020\/07\/Caja-albaricoque10801v3-copia.jpg","contentUrl":"https:\/\/unusualblends.com\/wp-content\/uploads\/2020\/07\/Caja-albaricoque10801v3-copia.jpg","width":1080,"height":1080,"caption":"Caja albaricoque"},{"@type":"BreadcrumbList","@id":"https:\/\/unusualblends.com\/shop\/estuches-regalo\/estuche-albaricoque\/#breadcrumb","itemListElement":[{"@type":"ListItem","position":1,"name":"Portada","item":"https:\/\/unusualblends.com\/fr\/"},{"@type":"ListItem","position":2,"name":"Shop","item":"https:\/\/unusualblends.com\/fr\/shop\/"},{"@type":"ListItem","position":3,"name":"ABRICOT, FEUILLES D\u2019OLIVIER, LAVANDE ET MIEL COFFRET CADEAU AVEC 3 UNIT\u00c9S"}]},{"@type":"WebSite","@id":"https:\/\/unusualblends.com\/#website","url":"https:\/\/unusualblends.com\/","name":"CHICA Unusual Blends","description":"Infusi\u00f3n Ecol\u00f3gica Premium","publisher":{"@id":"https:\/\/unusualblends.com\/#organization"},"potentialAction":[{"@type":"SearchAction","target":{"@type":"EntryPoint","urlTemplate":"https:\/\/unusualblends.com\/?s={search_term_string}"},"query-input":"required name=search_term_string"}],"inLanguage":"fr-FR"},{"@type":"Organization","@id":"https:\/\/unusualblends.com\/#organization","name":"CHICA Unusual Blends","url":"https:\/\/unusualblends.com\/","logo":{"@type":"ImageObject","inLanguage":"fr-FR","@id":"https:\/\/unusualblends.com\/#\/schema\/logo\/image\/","url":"https:\/\/unusualblends.com\/wp-content\/uploads\/2018\/06\/image.png","contentUrl":"https:\/\/unusualblends.com\/wp-content\/uploads\/2018\/06\/image.png","width":418,"height":81,"caption":"CHICA Unusual Blends"},"image":{"@id":"https:\/\/unusualblends.com\/#\/schema\/logo\/image\/"}}]}},"_links":{"self":[{"href":"https:\/\/unusualblends.com\/fr\/wp-json\/wp\/v2\/product\/4302"}],"collection":[{"href":"https:\/\/unusualblends.com\/fr\/wp-json\/wp\/v2\/product"}],"about":[{"href":"https:\/\/unusualblends.com\/fr\/wp-json\/wp\/v2\/types\/product"}],"replies":[{"embeddable":true,"href":"https:\/\/unusualblends.com\/fr\/wp-json\/wp\/v2\/comments?post=4302"}],"wp:featuredmedia":[{"embeddable":true,"href":"https:\/\/unusualblends.com\/fr\/wp-json\/wp\/v2\/media\/3860"}],"wp:attachment":[{"href":"https:\/\/unusualblends.com\/fr\/wp-json\/wp\/v2\/media?parent=4302"}],"wp:term":[{"taxonomy":"product_cat","embeddable":true,"href":"https:\/\/unusualblends.com\/fr\/wp-json\/wp\/v2\/product_cat?post=4302"},{"taxonomy":"product_tag","embeddable":true,"href":"https:\/\/unusualblends.com\/fr\/wp-json\/wp\/v2\/product_tag?post=4302"}],"curies":[{"name":"wp","href":"https:\/\/api.w.org\/{rel}","templated":true}]}}