{"id":4419,"date":"2020-09-07T22:45:29","date_gmt":"2020-09-07T22:45:29","guid":{"rendered":"https:\/\/unusualblends.com\/tienda\/non%20class\u00e9\/nuevos-sabores-proximamente\/"},"modified":"2020-11-10T09:22:07","modified_gmt":"2020-11-10T09:22:07","slug":"nuevos-sabores-proximamente","status":"publish","type":"product","link":"https:\/\/unusualblends.com\/fr\/shop\/boissons\/nuevos-sabores-proximamente\/","title":{"rendered":"NOUVELLES SAVEURS \u00c0 VENIR"},"content":{"rendered":"<p>Avec la meilleure \u00e9quipe de professionnels, nous sommes en train de pr\u00e9parer nouveaux et surprenants m\u00e9langes, utilisant toujours les meilleurs ingr\u00e9dients bio de la M\u00e9diterran\u00e9e, remplissant avec passion chaque instant et chaque goutte de nos nouvelles boissons.<\/p>\n<p>Abonnez-vous \u00e0 notre newsletter et nous vous tiendrons au courant!<\/p>\n<p>&nbsp;<\/p>\n\n<div class=\"wpcf7 no-js\" id=\"wpcf7-f1892-o1\" lang=\"en-US\" dir=\"ltr\">\n<div class=\"screen-reader-response\"><p role=\"status\" aria-live=\"polite\" aria-atomic=\"true\"><\/p> <ul><\/ul><\/div>\n<form action=\"\/fr\/wp-json\/wp\/v2\/product\/4419#wpcf7-f1892-o1\" method=\"post\" class=\"wpcf7-form init\" aria-label=\"Contact form\" novalidate=\"novalidate\" data-status=\"init\">\n<div style=\"display: none;\">\n<input type=\"hidden\" name=\"_wpcf7\" value=\"1892\" \/>\n<input type=\"hidden\" name=\"_wpcf7_version\" value=\"5.9.5\" \/>\n<input type=\"hidden\" name=\"_wpcf7_locale\" value=\"en_US\" \/>\n<input type=\"hidden\" name=\"_wpcf7_unit_tag\" value=\"wpcf7-f1892-o1\" \/>\n<input type=\"hidden\" name=\"_wpcf7_container_post\" value=\"0\" \/>\n<input type=\"hidden\" name=\"_wpcf7_posted_data_hash\" value=\"\" \/>\n<input type=\"hidden\" name=\"_wpcf7_recaptcha_response\" value=\"\" \/>\n<\/div>\n<div class=\"row\">\n\t<div class=\"small-12 large-12 columns\">\n\t\t<p><span class=\"wpcf7-form-control-wrap\" data-name=\"email\"><input size=\"40\" class=\"wpcf7-form-control wpcf7-email wpcf7-validates-as-required wpcf7-text wpcf7-validates-as-email full\" aria-required=\"true\" aria-invalid=\"false\" placeholder=\"Entrez votre email\" value=\"\" type=\"email\" name=\"email\" \/><\/span>\n\t\t<\/p>\n\t<\/div>\n<\/div>\n<div class=\"row\">\n\t<div class=\"small-12 large-12 columns\">\n\t\t<p><input class=\"wpcf7-form-control wpcf7-submit has-spinner btn\" type=\"submit\" value=\"Envoyer\" \/>\n\t\t<\/p>\n\t<\/div>\n<\/div><div class=\"wpcf7-response-output\" aria-hidden=\"true\"><\/div>\n<\/form>\n<\/div>\n\n<p>&nbsp;<\/p>\n","protected":false},"excerpt":{"rendered":"<p>Chez CHICA, nous croyons au plaisir, \u00e0 l\u2019importance de la joie de vivre dans ce monde o\u00f9 tout est \u00e9ph\u00e9m\u00e8re.<\/p>\n<p>Nous croyons \u00e0 la sublimation des sens, \u00e0 la beaut\u00e9 et \u00e0 la singularit\u00e9 de chaque instant.<\/p>\n<p>Convaincus que dans la diversit\u00e9 r\u00e9side l\u2019essence des plus belles choses, nous recueillons ces m\u00e9langes pour ajouter de la sensualit\u00e9 \u00e0 la vie, avec une expression que seuls quelques \u00e9lus sauront appr\u00e9cier.<\/p>\n","protected":false},"featured_media":3879,"comment_status":"closed","ping_status":"closed","template":"","meta":{"_acf_changed":false,"_exactmetrics_skip_tracking":false,"_exactmetrics_sitenote_active":false,"_exactmetrics_sitenote_note":"","_exactmetrics_sitenote_category":0},"product_cat":[596],"product_tag":[],"acf":[],"yoast_head":"<!-- This site is optimized with the Yoast SEO plugin v22.8 - https:\/\/yoast.com\/wordpress\/plugins\/seo\/ -->\n<title>NOUVELLES SAVEURS \u00c0 VENIR - CHICA Unusual Blends<\/title>\n<meta name=\"robots\" content=\"index, follow, max-snippet:-1, max-image-preview:large, max-video-preview:-1\" \/>\n<link rel=\"canonical\" href=\"https:\/\/unusualblends.com\/shop\/comprar-bebidas\/nuevos-sabores-proximamente\/\" \/>\n<meta property=\"og:locale\" content=\"fr_FR\" \/>\n<meta property=\"og:type\" content=\"article\" \/>\n<meta property=\"og:title\" content=\"NOUVELLES SAVEURS \u00c0 VENIR - CHICA Unusual Blends\" \/>\n<meta property=\"og:description\" content=\"Chez CHICA, nous croyons au plaisir, \u00e0 l\u2019importance de la joie de vivre dans ce monde o\u00f9 tout est \u00e9ph\u00e9m\u00e8re.  Nous croyons \u00e0 la sublimation des sens, \u00e0 la beaut\u00e9 et \u00e0 la singularit\u00e9 de chaque instant.  Convaincus que dans la diversit\u00e9 r\u00e9side l\u2019essence des plus belles choses, nous recueillons ces m\u00e9langes pour ajouter de la sensualit\u00e9 \u00e0 la vie, avec une expression que seuls quelques \u00e9lus sauront appr\u00e9cier.\" \/>\n<meta property=\"og:url\" content=\"https:\/\/unusualblends.com\/shop\/comprar-bebidas\/nuevos-sabores-proximamente\/\" \/>\n<meta property=\"og:site_name\" content=\"CHICA Unusual Blends\" \/>\n<meta property=\"article:modified_time\" content=\"2020-11-10T09:22:07+00:00\" \/>\n<meta property=\"og:image\" content=\"https:\/\/unusualblends.com\/wp-content\/uploads\/2020\/09\/Caja-mixtos_nuevaimagen.jpg\" \/>\n\t<meta property=\"og:image:width\" content=\"1080\" \/>\n\t<meta property=\"og:image:height\" content=\"1080\" \/>\n\t<meta property=\"og:image:type\" content=\"image\/jpeg\" \/>\n<meta name=\"twitter:card\" content=\"summary_large_image\" \/>\n<script type=\"application\/ld+json\" class=\"yoast-schema-graph\">{\"@context\":\"https:\/\/schema.org\",\"@graph\":[{\"@type\":\"WebPage\",\"@id\":\"https:\/\/unusualblends.com\/shop\/comprar-bebidas\/nuevos-sabores-proximamente\/\",\"url\":\"https:\/\/unusualblends.com\/shop\/comprar-bebidas\/nuevos-sabores-proximamente\/\",\"name\":\"NOUVELLES SAVEURS \u00c0 VENIR - CHICA Unusual Blends\",\"isPartOf\":{\"@id\":\"https:\/\/unusualblends.com\/#website\"},\"primaryImageOfPage\":{\"@id\":\"https:\/\/unusualblends.com\/shop\/comprar-bebidas\/nuevos-sabores-proximamente\/#primaryimage\"},\"image\":{\"@id\":\"https:\/\/unusualblends.com\/shop\/comprar-bebidas\/nuevos-sabores-proximamente\/#primaryimage\"},\"thumbnailUrl\":\"https:\/\/unusualblends.com\/wp-content\/uploads\/2020\/09\/Caja-mixtos_nuevaimagen.jpg\",\"datePublished\":\"2020-09-07T22:45:29+00:00\",\"dateModified\":\"2020-11-10T09:22:07+00:00\",\"breadcrumb\":{\"@id\":\"https:\/\/unusualblends.com\/shop\/comprar-bebidas\/nuevos-sabores-proximamente\/#breadcrumb\"},\"inLanguage\":\"fr-FR\",\"potentialAction\":[{\"@type\":\"ReadAction\",\"target\":[\"https:\/\/unusualblends.com\/shop\/comprar-bebidas\/nuevos-sabores-proximamente\/\"]}]},{\"@type\":\"ImageObject\",\"inLanguage\":\"fr-FR\",\"@id\":\"https:\/\/unusualblends.com\/shop\/comprar-bebidas\/nuevos-sabores-proximamente\/#primaryimage\",\"url\":\"https:\/\/unusualblends.com\/wp-content\/uploads\/2020\/09\/Caja-mixtos_nuevaimagen.jpg\",\"contentUrl\":\"https:\/\/unusualblends.com\/wp-content\/uploads\/2020\/09\/Caja-mixtos_nuevaimagen.jpg\",\"width\":1080,\"height\":1080,\"caption\":\"Caja Pack mixto\"},{\"@type\":\"BreadcrumbList\",\"@id\":\"https:\/\/unusualblends.com\/shop\/comprar-bebidas\/nuevos-sabores-proximamente\/#breadcrumb\",\"itemListElement\":[{\"@type\":\"ListItem\",\"position\":1,\"name\":\"Portada\",\"item\":\"https:\/\/unusualblends.com\/fr\/\"},{\"@type\":\"ListItem\",\"position\":2,\"name\":\"Shop\",\"item\":\"https:\/\/unusualblends.com\/fr\/shop\/\"},{\"@type\":\"ListItem\",\"position\":3,\"name\":\"NOUVELLES SAVEURS \u00c0 VENIR\"}]},{\"@type\":\"WebSite\",\"@id\":\"https:\/\/unusualblends.com\/#website\",\"url\":\"https:\/\/unusualblends.com\/\",\"name\":\"CHICA Unusual Blends\",\"description\":\"Infusi\u00f3n Ecol\u00f3gica Premium\",\"publisher\":{\"@id\":\"https:\/\/unusualblends.com\/#organization\"},\"potentialAction\":[{\"@type\":\"SearchAction\",\"target\":{\"@type\":\"EntryPoint\",\"urlTemplate\":\"https:\/\/unusualblends.com\/?s={search_term_string}\"},\"query-input\":\"required name=search_term_string\"}],\"inLanguage\":\"fr-FR\"},{\"@type\":\"Organization\",\"@id\":\"https:\/\/unusualblends.com\/#organization\",\"name\":\"CHICA Unusual Blends\",\"url\":\"https:\/\/unusualblends.com\/\",\"logo\":{\"@type\":\"ImageObject\",\"inLanguage\":\"fr-FR\",\"@id\":\"https:\/\/unusualblends.com\/#\/schema\/logo\/image\/\",\"url\":\"https:\/\/unusualblends.com\/wp-content\/uploads\/2018\/06\/image.png\",\"contentUrl\":\"https:\/\/unusualblends.com\/wp-content\/uploads\/2018\/06\/image.png\",\"width\":418,\"height\":81,\"caption\":\"CHICA Unusual Blends\"},\"image\":{\"@id\":\"https:\/\/unusualblends.com\/#\/schema\/logo\/image\/\"}}]}<\/script>\n<!-- \/ Yoast SEO plugin. -->","yoast_head_json":{"title":"NOUVELLES SAVEURS \u00c0 VENIR - CHICA Unusual Blends","robots":{"index":"index","follow":"follow","max-snippet":"max-snippet:-1","max-image-preview":"max-image-preview:large","max-video-preview":"max-video-preview:-1"},"canonical":"https:\/\/unusualblends.com\/shop\/comprar-bebidas\/nuevos-sabores-proximamente\/","og_locale":"fr_FR","og_type":"article","og_title":"NOUVELLES SAVEURS \u00c0 VENIR - CHICA Unusual Blends","og_description":"Chez CHICA, nous croyons au plaisir, \u00e0 l\u2019importance de la joie de vivre dans ce monde o\u00f9 tout est \u00e9ph\u00e9m\u00e8re.  Nous croyons \u00e0 la sublimation des sens, \u00e0 la beaut\u00e9 et \u00e0 la singularit\u00e9 de chaque instant.  Convaincus que dans la diversit\u00e9 r\u00e9side l\u2019essence des plus belles choses, nous recueillons ces m\u00e9langes pour ajouter de la sensualit\u00e9 \u00e0 la vie, avec une expression que seuls quelques \u00e9lus sauront appr\u00e9cier.","og_url":"https:\/\/unusualblends.com\/shop\/comprar-bebidas\/nuevos-sabores-proximamente\/","og_site_name":"CHICA Unusual Blends","article_modified_time":"2020-11-10T09:22:07+00:00","og_image":[{"width":1080,"height":1080,"url":"https:\/\/unusualblends.com\/wp-content\/uploads\/2020\/09\/Caja-mixtos_nuevaimagen.jpg","type":"image\/jpeg"}],"twitter_card":"summary_large_image","schema":{"@context":"https:\/\/schema.org","@graph":[{"@type":"WebPage","@id":"https:\/\/unusualblends.com\/shop\/comprar-bebidas\/nuevos-sabores-proximamente\/","url":"https:\/\/unusualblends.com\/shop\/comprar-bebidas\/nuevos-sabores-proximamente\/","name":"NOUVELLES SAVEURS \u00c0 VENIR - CHICA Unusual Blends","isPartOf":{"@id":"https:\/\/unusualblends.com\/#website"},"primaryImageOfPage":{"@id":"https:\/\/unusualblends.com\/shop\/comprar-bebidas\/nuevos-sabores-proximamente\/#primaryimage"},"image":{"@id":"https:\/\/unusualblends.com\/shop\/comprar-bebidas\/nuevos-sabores-proximamente\/#primaryimage"},"thumbnailUrl":"https:\/\/unusualblends.com\/wp-content\/uploads\/2020\/09\/Caja-mixtos_nuevaimagen.jpg","datePublished":"2020-09-07T22:45:29+00:00","dateModified":"2020-11-10T09:22:07+00:00","breadcrumb":{"@id":"https:\/\/unusualblends.com\/shop\/comprar-bebidas\/nuevos-sabores-proximamente\/#breadcrumb"},"inLanguage":"fr-FR","potentialAction":[{"@type":"ReadAction","target":["https:\/\/unusualblends.com\/shop\/comprar-bebidas\/nuevos-sabores-proximamente\/"]}]},{"@type":"ImageObject","inLanguage":"fr-FR","@id":"https:\/\/unusualblends.com\/shop\/comprar-bebidas\/nuevos-sabores-proximamente\/#primaryimage","url":"https:\/\/unusualblends.com\/wp-content\/uploads\/2020\/09\/Caja-mixtos_nuevaimagen.jpg","contentUrl":"https:\/\/unusualblends.com\/wp-content\/uploads\/2020\/09\/Caja-mixtos_nuevaimagen.jpg","width":1080,"height":1080,"caption":"Caja Pack mixto"},{"@type":"BreadcrumbList","@id":"https:\/\/unusualblends.com\/shop\/comprar-bebidas\/nuevos-sabores-proximamente\/#breadcrumb","itemListElement":[{"@type":"ListItem","position":1,"name":"Portada","item":"https:\/\/unusualblends.com\/fr\/"},{"@type":"ListItem","position":2,"name":"Shop","item":"https:\/\/unusualblends.com\/fr\/shop\/"},{"@type":"ListItem","position":3,"name":"NOUVELLES SAVEURS \u00c0 VENIR"}]},{"@type":"WebSite","@id":"https:\/\/unusualblends.com\/#website","url":"https:\/\/unusualblends.com\/","name":"CHICA Unusual Blends","description":"Infusi\u00f3n Ecol\u00f3gica Premium","publisher":{"@id":"https:\/\/unusualblends.com\/#organization"},"potentialAction":[{"@type":"SearchAction","target":{"@type":"EntryPoint","urlTemplate":"https:\/\/unusualblends.com\/?s={search_term_string}"},"query-input":"required name=search_term_string"}],"inLanguage":"fr-FR"},{"@type":"Organization","@id":"https:\/\/unusualblends.com\/#organization","name":"CHICA Unusual Blends","url":"https:\/\/unusualblends.com\/","logo":{"@type":"ImageObject","inLanguage":"fr-FR","@id":"https:\/\/unusualblends.com\/#\/schema\/logo\/image\/","url":"https:\/\/unusualblends.com\/wp-content\/uploads\/2018\/06\/image.png","contentUrl":"https:\/\/unusualblends.com\/wp-content\/uploads\/2018\/06\/image.png","width":418,"height":81,"caption":"CHICA Unusual Blends"},"image":{"@id":"https:\/\/unusualblends.com\/#\/schema\/logo\/image\/"}}]}},"_links":{"self":[{"href":"https:\/\/unusualblends.com\/fr\/wp-json\/wp\/v2\/product\/4419"}],"collection":[{"href":"https:\/\/unusualblends.com\/fr\/wp-json\/wp\/v2\/product"}],"about":[{"href":"https:\/\/unusualblends.com\/fr\/wp-json\/wp\/v2\/types\/product"}],"replies":[{"embeddable":true,"href":"https:\/\/unusualblends.com\/fr\/wp-json\/wp\/v2\/comments?post=4419"}],"wp:featuredmedia":[{"embeddable":true,"href":"https:\/\/unusualblends.com\/fr\/wp-json\/wp\/v2\/media\/3879"}],"wp:attachment":[{"href":"https:\/\/unusualblends.com\/fr\/wp-json\/wp\/v2\/media?parent=4419"}],"wp:term":[{"taxonomy":"product_cat","embeddable":true,"href":"https:\/\/unusualblends.com\/fr\/wp-json\/wp\/v2\/product_cat?post=4419"},{"taxonomy":"product_tag","embeddable":true,"href":"https:\/\/unusualblends.com\/fr\/wp-json\/wp\/v2\/product_tag?post=4419"}],"curies":[{"name":"wp","href":"https:\/\/api.w.org\/{rel}","templated":true}]}}